{"id":4504,"date":"2018-01-31T16:37:49","date_gmt":"2018-01-31T15:37:49","guid":{"rendered":"https:\/\/www.geoparcoalpicarniche.org\/?page_id=4504"},"modified":"2021-04-26T14:29:46","modified_gmt":"2021-04-26T12:29:46","slug":"eventi-e-news","status":"publish","type":"page","link":"https:\/\/www.geoparcoalpicarniche.org\/it\/eventi-e-news\/","title":{"rendered":"Eventi e News"},"content":{"rendered":"<div id=\"pl-4504\"  class=\"panel-layout\" ><div id=\"pg-4504-0\"  class=\"panel-grid panel-no-style\" ><div id=\"pgc-4504-0-0\"  class=\"panel-grid-cell\" ><div id=\"panel-4504-0-0-0\" class=\"so-panel widget widget_sow-editor panel-first-child panel-last-child\" data-index=\"0\" ><div\n\t\t\t\n\t\t\tclass=\"so-widget-sow-editor so-widget-sow-editor-base\"\n\t\t\t\n\t\t>\n<div class=\"siteorigin-widget-tinymce textwidget\">\n\t<p>Il Geoparco Transfrontaliero delle Alpi Carniche propone numerose attivit\u00e0 per avvicinarsi alla geologia in modo piacevole e divertente, dalle geoescursioni guidate alle attivit\u00e0 didattiche e di animazione per i pi\u00f9 piccoli, dalle mostre alle divertenti geochiacchierate con esperti per soddisfare le proprie curiosit\u00e0 sulle scienze della Terra.<\/p>\n<\/div>\n<\/div><\/div><\/div><\/div><div id=\"pg-4504-1\"  class=\"panel-grid panel-no-style\" ><div id=\"pgc-4504-1-0\"  class=\"panel-grid-cell\" ><div id=\"panel-4504-1-0-0\" class=\"so-panel widget widget_sow-editor panel-first-child panel-last-child\" data-index=\"1\" ><div\n\t\t\t\n\t\t\tclass=\"so-widget-sow-editor so-widget-sow-editor-base\"\n\t\t\t\n\t\t>\n<div class=\"siteorigin-widget-tinymce textwidget\">\n\t<hr class=\"hr--dashed\">\n<\/div>\n<\/div><\/div><\/div><\/div><div id=\"pg-4504-2\"  class=\"panel-grid panel-has-style\" ><div class=\"mb-lg-mobile panel-row-style panel-row-style-for-4504-2\" ><div id=\"pgc-4504-2-0\"  class=\"panel-grid-cell\" ><div class=\"panel-cell-style panel-cell-style-for-4504-2-0\" ><div id=\"panel-4504-2-0-0\" class=\"so-panel widget widget_sow-editor panel-first-child\" data-index=\"2\" ><div class=\"testo panel-widget-style panel-widget-style-for-4504-2-0-0\" ><div\n\t\t\t\n\t\t\tclass=\"so-widget-sow-editor so-widget-sow-editor-base\"\n\t\t\t\n\t\t>\n<div class=\"siteorigin-widget-tinymce textwidget\">\n\t<h3 style=\"font-size: 1.3rem;\">Gli eventi<\/h3>\n<p>Nella stagione invernale vengono proposte soprattutto attivit\u00e0 indoor: geochiacchierate, videoproiezioni, appuntamenti nei musei e nei centri visite. Ogni attivit\u00e0 riporta indicazioni sul grado di difficolt\u00e0, il tema specifico, la durata e il luogo in cui si svolge, all\u2019interno della vasta area del Geoparco transfrontaliero: impossibile non trovare una proposta adatta alle proprie esigenze!<\/p>\n<\/div>\n<\/div><\/div><\/div><div id=\"panel-4504-2-0-1\" class=\"so-panel widget widget_sow-editor panel-last-child\" data-index=\"3\" ><div class=\"testo panel-widget-style panel-widget-style-for-4504-2-0-1\" ><div\n\t\t\t\n\t\t\tclass=\"so-widget-sow-editor so-widget-sow-editor-base\"\n\t\t\t\n\t\t>\n<div class=\"siteorigin-widget-tinymce textwidget\">\n\t<p><a href=\"\/category\/eventi\/\"><strong>Scopri GLI EVENTI<\/strong><\/a><\/p>\n<\/div>\n<\/div><\/div><\/div><\/div><\/div><div id=\"pgc-4504-2-1\"  class=\"panel-grid-cell\" ><div id=\"panel-4504-2-1-0\" class=\"so-panel widget widget_sow-editor panel-first-child panel-last-child\" data-index=\"4\" ><div\n\t\t\t\n\t\t\tclass=\"so-widget-sow-editor so-widget-sow-editor-base\"\n\t\t\t\n\t\t>\n<div class=\"siteorigin-widget-tinymce textwidget\">\n\t<p><a href=\"https:\/\/www.geoparcoalpicarniche.org\/wp-content\/uploads\/2018\/01\/5611_Zollner_See_\u00a9Franz-GERDL_1280.jpg\"><img loading=\"lazy\" decoding=\"async\" class=\"attachment-full size-full\" src=\"https:\/\/www.geoparcoalpicarniche.org\/wp-content\/uploads\/2018\/01\/5611_Zollner_See_\u00a9Franz-GERDL_1280.jpg\" sizes=\"auto, (max-width: 1280px) 100vw, 1280px\" srcset=\"https:\/\/www.geoparcoalpicarniche.org\/wp-content\/uploads\/2018\/01\/5611_Zollner_See_\u00a9Franz-GERDL_1280.jpg 1280w, https:\/\/www.geoparcoalpicarniche.org\/wp-content\/uploads\/2018\/01\/5611_Zollner_See_\u00a9Franz-GERDL_1280-300x169.jpg 300w, https:\/\/www.geoparcoalpicarniche.org\/wp-content\/uploads\/2018\/01\/5611_Zollner_See_\u00a9Franz-GERDL_1280-768x432.jpg 768w, https:\/\/www.geoparcoalpicarniche.org\/wp-content\/uploads\/2018\/01\/5611_Zollner_See_\u00a9Franz-GERDL_1280-1024x576.jpg 1024w, https:\/\/www.geoparcoalpicarniche.org\/wp-content\/uploads\/2018\/01\/5611_Zollner_See_\u00a9Franz-GERDL_1280-428x242.jpg 428w\" alt=\"\" width=\"1280\" height=\"720\"\/><\/a><\/p>\n<\/div>\n<\/div><\/div><\/div><\/div><\/div><div id=\"pg-4504-3\"  class=\"panel-grid panel-has-style\" ><div class=\"mb-lg-mobile panel-row-style panel-row-style-for-4504-3\" ><div id=\"pgc-4504-3-0\"  class=\"panel-grid-cell\" ><div class=\"panel-cell-style panel-cell-style-for-4504-3-0\" ><div id=\"panel-4504-3-0-0\" class=\"so-panel widget widget_sow-editor panel-first-child\" data-index=\"5\" ><div class=\"testo panel-widget-style panel-widget-style-for-4504-3-0-0\" ><div\n\t\t\t\n\t\t\tclass=\"so-widget-sow-editor so-widget-sow-editor-base\"\n\t\t\t\n\t\t>\n<div class=\"siteorigin-widget-tinymce textwidget\">\n\t<h3 style=\"font-size: 1.3rem;\">Le News<\/h3>\n<p>Il Geoparco informa i suoi utenti sulle novit\u00e0 geologiche del suo territorio ma anche del mondo: un vero servizio di aggiornamento tematico! Eventi particolari, notizie dai media, nuove scoperte scientifiche, rassegna stampa, curiosit\u00e0 geopaleontologiche sono raccolte in questa sezione.<\/p>\n<\/div>\n<\/div><\/div><\/div><div id=\"panel-4504-3-0-1\" class=\"so-panel widget widget_sow-editor panel-last-child\" data-index=\"6\" ><div class=\"testo panel-widget-style panel-widget-style-for-4504-3-0-1\" ><div\n\t\t\t\n\t\t\tclass=\"so-widget-sow-editor so-widget-sow-editor-base\"\n\t\t\t\n\t\t>\n<div class=\"siteorigin-widget-tinymce textwidget\">\n\t<p><a href=\"\/category\/news\/\"><strong>Scopri LE NEWS<\/strong><\/a><\/p>\n<\/div>\n<\/div><\/div><\/div><\/div><\/div><div id=\"pgc-4504-3-1\"  class=\"panel-grid-cell\" ><div id=\"panel-4504-3-1-0\" class=\"so-panel widget widget_sow-editor panel-first-child panel-last-child\" data-index=\"7\" ><div\n\t\t\t\n\t\t\tclass=\"so-widget-sow-editor so-widget-sow-editor-base\"\n\t\t\t\n\t\t>\n<div class=\"siteorigin-widget-tinymce textwidget\">\n\t<p><a href=\"https:\/\/www.geoparcoalpicarniche.org\/wp-content\/uploads\/2018\/01\/DSC_0028_Schlackensteine_1280w.jpg\"><img loading=\"lazy\" decoding=\"async\" class=\"attachment-full size-full\" src=\"https:\/\/www.geoparcoalpicarniche.org\/wp-content\/uploads\/2018\/01\/DSC_0028_Schlackensteine_1280w.jpg\" sizes=\"auto, (max-width: 1280px) 100vw, 1280px\" srcset=\"https:\/\/www.geoparcoalpicarniche.org\/wp-content\/uploads\/2018\/01\/DSC_0028_Schlackensteine_1280w.jpg 1280w, https:\/\/www.geoparcoalpicarniche.org\/wp-content\/uploads\/2018\/01\/DSC_0028_Schlackensteine_1280w-300x169.jpg 300w, https:\/\/www.geoparcoalpicarniche.org\/wp-content\/uploads\/2018\/01\/DSC_0028_Schlackensteine_1280w-768x432.jpg 768w, https:\/\/www.geoparcoalpicarniche.org\/wp-content\/uploads\/2018\/01\/DSC_0028_Schlackensteine_1280w-1024x576.jpg 1024w, https:\/\/www.geoparcoalpicarniche.org\/wp-content\/uploads\/2018\/01\/DSC_0028_Schlackensteine_1280w-428x242.jpg 428w\" alt=\"\" width=\"1280\" height=\"720\" \/><\/a><\/p>\n<\/div>\n<\/div><\/div><\/div><\/div><\/div><div id=\"pg-4504-4\"  class=\"panel-grid panel-no-style\" ><div id=\"pgc-4504-4-0\"  class=\"panel-grid-cell\" ><div id=\"panel-4504-4-0-0\" class=\"so-panel widget widget_sow-editor panel-first-child panel-last-child\" data-index=\"8\" ><div\n\t\t\t\n\t\t\tclass=\"so-widget-sow-editor so-widget-sow-editor-base\"\n\t\t\t\n\t\t>\n<div class=\"siteorigin-widget-tinymce textwidget\">\n\t<hr class=\"hr--dashed\">\n<\/div>\n<\/div><\/div><\/div><\/div><\/div>","protected":false},"excerpt":{"rendered":"<p>Il Geoparco Transfrontaliero delle Alpi Carniche propone numerose attivit\u00e0 per avvicinarsi alla geologia in modo piacevole e divertente, dalle geoescursioni guidate alle attivit\u00e0 didattiche e di animazione per i pi\u00f9 piccoli, dalle mostre alle divertenti geochiacchierate con esperti per soddisfare le proprie curiosit\u00e0 sulle scienze della Terra.<\/p>\n","protected":false},"author":2,"featured_media":0,"parent":0,"menu_order":11,"comment_status":"closed","ping_status":"closed","template":"","meta":{"_acf_changed":false,"inline_featured_image":false,"ngg_post_thumbnail":0,"footnotes":""},"class_list":{"0":"post-4504","1":"page","2":"type-page","3":"status-publish","5":"clearfix","6":"article"},"acf":[],"yoast_head":"<!-- This site is optimized with the Yoast SEO plugin v27.3 - https:\/\/yoast.com\/product\/yoast-seo-wordpress\/ -->\n<title>Eventi e News - Geoparco Alpi Carniche<\/title>\n<meta name=\"robots\" content=\"index, follow, max-snippet:-1, max-image-preview:large, max-video-preview:-1\" \/>\n<link rel=\"canonical\" href=\"https:\/\/www.geoparcoalpicarniche.org\/it\/eventi-e-news\/\" \/>\n<meta property=\"og:locale\" content=\"it_IT\" \/>\n<meta property=\"og:type\" content=\"article\" \/>\n<meta property=\"og:title\" content=\"Eventi e News - Geoparco Alpi Carniche\" \/>\n<meta property=\"og:description\" content=\"Il Geoparco Transfrontaliero delle Alpi Carniche propone numerose attivit\u00e0 per avvicinarsi alla geologia in modo piacevole e divertente, dalle geoescursioni guidate alle attivit\u00e0 didattiche e di animazione per i pi\u00f9 piccoli, dalle mostre alle divertenti geochiacchierate con esperti per soddisfare le proprie curiosit\u00e0 sulle scienze della Terra.\" \/>\n<meta property=\"og:url\" content=\"https:\/\/www.geoparcoalpicarniche.org\/it\/eventi-e-news\/\" \/>\n<meta property=\"og:site_name\" content=\"Geoparco Alpi Carniche\" \/>\n<meta property=\"article:modified_time\" content=\"2021-04-26T12:29:46+00:00\" \/>\n<meta property=\"og:image\" content=\"https:\/\/www.geoparcoalpicarniche.org\/wp-content\/uploads\/2018\/01\/5611_Zollner_See_\u00a9Franz-GERDL_1280.jpg\" \/>\n<meta name=\"twitter:card\" content=\"summary_large_image\" \/>\n<meta name=\"twitter:label1\" content=\"Tempo di lettura stimato\" \/>\n\t<meta name=\"twitter:data1\" content=\"1 minuto\" \/>\n<script type=\"application\/ld+json\" class=\"yoast-schema-graph\">{\"@context\":\"https:\\\/\\\/schema.org\",\"@graph\":[{\"@type\":\"WebPage\",\"@id\":\"https:\\\/\\\/www.geoparcoalpicarniche.org\\\/it\\\/eventi-e-news\\\/\",\"url\":\"https:\\\/\\\/www.geoparcoalpicarniche.org\\\/it\\\/eventi-e-news\\\/\",\"name\":\"Eventi e News - Geoparco Alpi Carniche\",\"isPartOf\":{\"@id\":\"https:\\\/\\\/www.geoparcoalpicarniche.org\\\/it\\\/#website\"},\"primaryImageOfPage\":{\"@id\":\"https:\\\/\\\/www.geoparcoalpicarniche.org\\\/it\\\/eventi-e-news\\\/#primaryimage\"},\"image\":{\"@id\":\"https:\\\/\\\/www.geoparcoalpicarniche.org\\\/it\\\/eventi-e-news\\\/#primaryimage\"},\"thumbnailUrl\":\"https:\\\/\\\/www.geoparcoalpicarniche.org\\\/wp-content\\\/uploads\\\/2018\\\/01\\\/DSC_0028_Schlackensteine_1280w.jpg\",\"datePublished\":\"2018-01-31T15:37:49+00:00\",\"dateModified\":\"2021-04-26T12:29:46+00:00\",\"breadcrumb\":{\"@id\":\"https:\\\/\\\/www.geoparcoalpicarniche.org\\\/it\\\/eventi-e-news\\\/#breadcrumb\"},\"inLanguage\":\"it-IT\",\"potentialAction\":[{\"@type\":\"ReadAction\",\"target\":[\"https:\\\/\\\/www.geoparcoalpicarniche.org\\\/it\\\/eventi-e-news\\\/\"]}]},{\"@type\":\"ImageObject\",\"inLanguage\":\"it-IT\",\"@id\":\"https:\\\/\\\/www.geoparcoalpicarniche.org\\\/it\\\/eventi-e-news\\\/#primaryimage\",\"url\":\"https:\\\/\\\/www.geoparcoalpicarniche.org\\\/wp-content\\\/uploads\\\/2018\\\/01\\\/DSC_0028_Schlackensteine_1280w.jpg\",\"contentUrl\":\"https:\\\/\\\/www.geoparcoalpicarniche.org\\\/wp-content\\\/uploads\\\/2018\\\/01\\\/DSC_0028_Schlackensteine_1280w.jpg\"},{\"@type\":\"BreadcrumbList\",\"@id\":\"https:\\\/\\\/www.geoparcoalpicarniche.org\\\/it\\\/eventi-e-news\\\/#breadcrumb\",\"itemListElement\":[{\"@type\":\"ListItem\",\"position\":1,\"name\":\"Home\",\"item\":\"https:\\\/\\\/www.geoparcoalpicarniche.org\\\/it\\\/\"},{\"@type\":\"ListItem\",\"position\":2,\"name\":\"Eventi e News\"}]},{\"@type\":\"WebSite\",\"@id\":\"https:\\\/\\\/www.geoparcoalpicarniche.org\\\/it\\\/#website\",\"url\":\"https:\\\/\\\/www.geoparcoalpicarniche.org\\\/it\\\/\",\"name\":\"Geoparco Alpi Carniche\",\"description\":\"Custode del patrimonio geologico transfrontaliero\",\"potentialAction\":[{\"@type\":\"SearchAction\",\"target\":{\"@type\":\"EntryPoint\",\"urlTemplate\":\"https:\\\/\\\/www.geoparcoalpicarniche.org\\\/it\\\/?s={search_term_string}\"},\"query-input\":{\"@type\":\"PropertyValueSpecification\",\"valueRequired\":true,\"valueName\":\"search_term_string\"}}],\"inLanguage\":\"it-IT\"}]}<\/script>\n<!-- \/ Yoast SEO plugin. -->","yoast_head_json":{"title":"Eventi e News - Geoparco Alpi Carniche","robots":{"index":"index","follow":"follow","max-snippet":"max-snippet:-1","max-image-preview":"max-image-preview:large","max-video-preview":"max-video-preview:-1"},"canonical":"https:\/\/www.geoparcoalpicarniche.org\/it\/eventi-e-news\/","og_locale":"it_IT","og_type":"article","og_title":"Eventi e News - Geoparco Alpi Carniche","og_description":"Il Geoparco Transfrontaliero delle Alpi Carniche propone numerose attivit\u00e0 per avvicinarsi alla geologia in modo piacevole e divertente, dalle geoescursioni guidate alle attivit\u00e0 didattiche e di animazione per i pi\u00f9 piccoli, dalle mostre alle divertenti geochiacchierate con esperti per soddisfare le proprie curiosit\u00e0 sulle scienze della Terra.","og_url":"https:\/\/www.geoparcoalpicarniche.org\/it\/eventi-e-news\/","og_site_name":"Geoparco Alpi Carniche","article_modified_time":"2021-04-26T12:29:46+00:00","og_image":[{"url":"https:\/\/www.geoparcoalpicarniche.org\/wp-content\/uploads\/2018\/01\/5611_Zollner_See_\u00a9Franz-GERDL_1280.jpg","type":"","width":"","height":""}],"twitter_card":"summary_large_image","twitter_misc":{"Tempo di lettura stimato":"1 minuto"},"schema":{"@context":"https:\/\/schema.org","@graph":[{"@type":"WebPage","@id":"https:\/\/www.geoparcoalpicarniche.org\/it\/eventi-e-news\/","url":"https:\/\/www.geoparcoalpicarniche.org\/it\/eventi-e-news\/","name":"Eventi e News - Geoparco Alpi Carniche","isPartOf":{"@id":"https:\/\/www.geoparcoalpicarniche.org\/it\/#website"},"primaryImageOfPage":{"@id":"https:\/\/www.geoparcoalpicarniche.org\/it\/eventi-e-news\/#primaryimage"},"image":{"@id":"https:\/\/www.geoparcoalpicarniche.org\/it\/eventi-e-news\/#primaryimage"},"thumbnailUrl":"https:\/\/www.geoparcoalpicarniche.org\/wp-content\/uploads\/2018\/01\/DSC_0028_Schlackensteine_1280w.jpg","datePublished":"2018-01-31T15:37:49+00:00","dateModified":"2021-04-26T12:29:46+00:00","breadcrumb":{"@id":"https:\/\/www.geoparcoalpicarniche.org\/it\/eventi-e-news\/#breadcrumb"},"inLanguage":"it-IT","potentialAction":[{"@type":"ReadAction","target":["https:\/\/www.geoparcoalpicarniche.org\/it\/eventi-e-news\/"]}]},{"@type":"ImageObject","inLanguage":"it-IT","@id":"https:\/\/www.geoparcoalpicarniche.org\/it\/eventi-e-news\/#primaryimage","url":"https:\/\/www.geoparcoalpicarniche.org\/wp-content\/uploads\/2018\/01\/DSC_0028_Schlackensteine_1280w.jpg","contentUrl":"https:\/\/www.geoparcoalpicarniche.org\/wp-content\/uploads\/2018\/01\/DSC_0028_Schlackensteine_1280w.jpg"},{"@type":"BreadcrumbList","@id":"https:\/\/www.geoparcoalpicarniche.org\/it\/eventi-e-news\/#breadcrumb","itemListElement":[{"@type":"ListItem","position":1,"name":"Home","item":"https:\/\/www.geoparcoalpicarniche.org\/it\/"},{"@type":"ListItem","position":2,"name":"Eventi e News"}]},{"@type":"WebSite","@id":"https:\/\/www.geoparcoalpicarniche.org\/it\/#website","url":"https:\/\/www.geoparcoalpicarniche.org\/it\/","name":"Geoparco Alpi Carniche","description":"Custode del patrimonio geologico transfrontaliero","potentialAction":[{"@type":"SearchAction","target":{"@type":"EntryPoint","urlTemplate":"https:\/\/www.geoparcoalpicarniche.org\/it\/?s={search_term_string}"},"query-input":{"@type":"PropertyValueSpecification","valueRequired":true,"valueName":"search_term_string"}}],"inLanguage":"it-IT"}]}},"_links":{"self":[{"href":"https:\/\/www.geoparcoalpicarniche.org\/it\/wp-json\/wp\/v2\/pages\/4504","targetHints":{"allow":["GET"]}}],"collection":[{"href":"https:\/\/www.geoparcoalpicarniche.org\/it\/wp-json\/wp\/v2\/pages"}],"about":[{"href":"https:\/\/www.geoparcoalpicarniche.org\/it\/wp-json\/wp\/v2\/types\/page"}],"author":[{"embeddable":true,"href":"https:\/\/www.geoparcoalpicarniche.org\/it\/wp-json\/wp\/v2\/users\/2"}],"replies":[{"embeddable":true,"href":"https:\/\/www.geoparcoalpicarniche.org\/it\/wp-json\/wp\/v2\/comments?post=4504"}],"version-history":[{"count":5,"href":"https:\/\/www.geoparcoalpicarniche.org\/it\/wp-json\/wp\/v2\/pages\/4504\/revisions"}],"predecessor-version":[{"id":12642,"href":"https:\/\/www.geoparcoalpicarniche.org\/it\/wp-json\/wp\/v2\/pages\/4504\/revisions\/12642"}],"wp:attachment":[{"href":"https:\/\/www.geoparcoalpicarniche.org\/it\/wp-json\/wp\/v2\/media?parent=4504"}],"curies":[{"name":"wp","href":"https:\/\/api.w.org\/{rel}","templated":true}]}}