{"id":4403,"date":"2018-01-31T09:14:03","date_gmt":"2018-01-31T08:14:03","guid":{"rendered":"https:\/\/www.geoparcoalpicarniche.org\/?page_id=4403"},"modified":"2021-01-28T16:04:31","modified_gmt":"2021-01-28T15:04:31","slug":"geomorfologia","status":"publish","type":"page","link":"https:\/\/www.geoparcoalpicarniche.org\/it\/il-territorio\/geomorfologia\/","title":{"rendered":"Geomorfologia"},"content":{"rendered":"<div id=\"pl-4403\"  class=\"panel-layout\" ><div id=\"pg-4403-0\"  class=\"panel-grid panel-no-style\" ><div id=\"pgc-4403-0-0\"  class=\"panel-grid-cell\" ><div id=\"panel-4403-0-0-0\" class=\"so-panel widget widget_nav_menu panel-first-child panel-last-child\" data-index=\"0\" ><div class=\"menu-territorio-container\"><ul id=\"menu-territorio\" class=\"menu\"><li id=\"menu-item-4668\" class=\"menu-item menu-item-type-post_type menu-item-object-page menu-item-has-children menu-item-4668\"><a href=\"https:\/\/www.geoparcoalpicarniche.org\/it\/il-territorio\/\">Il territorio<\/a>\n<ul class=\"sub-menu\">\n\t<li id=\"menu-item-2032\" class=\"menu-item menu-item-type-post_type menu-item-object-page menu-item-2032\"><a href=\"https:\/\/www.geoparcoalpicarniche.org\/it\/il-territorio\/evoluzione-geologica\/\">Evoluzione geologica<\/a><\/li>\n\t<li id=\"menu-item-4525\" class=\"menu-item menu-item-type-post_type menu-item-object-page menu-item-has-children menu-item-4525\"><a href=\"https:\/\/www.geoparcoalpicarniche.org\/it\/il-territorio\/geomorfologia\/\">Geomorfologia<\/a>\n\t<ul class=\"sub-menu\">\n\t\t<li id=\"menu-item-12197\" class=\"menu-item menu-item-type-post_type menu-item-object-page menu-item-12197\"><a href=\"https:\/\/www.geoparcoalpicarniche.org\/it\/il-territorio\/carsismo\/morfologie-fluviali\/\">Morfologie fluviali<\/a><\/li>\n\t\t<li id=\"menu-item-12196\" class=\"menu-item menu-item-type-post_type menu-item-object-page menu-item-12196\"><a href=\"https:\/\/www.geoparcoalpicarniche.org\/it\/il-territorio\/carsismo\/morfologie-glaciali-e-periglaciali\/\">Morfologie glaciali e periglaciali<\/a><\/li>\n\t\t<li id=\"menu-item-12195\" class=\"menu-item menu-item-type-post_type menu-item-object-page menu-item-12195\"><a href=\"https:\/\/www.geoparcoalpicarniche.org\/it\/il-territorio\/carsismo\/evoluzione-dei-versanti\/\">Evoluzione dei versanti<\/a><\/li>\n\t\t<li id=\"menu-item-4671\" class=\"menu-item menu-item-type-post_type menu-item-object-page menu-item-4671\"><a href=\"https:\/\/www.geoparcoalpicarniche.org\/it\/il-territorio\/carsismo\/forre\/\">Forre<\/a><\/li>\n\t<\/ul>\n<\/li>\n\t<li id=\"menu-item-3060\" class=\"menu-item menu-item-type-post_type menu-item-object-page menu-item-has-children menu-item-3060\"><a href=\"https:\/\/www.geoparcoalpicarniche.org\/it\/il-territorio\/paleontologia\/\">Paleontologia<\/a>\n\t<ul class=\"sub-menu\">\n\t\t<li id=\"menu-item-4667\" class=\"menu-item menu-item-type-post_type menu-item-object-page menu-item-4667\"><a href=\"https:\/\/www.geoparcoalpicarniche.org\/it\/il-territorio\/paleontologia\/fossili\/\">Fossili<\/a><\/li>\n\t<\/ul>\n<\/li>\n\t<li id=\"menu-item-3059\" class=\"menu-item menu-item-type-post_type menu-item-object-page menu-item-3059\"><a href=\"https:\/\/www.geoparcoalpicarniche.org\/it\/il-territorio\/geositi\/\">Geositi<\/a><\/li>\n\t<li id=\"menu-item-5995\" class=\"menu-item menu-item-type-post_type menu-item-object-page menu-item-5995\"><a href=\"https:\/\/www.geoparcoalpicarniche.org\/it\/il-territorio\/geotopi\/\">Geotopi<\/a><\/li>\n\t<li id=\"menu-item-3061\" class=\"menu-item menu-item-type-post_type menu-item-object-page menu-item-has-children menu-item-3061\"><a href=\"https:\/\/www.geoparcoalpicarniche.org\/it\/il-territorio\/carsismo\/\">Carsismo<\/a>\n\t<ul class=\"sub-menu\">\n\t\t<li id=\"menu-item-4669\" class=\"menu-item menu-item-type-post_type menu-item-object-page menu-item-4669\"><a href=\"https:\/\/www.geoparcoalpicarniche.org\/it\/il-territorio\/carsismo\/grotte\/\">Grotte<\/a><\/li>\n\t\t<li id=\"menu-item-4670\" class=\"menu-item menu-item-type-post_type menu-item-object-page menu-item-4670\"><a href=\"https:\/\/www.geoparcoalpicarniche.org\/it\/il-territorio\/carsismo\/campi-solcati\/\">Campi solcati<\/a><\/li>\n\t<\/ul>\n<\/li>\n\t<li id=\"menu-item-4526\" class=\"menu-item menu-item-type-post_type menu-item-object-page menu-item-4526\"><a href=\"https:\/\/www.geoparcoalpicarniche.org\/it\/il-territorio\/siti-minerari\/\">Cave e Miniere<\/a><\/li>\n\t<li id=\"menu-item-7216\" class=\"menu-item menu-item-type-post_type menu-item-object-page menu-item-7216\"><a href=\"https:\/\/www.geoparcoalpicarniche.org\/it\/il-territorio\/pubblicazioni-scaricabili\/\">Pubblicazioni scaricabili<\/a><\/li>\n<\/ul>\n<\/li>\n<\/ul><\/div><\/div><\/div><div id=\"pgc-4403-0-1\"  class=\"panel-grid-cell\" ><div class=\"paddingContentWithSidebar panel-cell-style panel-cell-style-for-4403-0-1\" ><div id=\"panel-4403-0-1-0\" class=\"so-panel widget widget_text panel-first-child panel-last-child\" data-index=\"1\" ><h3 class=\"widget-title\"><span class=\"widget-title__inline\">Il territorio del Geoparco: l\u2019Orogenesi Alpina e il modellamento del territorio<\/span><\/h3>\t\t\t<div class=\"textwidget\"><p>Il paesaggio che ci circonda \u00e8 il risultato di una serie di fenomeni che hanno agito e agiscono nel tempo modellandolo, e che possono essere raggruppati in <strong>processi endogeni, <\/strong>ossia causati da eventi tettonici, sismici, vulcanici, e <strong>processi esogeni <\/strong>che avvengono in superficie, legati all\u2019azione dell\u2019atmosfera, dell\u2019idrosfera e della biosfera.<\/p>\n<p>Il Geoparco delle Alpi Carniche si colloca nel settore orientale delle Alpi. Questa catena montuosa \u00e8 il risultato del processo endogeno noto come <strong>Orogenesi Alpina<\/strong>, cio\u00e8 lo scontro, cominciato circa 40 milioni di anni fa e tutt\u2019oggi in corso, tra la placca Africana e la placca Europea. Le rocce coinvolte, formatesi anche centinaia di milioni di anni prima in ambienti totalmente diversi, sono state sollevate e dislocate nella loro posizione attuale e, contestualmente all\u2019innalzamento, \u00e8 iniziato il loro modellamento.<\/p>\n<p><a href=\"https:\/\/www.geoparcoalpicarniche.org\/wp-content\/uploads\/2020\/11\/HP_1_Das_Moor_low.jpg\"><img loading=\"lazy\" decoding=\"async\" class=\"aligncenter wp-image-11761 size-large\" src=\"https:\/\/www.geoparcoalpicarniche.org\/wp-content\/uploads\/2020\/11\/HP_1_Das_Moor_low-1024x681.jpg\" alt=\"HP_1_Das_Moor_low\" width=\"1024\" height=\"681\" srcset=\"https:\/\/www.geoparcoalpicarniche.org\/wp-content\/uploads\/2020\/11\/HP_1_Das_Moor_low-1024x681.jpg 1024w, https:\/\/www.geoparcoalpicarniche.org\/wp-content\/uploads\/2020\/11\/HP_1_Das_Moor_low-300x199.jpg 300w, https:\/\/www.geoparcoalpicarniche.org\/wp-content\/uploads\/2020\/11\/HP_1_Das_Moor_low-768x511.jpg 768w, https:\/\/www.geoparcoalpicarniche.org\/wp-content\/uploads\/2020\/11\/HP_1_Das_Moor_low-1536x1021.jpg 1536w, https:\/\/www.geoparcoalpicarniche.org\/wp-content\/uploads\/2020\/11\/HP_1_Das_Moor_low-2048x1362.jpg 2048w, https:\/\/www.geoparcoalpicarniche.org\/wp-content\/uploads\/2020\/11\/HP_1_Das_Moor_low-272x182.jpg 272w\" sizes=\"auto, (max-width: 1024px) 100vw, 1024px\" \/><\/a><\/p>\n<p>Ai fenomeni di sollevamento legati all\u2019Orogenesi Alpina sono legati i processi esogeni di <strong>erosione<\/strong>, <strong>trasporto<\/strong> e <strong>sedimentazione<\/strong> che hanno portano alla disgregazione delle rocce e alla demolizione dei rilievi; i materiali erosi, per azione della forza di gravit\u00e0, sono stati trasportati da luoghi pi\u00f9 elevati a luoghi meno elevati ed infine depositati. Si sono create cos\u00ec <strong>forme di erosione <\/strong>(circhi glaciali, valli a \u201cU\u201d, forre\u2026), <strong>forme di accumulo <\/strong>(morene deposte, terrazzi fluviali, coni detritici), <strong>forme di erosione scavate su forme di accumulo<\/strong> (le piramidi di terra, terrazzi fluviali, \u2026) e <strong>forme di accumulo provvisorio<\/strong> durante le fasi di trasporto.<\/p>\n<p>L\u2019efficacia dei processi di erosione ad opera degli agenti morfogenetici, in particolare le acque libere e incanalate e i ghiacciai, hanno agito in modo diverso su substrati diversi<strong>; <\/strong>ad esempio nelle rocce pi\u00f9 compatte hanno dato luogo a forme pi\u00f9 aspre, nelle rocce pi\u00f9 tenere a forme pi\u00f9 morbide. Particolarmente evidenti nell\u2019area del Geoparco sono le morfologie connesse all\u2019<strong>azione dei ghiacciai <\/strong>del Quaternario, all\u2019<strong>azione delle acque correnti <\/strong>e all\u2019<strong>evoluzione dinamica dei versanti. <\/strong>Dove il substrato \u00e8 costituito da rocce calcaree o evaporitiche sono inoltre presenti <strong>morfologie carsiche<\/strong>.<\/p>\n<p>Molti di questi processi sono inarrestabili, quindi anche <strong>il paesaggio \u00e8 in continua evoluzione<\/strong>. Nei luoghi in cui prevalgono i fenomeni di erosione le nuove forme tendono a modificare e cancellare le forme preesistenti, mentre nei luoghi in cui prevalgono i fenomeni di accumulo i nuovi depositi tendono a seppellire le forme e i depositi preesistenti.<\/p>\n<p><a href=\"https:\/\/www.geoparcoalpicarniche.org\/wp-content\/uploads\/2020\/11\/Amariana-e-Strabut-da-Verzegnis.jpg\"><img loading=\"lazy\" decoding=\"async\" class=\"wp-image-11701 size-large aligncenter\" src=\"https:\/\/www.geoparcoalpicarniche.org\/wp-content\/uploads\/2020\/11\/Amariana-e-Strabut-da-Verzegnis-1024x540.jpg\" alt=\"\" width=\"1024\" height=\"540\" srcset=\"https:\/\/www.geoparcoalpicarniche.org\/wp-content\/uploads\/2020\/11\/Amariana-e-Strabut-da-Verzegnis-1024x540.jpg 1024w, https:\/\/www.geoparcoalpicarniche.org\/wp-content\/uploads\/2020\/11\/Amariana-e-Strabut-da-Verzegnis-300x158.jpg 300w, https:\/\/www.geoparcoalpicarniche.org\/wp-content\/uploads\/2020\/11\/Amariana-e-Strabut-da-Verzegnis-768x405.jpg 768w, https:\/\/www.geoparcoalpicarniche.org\/wp-content\/uploads\/2020\/11\/Amariana-e-Strabut-da-Verzegnis-1536x810.jpg 1536w, https:\/\/www.geoparcoalpicarniche.org\/wp-content\/uploads\/2020\/11\/Amariana-e-Strabut-da-Verzegnis.jpg 1772w\" sizes=\"auto, (max-width: 1024px) 100vw, 1024px\" \/><\/a><\/p>\n<p>&nbsp;<\/p>\n<p>&nbsp;<\/p>\n<p>&nbsp;<\/p>\n<p>&nbsp;<\/p>\n<\/div>\n\t\t<\/div><\/div><\/div><\/div><\/div>","protected":false},"excerpt":{"rendered":"<p>Il paesaggio che ci circonda \u00e8 il risultato di una serie di fenomeni che hanno agito e agiscono nel tempo modellandolo, e che possono essere raggruppati in processi endogeni, ossia causati da eventi tettonici, sismici, vulcanici, e processi esogeni che avvengono in superficie, legati all\u2019azione dell\u2019atmosfera, dell\u2019idrosfera e della biosfera. &hellip;<\/p>\n","protected":false},"author":2,"featured_media":0,"parent":4065,"menu_order":71,"comment_status":"closed","ping_status":"closed","template":"","meta":{"_acf_changed":false,"inline_featured_image":false,"ngg_post_thumbnail":0,"footnotes":""},"class_list":{"0":"post-4403","1":"page","2":"type-page","3":"status-publish","5":"clearfix","6":"article"},"acf":[],"yoast_head":"<!-- This site is optimized with the Yoast SEO plugin v27.6 - https:\/\/yoast.com\/product\/yoast-seo-wordpress\/ -->\n<title>Geomorfologia - Geoparco Alpi Carniche<\/title>\n<meta name=\"robots\" content=\"index, follow, max-snippet:-1, max-image-preview:large, max-video-preview:-1\" \/>\n<link rel=\"canonical\" href=\"https:\/\/www.geoparcoalpicarniche.org\/it\/il-territorio\/geomorfologia\/\" \/>\n<meta property=\"og:locale\" content=\"it_IT\" \/>\n<meta property=\"og:type\" content=\"article\" \/>\n<meta property=\"og:title\" content=\"Geomorfologia - Geoparco Alpi Carniche\" \/>\n<meta property=\"og:description\" content=\"Il paesaggio che ci circonda \u00e8 il risultato di una serie di fenomeni che hanno agito e agiscono nel tempo modellandolo, e che possono essere raggruppati in processi endogeni, ossia causati da eventi tettonici, sismici, vulcanici, e processi esogeni che avvengono in superficie, legati all\u2019azione dell\u2019atmosfera, dell\u2019idrosfera e della biosfera. &hellip;\" \/>\n<meta property=\"og:url\" content=\"https:\/\/www.geoparcoalpicarniche.org\/it\/il-territorio\/geomorfologia\/\" \/>\n<meta property=\"og:site_name\" content=\"Geoparco Alpi Carniche\" \/>\n<meta property=\"article:modified_time\" content=\"2021-01-28T15:04:31+00:00\" \/>\n<meta property=\"og:image\" content=\"https:\/\/www.geoparcoalpicarniche.org\/wp-content\/uploads\/2020\/11\/HP_1_Das_Moor_low-1024x681.jpg\" \/>\n<meta name=\"twitter:card\" content=\"summary_large_image\" \/>\n<meta name=\"twitter:label1\" content=\"Tempo di lettura stimato\" \/>\n\t<meta name=\"twitter:data1\" content=\"3 minuti\" \/>\n<script type=\"application\/ld+json\" class=\"yoast-schema-graph\">{\"@context\":\"https:\\\/\\\/schema.org\",\"@graph\":[{\"@type\":\"WebPage\",\"@id\":\"https:\\\/\\\/www.geoparcoalpicarniche.org\\\/it\\\/il-territorio\\\/geomorfologia\\\/\",\"url\":\"https:\\\/\\\/www.geoparcoalpicarniche.org\\\/it\\\/il-territorio\\\/geomorfologia\\\/\",\"name\":\"Geomorfologia - Geoparco Alpi Carniche\",\"isPartOf\":{\"@id\":\"https:\\\/\\\/www.geoparcoalpicarniche.org\\\/it\\\/#website\"},\"primaryImageOfPage\":{\"@id\":\"https:\\\/\\\/www.geoparcoalpicarniche.org\\\/it\\\/il-territorio\\\/geomorfologia\\\/#primaryimage\"},\"image\":{\"@id\":\"https:\\\/\\\/www.geoparcoalpicarniche.org\\\/it\\\/il-territorio\\\/geomorfologia\\\/#primaryimage\"},\"thumbnailUrl\":\"https:\\\/\\\/www.geoparcoalpicarniche.org\\\/wp-content\\\/uploads\\\/2020\\\/11\\\/HP_1_Das_Moor_low-1024x681.jpg\",\"datePublished\":\"2018-01-31T08:14:03+00:00\",\"dateModified\":\"2021-01-28T15:04:31+00:00\",\"breadcrumb\":{\"@id\":\"https:\\\/\\\/www.geoparcoalpicarniche.org\\\/it\\\/il-territorio\\\/geomorfologia\\\/#breadcrumb\"},\"inLanguage\":\"it-IT\",\"potentialAction\":[{\"@type\":\"ReadAction\",\"target\":[\"https:\\\/\\\/www.geoparcoalpicarniche.org\\\/it\\\/il-territorio\\\/geomorfologia\\\/\"]}]},{\"@type\":\"ImageObject\",\"inLanguage\":\"it-IT\",\"@id\":\"https:\\\/\\\/www.geoparcoalpicarniche.org\\\/it\\\/il-territorio\\\/geomorfologia\\\/#primaryimage\",\"url\":\"https:\\\/\\\/www.geoparcoalpicarniche.org\\\/wp-content\\\/uploads\\\/2020\\\/11\\\/HP_1_Das_Moor_low-1024x681.jpg\",\"contentUrl\":\"https:\\\/\\\/www.geoparcoalpicarniche.org\\\/wp-content\\\/uploads\\\/2020\\\/11\\\/HP_1_Das_Moor_low-1024x681.jpg\"},{\"@type\":\"BreadcrumbList\",\"@id\":\"https:\\\/\\\/www.geoparcoalpicarniche.org\\\/it\\\/il-territorio\\\/geomorfologia\\\/#breadcrumb\",\"itemListElement\":[{\"@type\":\"ListItem\",\"position\":1,\"name\":\"Home\",\"item\":\"https:\\\/\\\/www.geoparcoalpicarniche.org\\\/it\\\/\"},{\"@type\":\"ListItem\",\"position\":2,\"name\":\"Il territorio\",\"item\":\"https:\\\/\\\/www.geoparcoalpicarniche.org\\\/it\\\/il-territorio\\\/\"},{\"@type\":\"ListItem\",\"position\":3,\"name\":\"Geomorfologia\"}]},{\"@type\":\"WebSite\",\"@id\":\"https:\\\/\\\/www.geoparcoalpicarniche.org\\\/it\\\/#website\",\"url\":\"https:\\\/\\\/www.geoparcoalpicarniche.org\\\/it\\\/\",\"name\":\"Geoparco Alpi Carniche\",\"description\":\"Custode del patrimonio geologico transfrontaliero\",\"potentialAction\":[{\"@type\":\"SearchAction\",\"target\":{\"@type\":\"EntryPoint\",\"urlTemplate\":\"https:\\\/\\\/www.geoparcoalpicarniche.org\\\/it\\\/?s={search_term_string}\"},\"query-input\":{\"@type\":\"PropertyValueSpecification\",\"valueRequired\":true,\"valueName\":\"search_term_string\"}}],\"inLanguage\":\"it-IT\"}]}<\/script>\n<!-- \/ Yoast SEO plugin. -->","yoast_head_json":{"title":"Geomorfologia - Geoparco Alpi Carniche","robots":{"index":"index","follow":"follow","max-snippet":"max-snippet:-1","max-image-preview":"max-image-preview:large","max-video-preview":"max-video-preview:-1"},"canonical":"https:\/\/www.geoparcoalpicarniche.org\/it\/il-territorio\/geomorfologia\/","og_locale":"it_IT","og_type":"article","og_title":"Geomorfologia - Geoparco Alpi Carniche","og_description":"Il paesaggio che ci circonda \u00e8 il risultato di una serie di fenomeni che hanno agito e agiscono nel tempo modellandolo, e che possono essere raggruppati in processi endogeni, ossia causati da eventi tettonici, sismici, vulcanici, e processi esogeni che avvengono in superficie, legati all\u2019azione dell\u2019atmosfera, dell\u2019idrosfera e della biosfera. &hellip;","og_url":"https:\/\/www.geoparcoalpicarniche.org\/it\/il-territorio\/geomorfologia\/","og_site_name":"Geoparco Alpi Carniche","article_modified_time":"2021-01-28T15:04:31+00:00","og_image":[{"url":"https:\/\/www.geoparcoalpicarniche.org\/wp-content\/uploads\/2020\/11\/HP_1_Das_Moor_low-1024x681.jpg","type":"","width":"","height":""}],"twitter_card":"summary_large_image","twitter_misc":{"Tempo di lettura stimato":"3 minuti"},"schema":{"@context":"https:\/\/schema.org","@graph":[{"@type":"WebPage","@id":"https:\/\/www.geoparcoalpicarniche.org\/it\/il-territorio\/geomorfologia\/","url":"https:\/\/www.geoparcoalpicarniche.org\/it\/il-territorio\/geomorfologia\/","name":"Geomorfologia - Geoparco Alpi Carniche","isPartOf":{"@id":"https:\/\/www.geoparcoalpicarniche.org\/it\/#website"},"primaryImageOfPage":{"@id":"https:\/\/www.geoparcoalpicarniche.org\/it\/il-territorio\/geomorfologia\/#primaryimage"},"image":{"@id":"https:\/\/www.geoparcoalpicarniche.org\/it\/il-territorio\/geomorfologia\/#primaryimage"},"thumbnailUrl":"https:\/\/www.geoparcoalpicarniche.org\/wp-content\/uploads\/2020\/11\/HP_1_Das_Moor_low-1024x681.jpg","datePublished":"2018-01-31T08:14:03+00:00","dateModified":"2021-01-28T15:04:31+00:00","breadcrumb":{"@id":"https:\/\/www.geoparcoalpicarniche.org\/it\/il-territorio\/geomorfologia\/#breadcrumb"},"inLanguage":"it-IT","potentialAction":[{"@type":"ReadAction","target":["https:\/\/www.geoparcoalpicarniche.org\/it\/il-territorio\/geomorfologia\/"]}]},{"@type":"ImageObject","inLanguage":"it-IT","@id":"https:\/\/www.geoparcoalpicarniche.org\/it\/il-territorio\/geomorfologia\/#primaryimage","url":"https:\/\/www.geoparcoalpicarniche.org\/wp-content\/uploads\/2020\/11\/HP_1_Das_Moor_low-1024x681.jpg","contentUrl":"https:\/\/www.geoparcoalpicarniche.org\/wp-content\/uploads\/2020\/11\/HP_1_Das_Moor_low-1024x681.jpg"},{"@type":"BreadcrumbList","@id":"https:\/\/www.geoparcoalpicarniche.org\/it\/il-territorio\/geomorfologia\/#breadcrumb","itemListElement":[{"@type":"ListItem","position":1,"name":"Home","item":"https:\/\/www.geoparcoalpicarniche.org\/it\/"},{"@type":"ListItem","position":2,"name":"Il territorio","item":"https:\/\/www.geoparcoalpicarniche.org\/it\/il-territorio\/"},{"@type":"ListItem","position":3,"name":"Geomorfologia"}]},{"@type":"WebSite","@id":"https:\/\/www.geoparcoalpicarniche.org\/it\/#website","url":"https:\/\/www.geoparcoalpicarniche.org\/it\/","name":"Geoparco Alpi Carniche","description":"Custode del patrimonio geologico transfrontaliero","potentialAction":[{"@type":"SearchAction","target":{"@type":"EntryPoint","urlTemplate":"https:\/\/www.geoparcoalpicarniche.org\/it\/?s={search_term_string}"},"query-input":{"@type":"PropertyValueSpecification","valueRequired":true,"valueName":"search_term_string"}}],"inLanguage":"it-IT"}]}},"_links":{"self":[{"href":"https:\/\/www.geoparcoalpicarniche.org\/it\/wp-json\/wp\/v2\/pages\/4403","targetHints":{"allow":["GET"]}}],"collection":[{"href":"https:\/\/www.geoparcoalpicarniche.org\/it\/wp-json\/wp\/v2\/pages"}],"about":[{"href":"https:\/\/www.geoparcoalpicarniche.org\/it\/wp-json\/wp\/v2\/types\/page"}],"author":[{"embeddable":true,"href":"https:\/\/www.geoparcoalpicarniche.org\/it\/wp-json\/wp\/v2\/users\/2"}],"replies":[{"embeddable":true,"href":"https:\/\/www.geoparcoalpicarniche.org\/it\/wp-json\/wp\/v2\/comments?post=4403"}],"version-history":[{"count":5,"href":"https:\/\/www.geoparcoalpicarniche.org\/it\/wp-json\/wp\/v2\/pages\/4403\/revisions"}],"predecessor-version":[{"id":12336,"href":"https:\/\/www.geoparcoalpicarniche.org\/it\/wp-json\/wp\/v2\/pages\/4403\/revisions\/12336"}],"up":[{"embeddable":true,"href":"https:\/\/www.geoparcoalpicarniche.org\/it\/wp-json\/wp\/v2\/pages\/4065"}],"wp:attachment":[{"href":"https:\/\/www.geoparcoalpicarniche.org\/it\/wp-json\/wp\/v2\/media?parent=4403"}],"curies":[{"name":"wp","href":"https:\/\/api.w.org\/{rel}","templated":true}]}}