{"id":3910,"date":"2018-01-25T14:29:13","date_gmt":"2018-01-25T13:29:13","guid":{"rendered":"https:\/\/www.geoparcoalpicarniche.org\/?page_id=3910"},"modified":"2018-04-16T17:28:52","modified_gmt":"2018-04-16T15:28:52","slug":"vivi-il-geoparco","status":"publish","type":"page","link":"https:\/\/www.geoparcoalpicarniche.org\/it\/vivi-il-geoparco\/","title":{"rendered":"Vivi il geoparco"},"content":{"rendered":"<div id=\"pl-3910\"  class=\"panel-layout\" ><div id=\"pg-3910-0\"  class=\"panel-grid panel-no-style\" ><div id=\"pgc-3910-0-0\"  class=\"panel-grid-cell\" ><div id=\"panel-3910-0-0-0\" class=\"so-panel widget widget_text panel-first-child panel-last-child\" data-index=\"0\" >\t\t\t<div class=\"textwidget\"><p>Oltre alle attivit\u00e0 a calendario, il Geoparco offre l\u2019opportunit\u00e0 di organizzare la propria visita in autonomia: si pu\u00f2 scegliere tra i molti geotrail proposti quello pi\u00f9 adatto alla stagione e alle proprie capacit\u00e0, per organizzare la propria escursione a tema geologico. Rientrando, poi, perch\u00e9 non visitare il museo o il centro visite pi\u00f9 vicino?<\/p>\n<\/div>\n\t\t<\/div><\/div><\/div><div id=\"pg-3910-1\"  class=\"panel-grid panel-no-style\" ><div id=\"pgc-3910-1-0\"  class=\"panel-grid-cell\" ><div id=\"panel-3910-1-0-0\" class=\"so-panel widget widget_text panel-first-child panel-last-child\" data-index=\"1\" >\t\t\t<div class=\"textwidget\"><hr class=\"hr--dashed\" \/>\n<\/div>\n\t\t<\/div><\/div><\/div><div id=\"pg-3910-2\"  class=\"panel-grid panel-has-style\" ><div class=\"mb-lg-mobile panel-row-style panel-row-style-for-3910-2\" ><div id=\"pgc-3910-2-0\"  class=\"panel-grid-cell\" ><div class=\"panel-cell-style panel-cell-style-for-3910-2-0\" ><div id=\"panel-3910-2-0-0\" class=\"so-panel widget widget_text panel-first-child\" data-index=\"2\" ><div class=\"testo panel-widget-style panel-widget-style-for-3910-2-0-0\" >\t\t\t<div class=\"textwidget\"><h3 style=\"font-size: 1.3rem;\">I geotrails<\/h3>\n<p>I <b>geotrails<\/b> sono itinerari escursionistici che ognuno pu\u00f2 fare in autonomia, facendosi guidare dagli strumenti messi a disposizione dal Geoparco: le carte tematiche scaricabili, i file gpx da caricare su un navigatore o sul cellulare, le app per seguire il tracciato\u2026 lungo ogni percorso sono previsti dei <b>geostop<\/b>, punti dai quali \u00e8 possibile osservare qualcosa di geologicamente straordinario. I nostri file multimediali includono infatti approfondimenti e spiegazioni, per imparare a leggere il paesaggio che si sta attraversando.<\/p>\n<p>Tutti i geotrails percorrono sentieri CAI (Club Alpino Italiano) e \u00d6AV (\u00d6sterreichisches Alpenverein) ben segnalati. Nelle schede sono indicati il grado di difficolt\u00e0, il dislivello, lo sviluppo, i mesi in cui \u00e8 consigliabile percorrere l\u2019itinerario selezionato e l\u2019attrezzatura consigliata.<\/p>\n<p>Oltre ai sentieri nazionali, \u00e8 possibile percorrere anche itinerari che attraversano il confine italoaustriaco, nel vero spirito di un Geoparco Transfrontaliero!<\/p>\n<\/div>\n\t\t<\/div><\/div><div id=\"panel-3910-2-0-1\" class=\"so-panel widget widget_text panel-last-child\" data-index=\"3\" ><div class=\"testo panel-widget-style panel-widget-style-for-3910-2-0-1\" >\t\t\t<div class=\"textwidget\"><p><a href=\"\/it\/vivi-il-geoparco\/geotrails\/\"><strong>Vai alla sezione GEOTRAILS<\/strong><\/a><\/p>\n<\/div>\n\t\t<\/div><\/div><\/div><\/div><div id=\"pgc-3910-2-1\"  class=\"panel-grid-cell\" ><div id=\"panel-3910-2-1-0\" class=\"so-panel widget widget_text panel-first-child panel-last-child\" data-index=\"4\" ><div class=\"compensa-margin-grid-cell panel-widget-style panel-widget-style-for-3910-2-1-0\" >\t\t\t<div class=\"textwidget\">\n<\/div>\n\t\t<\/div><\/div><\/div><\/div><\/div><div id=\"pg-3910-3\"  class=\"panel-grid panel-has-style\" ><div class=\"mb-lg-mobile panel-row-style panel-row-style-for-3910-3\" ><div id=\"pgc-3910-3-0\"  class=\"panel-grid-cell\" ><div class=\"panel-cell-style panel-cell-style-for-3910-3-0\" ><div id=\"panel-3910-3-0-0\" class=\"so-panel widget widget_text panel-first-child\" data-index=\"5\" ><div class=\"testo panel-widget-style panel-widget-style-for-3910-3-0-0\" >\t\t\t<div class=\"textwidget\"><h3 style=\"font-size: 1.3rem;\">I Musei e Centri Visite<\/h3>\n<p>Disseminati nel territorio del Geoparco si trovano numerosi Musei e Centri Visite. Ognuno propone una diversa chiave di lettura del patrimonio geologico delle Alpi Carniche: dalla formazione dei fossili ai minerali, dagli ambienti del passato alla formazione delle montagne, dagli organismi del passato al tempo geologico, dal modellamento delle rocce alla risorsa \u201cacqua\u201d, con la sua forza modellatrice e motrice.<br \/>\nUn museo NON vale l\u2019altro! <\/p>\n<\/div>\n\t\t<\/div><\/div><div id=\"panel-3910-3-0-1\" class=\"so-panel widget widget_text panel-last-child\" data-index=\"6\" ><div class=\"testo panel-widget-style panel-widget-style-for-3910-3-0-1\" >\t\t\t<div class=\"textwidget\"><p><a href=\"\/it\/vivi-il-geoparco\/centri-visite-e-musei\/\"><strong>Vai alla sezione MUSEI E CENTRI VISITE<\/strong><\/a><\/p>\n<\/div>\n\t\t<\/div><\/div><\/div><\/div><div id=\"pgc-3910-3-1\"  class=\"panel-grid-cell\" ><div id=\"panel-3910-3-1-0\" class=\"so-panel widget widget_text panel-first-child panel-last-child\" data-index=\"7\" ><div class=\"compensa-margin-grid-cell panel-widget-style panel-widget-style-for-3910-3-1-0\" >\t\t\t<div class=\"textwidget\"><div id='gallery-2' class='gallery galleryid-0 gallery-columns-1 gallery-size-full'><figure class='gallery-item'>\n\t\t\t<div class='gallery-icon landscape'>\n\t\t\t\t<a href='https:\/\/www.geoparcoalpicarniche.org\/wp-content\/uploads\/2018\/01\/Centro-Visite-Laghetti-Timau-1280-1.jpg'><img loading=\"lazy\" decoding=\"async\" width=\"1280\" height=\"800\" src=\"https:\/\/www.geoparcoalpicarniche.org\/wp-content\/uploads\/2018\/01\/Centro-Visite-Laghetti-Timau-1280-1.jpg\" class=\"attachment-full size-full\" alt=\"\" srcset=\"https:\/\/www.geoparcoalpicarniche.org\/wp-content\/uploads\/2018\/01\/Centro-Visite-Laghetti-Timau-1280-1.jpg 1280w, https:\/\/www.geoparcoalpicarniche.org\/wp-content\/uploads\/2018\/01\/Centro-Visite-Laghetti-Timau-1280-1-300x188.jpg 300w, https:\/\/www.geoparcoalpicarniche.org\/wp-content\/uploads\/2018\/01\/Centro-Visite-Laghetti-Timau-1280-1-768x480.jpg 768w, https:\/\/www.geoparcoalpicarniche.org\/wp-content\/uploads\/2018\/01\/Centro-Visite-Laghetti-Timau-1280-1-1024x640.jpg 1024w\" sizes=\"auto, (max-width: 1280px) 100vw, 1280px\" \/><\/a>\n\t\t\t<\/div><\/figure>\n\t\t<\/div>\n\n<\/div>\n\t\t<\/div><\/div><\/div><\/div><\/div><div id=\"pg-3910-4\"  class=\"panel-grid panel-has-style\" ><div class=\"mb-lg-mobile panel-row-style panel-row-style-for-3910-4\" ><div id=\"pgc-3910-4-0\"  class=\"panel-grid-cell\" ><div class=\"panel-cell-style panel-cell-style-for-3910-4-0\" ><div id=\"panel-3910-4-0-0\" class=\"so-panel widget widget_text panel-first-child\" data-index=\"8\" ><div class=\"testo panel-widget-style panel-widget-style-for-3910-4-0-0\" >\t\t\t<div class=\"textwidget\"><h3 style=\"font-size: 1.3rem;\">L\u2019App scaricabile<\/h3>\n<p>Per chi ha sempre il cellulare in mano e apprezza la comodit\u00e0 di avere tutte le informazioni necessarie sul proprio smartphone, \u00e8 disponibile l\u2019App del Geoparco Transfrontaliero  delle Alpi Carniche: tutti i geotrails con i geostop per l\u2019osservazione guidata delle peculiarit\u00e0 geologiche, le carte del geoparco, le presentazioni dei musei e centri visite saranno a portata di mano.<br \/>\nScarica l\u2019app gratuitamente!<\/p>\n<\/div>\n\t\t<\/div><\/div><div id=\"panel-3910-4-0-1\" class=\"so-panel widget widget_text panel-last-child\" data-index=\"9\" ><div class=\"testo panel-widget-style panel-widget-style-for-3910-4-0-1\" >\t\t\t<div class=\"textwidget\"><p><a href=\"\/it\/vivi-il-geoparco\/scarica-lapp\/\"><strong>Vai alla sezione APP<\/strong><\/a><\/p>\n<\/div>\n\t\t<\/div><\/div><\/div><\/div><div id=\"pgc-3910-4-1\"  class=\"panel-grid-cell\" ><div id=\"panel-3910-4-1-0\" class=\"so-panel widget widget_text panel-first-child panel-last-child\" data-index=\"10\" ><div class=\"compensa-margin-grid-cell panel-widget-style panel-widget-style-for-3910-4-1-0\" >\t\t\t<div class=\"textwidget\"><div id='gallery-3' class='gallery galleryid-0 gallery-columns-1 gallery-size-full'><figure class='gallery-item'>\n\t\t\t<div class='gallery-icon landscape'>\n\t\t\t\t<a href='https:\/\/www.geoparcoalpicarniche.org\/wp-content\/uploads\/2018\/01\/iphone_7_mockup.jpg'><img loading=\"lazy\" decoding=\"async\" width=\"1280\" height=\"800\" src=\"https:\/\/www.geoparcoalpicarniche.org\/wp-content\/uploads\/2018\/01\/iphone_7_mockup.jpg\" class=\"attachment-full size-full\" alt=\"\" srcset=\"https:\/\/www.geoparcoalpicarniche.org\/wp-content\/uploads\/2018\/01\/iphone_7_mockup.jpg 1280w, https:\/\/www.geoparcoalpicarniche.org\/wp-content\/uploads\/2018\/01\/iphone_7_mockup-300x188.jpg 300w, https:\/\/www.geoparcoalpicarniche.org\/wp-content\/uploads\/2018\/01\/iphone_7_mockup-768x480.jpg 768w, https:\/\/www.geoparcoalpicarniche.org\/wp-content\/uploads\/2018\/01\/iphone_7_mockup-1024x640.jpg 1024w\" sizes=\"auto, (max-width: 1280px) 100vw, 1280px\" \/><\/a>\n\t\t\t<\/div><\/figure>\n\t\t<\/div>\n\n<\/div>\n\t\t<\/div><\/div><\/div><\/div><\/div><div id=\"pg-3910-5\"  class=\"panel-grid panel-no-style\" ><div id=\"pgc-3910-5-0\"  class=\"panel-grid-cell\" ><div id=\"panel-3910-5-0-0\" class=\"so-panel widget widget_text panel-first-child panel-last-child\" data-index=\"11\" >\t\t\t<div class=\"textwidget\"><hr class=\"hr--dashed\" \/>\n<\/div>\n\t\t<\/div><\/div><\/div><div id=\"pg-3910-6\"  class=\"panel-grid panel-no-style\" ><div id=\"pgc-3910-6-0\"  class=\"panel-grid-cell\" ><div id=\"panel-3910-6-0-0\" class=\"so-panel widget widget_text panel-first-child\" data-index=\"12\" ><div class=\"testo panel-widget-style panel-widget-style-for-3910-6-0-0\" >\t\t\t<div class=\"textwidget\"><h3 style=\"font-size: 1.3rem;\">Hai bisogno di maggiori informazioni? Contattaci<\/h3>\n<\/div>\n\t\t<\/div><\/div><div id=\"panel-3910-6-0-1\" class=\"so-panel widget widget_text panel-last-child\" data-index=\"13\" ><div class=\"testo panel-widget-style panel-widget-style-for-3910-6-0-1\" >\t\t\t<div class=\"textwidget\">\n<div class=\"wpcf7 no-js\" id=\"wpcf7-f430-o1\" lang=\"en-US\" dir=\"ltr\" data-wpcf7-id=\"430\">\n<div class=\"screen-reader-response\"><p role=\"status\" aria-live=\"polite\" aria-atomic=\"true\"><\/p> <ul><\/ul><\/div>\n<form action=\"\/it\/wp-json\/wp\/v2\/pages\/3910#wpcf7-f430-o1\" method=\"post\" class=\"wpcf7-form init wpcf7-acceptance-as-validation\" aria-label=\"Contact form\" novalidate=\"novalidate\" data-status=\"init\">\n<fieldset class=\"hidden-fields-container\"><input type=\"hidden\" name=\"_wpcf7\" value=\"430\" \/><input type=\"hidden\" name=\"_wpcf7_version\" value=\"6.1.5\" \/><input type=\"hidden\" name=\"_wpcf7_locale\" value=\"en_US\" \/><input type=\"hidden\" name=\"_wpcf7_unit_tag\" value=\"wpcf7-f430-o1\" \/><input type=\"hidden\" name=\"_wpcf7_container_post\" value=\"0\" \/><input type=\"hidden\" name=\"_wpcf7_posted_data_hash\" value=\"\" \/><input type=\"hidden\" name=\"_wpcf7_recaptcha_response\" value=\"\" \/>\n<\/fieldset>\n<div class=\"row\">\n\t<div class=\"col-xs-12  col-md-6\">\n\t\t<p><span class=\"wpcf7-form-control-wrap\" data-name=\"your-name\"><input size=\"40\" maxlength=\"400\" class=\"wpcf7-form-control wpcf7-text wpcf7-validates-as-required form-control\" aria-required=\"true\" aria-invalid=\"false\" placeholder=\"Nome*\" value=\"\" type=\"text\" name=\"your-name\" \/><\/span>\n\t\t<\/p>\n\t<\/div>\n\t<div class=\"col-xs-12  col-md-6\">\n\t\t<p><span class=\"wpcf7-form-control-wrap\" data-name=\"your-email\"><input size=\"40\" maxlength=\"400\" class=\"wpcf7-form-control wpcf7-email wpcf7-validates-as-required wpcf7-text wpcf7-validates-as-email form-control\" aria-required=\"true\" aria-invalid=\"false\" placeholder=\"E-mail*\" value=\"\" type=\"email\" name=\"your-email\" \/><\/span>\n\t\t<\/p>\n\t<\/div>\n\t<div class=\"col-xs-12\">\n\t\t<p><span class=\"wpcf7-form-control-wrap\" data-name=\"your-message\"><textarea cols=\"40\" rows=\"10\" maxlength=\"2000\" class=\"wpcf7-form-control wpcf7-textarea wpcf7-validates-as-required form-control\" aria-required=\"true\" aria-invalid=\"false\" placeholder=\"Messaggio*\" name=\"your-message\"><\/textarea><\/span>\n\t\t<\/p>\n\t\t<div class=\"wpcf7-notice\">\n\t\t\t<p>* Campi obbligatori<br \/>\n<span class=\"wpcf7-form-control-wrap\" data-name=\"acceptance-754\"><span class=\"wpcf7-form-control wpcf7-acceptance\"><span class=\"wpcf7-list-item\"><input type=\"checkbox\" name=\"acceptance-754\" value=\"1\" aria-invalid=\"false\" \/><\/span><\/span><\/span> Ho letto e accetto la <a href=\"\/it\/privacy-policy\" target=\"blank\">Privacy Policy<\/a>\n\t\t\t<\/p>\n\t\t<\/div>\n\t\t<p><input class=\"wpcf7-form-control wpcf7-submit has-spinner btn btn-primary\" type=\"submit\" value=\"Invia\" \/>\n\t\t<\/p>\n\t<\/div>\n<\/div><p style=\"display: none !important;\" class=\"akismet-fields-container\" data-prefix=\"_wpcf7_ak_\"><label>&#916;<textarea name=\"_wpcf7_ak_hp_textarea\" cols=\"45\" rows=\"8\" maxlength=\"100\"><\/textarea><\/label><input type=\"hidden\" id=\"ak_js_1\" name=\"_wpcf7_ak_js\" value=\"197\"\/><script type=\"text\/javascript\">\n\/* <![CDATA[ *\/\ndocument.getElementById( \"ak_js_1\" ).setAttribute( \"value\", ( new Date() ).getTime() );\n\/* ]]> *\/\n<\/script>\n<\/p><div class=\"wpcf7-response-output\" aria-hidden=\"true\"><\/div>\n<\/form>\n<\/div>\n\n<\/div>\n\t\t<\/div><\/div><\/div><\/div><\/div>","protected":false},"excerpt":{"rendered":"<p>Oltre alle attivit\u00e0 a calendario, il Geoparco offre l\u2019opportunit\u00e0 di organizzare la propria visita in autonomia: si pu\u00f2 scegliere tra i molti geotrail proposti quello pi\u00f9 adatto alla stagione e alle proprie capacit\u00e0, per organizzare la propria escursione a tema geologico. Rientrando, poi, perch\u00e9 non visitare il museo o il &hellip;<\/p>\n","protected":false},"author":2,"featured_media":0,"parent":0,"menu_order":104,"comment_status":"closed","ping_status":"closed","template":"","meta":{"_acf_changed":false,"inline_featured_image":false,"ngg_post_thumbnail":0,"footnotes":""},"class_list":{"0":"post-3910","1":"page","2":"type-page","3":"status-publish","5":"clearfix","6":"article"},"acf":[],"yoast_head":"<!-- This site is optimized with the Yoast SEO plugin v27.6 - https:\/\/yoast.com\/product\/yoast-seo-wordpress\/ -->\n<title>Vivi il geoparco - Geoparco Alpi Carniche<\/title>\n<meta name=\"robots\" content=\"index, follow, max-snippet:-1, max-image-preview:large, max-video-preview:-1\" \/>\n<link rel=\"canonical\" href=\"https:\/\/www.geoparcoalpicarniche.org\/it\/vivi-il-geoparco\/\" \/>\n<meta property=\"og:locale\" content=\"it_IT\" \/>\n<meta property=\"og:type\" content=\"article\" \/>\n<meta property=\"og:title\" content=\"Vivi il geoparco - Geoparco Alpi Carniche\" \/>\n<meta property=\"og:description\" content=\"Oltre alle attivit\u00e0 a calendario, il Geoparco offre l\u2019opportunit\u00e0 di organizzare la propria visita in autonomia: si pu\u00f2 scegliere tra i molti geotrail proposti quello pi\u00f9 adatto alla stagione e alle proprie capacit\u00e0, per organizzare la propria escursione a tema geologico. Rientrando, poi, perch\u00e9 non visitare il museo o il &hellip;\" \/>\n<meta property=\"og:url\" content=\"https:\/\/www.geoparcoalpicarniche.org\/it\/vivi-il-geoparco\/\" \/>\n<meta property=\"og:site_name\" content=\"Geoparco Alpi Carniche\" \/>\n<meta property=\"article:modified_time\" content=\"2018-04-16T15:28:52+00:00\" \/>\n<meta property=\"og:image\" content=\"https:\/\/www.geoparcoalpicarniche.org\/wp-content\/uploads\/2018\/01\/Bimbispeleo_Grotta-di-Attila_Lanza-1280-1.jpg\" \/>\n<meta name=\"twitter:card\" content=\"summary_large_image\" \/>\n<meta name=\"twitter:label1\" content=\"Tempo di lettura stimato\" \/>\n\t<meta name=\"twitter:data1\" content=\"2 minuti\" \/>\n<script type=\"application\/ld+json\" class=\"yoast-schema-graph\">{\"@context\":\"https:\\\/\\\/schema.org\",\"@graph\":[{\"@type\":\"WebPage\",\"@id\":\"https:\\\/\\\/www.geoparcoalpicarniche.org\\\/it\\\/vivi-il-geoparco\\\/\",\"url\":\"https:\\\/\\\/www.geoparcoalpicarniche.org\\\/it\\\/vivi-il-geoparco\\\/\",\"name\":\"Vivi il geoparco - Geoparco Alpi Carniche\",\"isPartOf\":{\"@id\":\"https:\\\/\\\/www.geoparcoalpicarniche.org\\\/it\\\/#website\"},\"primaryImageOfPage\":{\"@id\":\"https:\\\/\\\/www.geoparcoalpicarniche.org\\\/it\\\/vivi-il-geoparco\\\/#primaryimage\"},\"image\":{\"@id\":\"https:\\\/\\\/www.geoparcoalpicarniche.org\\\/it\\\/vivi-il-geoparco\\\/#primaryimage\"},\"thumbnailUrl\":\"https:\\\/\\\/www.geoparcoalpicarniche.org\\\/wp-content\\\/uploads\\\/2018\\\/01\\\/Bimbispeleo_Grotta-di-Attila_Lanza-1280-1.jpg\",\"datePublished\":\"2018-01-25T13:29:13+00:00\",\"dateModified\":\"2018-04-16T15:28:52+00:00\",\"breadcrumb\":{\"@id\":\"https:\\\/\\\/www.geoparcoalpicarniche.org\\\/it\\\/vivi-il-geoparco\\\/#breadcrumb\"},\"inLanguage\":\"it-IT\",\"potentialAction\":[{\"@type\":\"ReadAction\",\"target\":[\"https:\\\/\\\/www.geoparcoalpicarniche.org\\\/it\\\/vivi-il-geoparco\\\/\"]}]},{\"@type\":\"ImageObject\",\"inLanguage\":\"it-IT\",\"@id\":\"https:\\\/\\\/www.geoparcoalpicarniche.org\\\/it\\\/vivi-il-geoparco\\\/#primaryimage\",\"url\":\"https:\\\/\\\/www.geoparcoalpicarniche.org\\\/wp-content\\\/uploads\\\/2018\\\/01\\\/Bimbispeleo_Grotta-di-Attila_Lanza-1280-1.jpg\",\"contentUrl\":\"https:\\\/\\\/www.geoparcoalpicarniche.org\\\/wp-content\\\/uploads\\\/2018\\\/01\\\/Bimbispeleo_Grotta-di-Attila_Lanza-1280-1.jpg\"},{\"@type\":\"BreadcrumbList\",\"@id\":\"https:\\\/\\\/www.geoparcoalpicarniche.org\\\/it\\\/vivi-il-geoparco\\\/#breadcrumb\",\"itemListElement\":[{\"@type\":\"ListItem\",\"position\":1,\"name\":\"Home\",\"item\":\"https:\\\/\\\/www.geoparcoalpicarniche.org\\\/it\\\/\"},{\"@type\":\"ListItem\",\"position\":2,\"name\":\"Vivi il geoparco\"}]},{\"@type\":\"WebSite\",\"@id\":\"https:\\\/\\\/www.geoparcoalpicarniche.org\\\/it\\\/#website\",\"url\":\"https:\\\/\\\/www.geoparcoalpicarniche.org\\\/it\\\/\",\"name\":\"Geoparco Alpi Carniche\",\"description\":\"Custode del patrimonio geologico transfrontaliero\",\"potentialAction\":[{\"@type\":\"SearchAction\",\"target\":{\"@type\":\"EntryPoint\",\"urlTemplate\":\"https:\\\/\\\/www.geoparcoalpicarniche.org\\\/it\\\/?s={search_term_string}\"},\"query-input\":{\"@type\":\"PropertyValueSpecification\",\"valueRequired\":true,\"valueName\":\"search_term_string\"}}],\"inLanguage\":\"it-IT\"}]}<\/script>\n<!-- \/ Yoast SEO plugin. -->","yoast_head_json":{"title":"Vivi il geoparco - Geoparco Alpi Carniche","robots":{"index":"index","follow":"follow","max-snippet":"max-snippet:-1","max-image-preview":"max-image-preview:large","max-video-preview":"max-video-preview:-1"},"canonical":"https:\/\/www.geoparcoalpicarniche.org\/it\/vivi-il-geoparco\/","og_locale":"it_IT","og_type":"article","og_title":"Vivi il geoparco - Geoparco Alpi Carniche","og_description":"Oltre alle attivit\u00e0 a calendario, il Geoparco offre l\u2019opportunit\u00e0 di organizzare la propria visita in autonomia: si pu\u00f2 scegliere tra i molti geotrail proposti quello pi\u00f9 adatto alla stagione e alle proprie capacit\u00e0, per organizzare la propria escursione a tema geologico. Rientrando, poi, perch\u00e9 non visitare il museo o il &hellip;","og_url":"https:\/\/www.geoparcoalpicarniche.org\/it\/vivi-il-geoparco\/","og_site_name":"Geoparco Alpi Carniche","article_modified_time":"2018-04-16T15:28:52+00:00","og_image":[{"url":"https:\/\/www.geoparcoalpicarniche.org\/wp-content\/uploads\/2018\/01\/Bimbispeleo_Grotta-di-Attila_Lanza-1280-1.jpg","type":"","width":"","height":""}],"twitter_card":"summary_large_image","twitter_misc":{"Tempo di lettura stimato":"2 minuti"},"schema":{"@context":"https:\/\/schema.org","@graph":[{"@type":"WebPage","@id":"https:\/\/www.geoparcoalpicarniche.org\/it\/vivi-il-geoparco\/","url":"https:\/\/www.geoparcoalpicarniche.org\/it\/vivi-il-geoparco\/","name":"Vivi il geoparco - Geoparco Alpi Carniche","isPartOf":{"@id":"https:\/\/www.geoparcoalpicarniche.org\/it\/#website"},"primaryImageOfPage":{"@id":"https:\/\/www.geoparcoalpicarniche.org\/it\/vivi-il-geoparco\/#primaryimage"},"image":{"@id":"https:\/\/www.geoparcoalpicarniche.org\/it\/vivi-il-geoparco\/#primaryimage"},"thumbnailUrl":"https:\/\/www.geoparcoalpicarniche.org\/wp-content\/uploads\/2018\/01\/Bimbispeleo_Grotta-di-Attila_Lanza-1280-1.jpg","datePublished":"2018-01-25T13:29:13+00:00","dateModified":"2018-04-16T15:28:52+00:00","breadcrumb":{"@id":"https:\/\/www.geoparcoalpicarniche.org\/it\/vivi-il-geoparco\/#breadcrumb"},"inLanguage":"it-IT","potentialAction":[{"@type":"ReadAction","target":["https:\/\/www.geoparcoalpicarniche.org\/it\/vivi-il-geoparco\/"]}]},{"@type":"ImageObject","inLanguage":"it-IT","@id":"https:\/\/www.geoparcoalpicarniche.org\/it\/vivi-il-geoparco\/#primaryimage","url":"https:\/\/www.geoparcoalpicarniche.org\/wp-content\/uploads\/2018\/01\/Bimbispeleo_Grotta-di-Attila_Lanza-1280-1.jpg","contentUrl":"https:\/\/www.geoparcoalpicarniche.org\/wp-content\/uploads\/2018\/01\/Bimbispeleo_Grotta-di-Attila_Lanza-1280-1.jpg"},{"@type":"BreadcrumbList","@id":"https:\/\/www.geoparcoalpicarniche.org\/it\/vivi-il-geoparco\/#breadcrumb","itemListElement":[{"@type":"ListItem","position":1,"name":"Home","item":"https:\/\/www.geoparcoalpicarniche.org\/it\/"},{"@type":"ListItem","position":2,"name":"Vivi il geoparco"}]},{"@type":"WebSite","@id":"https:\/\/www.geoparcoalpicarniche.org\/it\/#website","url":"https:\/\/www.geoparcoalpicarniche.org\/it\/","name":"Geoparco Alpi Carniche","description":"Custode del patrimonio geologico transfrontaliero","potentialAction":[{"@type":"SearchAction","target":{"@type":"EntryPoint","urlTemplate":"https:\/\/www.geoparcoalpicarniche.org\/it\/?s={search_term_string}"},"query-input":{"@type":"PropertyValueSpecification","valueRequired":true,"valueName":"search_term_string"}}],"inLanguage":"it-IT"}]}},"_links":{"self":[{"href":"https:\/\/www.geoparcoalpicarniche.org\/it\/wp-json\/wp\/v2\/pages\/3910","targetHints":{"allow":["GET"]}}],"collection":[{"href":"https:\/\/www.geoparcoalpicarniche.org\/it\/wp-json\/wp\/v2\/pages"}],"about":[{"href":"https:\/\/www.geoparcoalpicarniche.org\/it\/wp-json\/wp\/v2\/types\/page"}],"author":[{"embeddable":true,"href":"https:\/\/www.geoparcoalpicarniche.org\/it\/wp-json\/wp\/v2\/users\/2"}],"replies":[{"embeddable":true,"href":"https:\/\/www.geoparcoalpicarniche.org\/it\/wp-json\/wp\/v2\/comments?post=3910"}],"version-history":[{"count":5,"href":"https:\/\/www.geoparcoalpicarniche.org\/it\/wp-json\/wp\/v2\/pages\/3910\/revisions"}],"predecessor-version":[{"id":8250,"href":"https:\/\/www.geoparcoalpicarniche.org\/it\/wp-json\/wp\/v2\/pages\/3910\/revisions\/8250"}],"wp:attachment":[{"href":"https:\/\/www.geoparcoalpicarniche.org\/it\/wp-json\/wp\/v2\/media?parent=3910"}],"curies":[{"name":"wp","href":"https:\/\/api.w.org\/{rel}","templated":true}]}}