{"id":3101,"date":"2018-01-15T18:15:35","date_gmt":"2018-01-15T17:15:35","guid":{"rendered":"https:\/\/www.geoparcoalpicarniche.org\/?page_id=3101"},"modified":"2018-03-05T16:35:46","modified_gmt":"2018-03-05T15:35:46","slug":"grotte","status":"publish","type":"page","link":"https:\/\/www.geoparcoalpicarniche.org\/it\/il-territorio\/carsismo\/grotte\/","title":{"rendered":"Grotte"},"content":{"rendered":"<div id=\"pl-3101\"  class=\"panel-layout\" ><div id=\"pg-3101-0\"  class=\"panel-grid panel-no-style\" ><div id=\"pgc-3101-0-0\"  class=\"panel-grid-cell\" ><div id=\"panel-3101-0-0-0\" class=\"so-panel widget widget_nav_menu panel-first-child panel-last-child\" data-index=\"0\" ><div class=\"menu-territorio-container\"><ul id=\"menu-territorio\" class=\"menu\"><li id=\"menu-item-4668\" class=\"menu-item menu-item-type-post_type menu-item-object-page menu-item-has-children menu-item-4668\"><a href=\"https:\/\/www.geoparcoalpicarniche.org\/it\/il-territorio\/\">Il territorio<\/a>\n<ul class=\"sub-menu\">\n\t<li id=\"menu-item-2032\" class=\"menu-item menu-item-type-post_type menu-item-object-page menu-item-2032\"><a href=\"https:\/\/www.geoparcoalpicarniche.org\/it\/il-territorio\/evoluzione-geologica\/\">Evoluzione geologica<\/a><\/li>\n\t<li id=\"menu-item-4525\" class=\"menu-item menu-item-type-post_type menu-item-object-page menu-item-has-children menu-item-4525\"><a href=\"https:\/\/www.geoparcoalpicarniche.org\/it\/il-territorio\/geomorfologia\/\">Geomorfologia<\/a>\n\t<ul class=\"sub-menu\">\n\t\t<li id=\"menu-item-12197\" class=\"menu-item menu-item-type-post_type menu-item-object-page menu-item-12197\"><a href=\"https:\/\/www.geoparcoalpicarniche.org\/it\/il-territorio\/carsismo\/morfologie-fluviali\/\">Morfologie fluviali<\/a><\/li>\n\t\t<li id=\"menu-item-12196\" class=\"menu-item menu-item-type-post_type menu-item-object-page menu-item-12196\"><a href=\"https:\/\/www.geoparcoalpicarniche.org\/it\/il-territorio\/carsismo\/morfologie-glaciali-e-periglaciali\/\">Morfologie glaciali e periglaciali<\/a><\/li>\n\t\t<li id=\"menu-item-12195\" class=\"menu-item menu-item-type-post_type menu-item-object-page menu-item-12195\"><a href=\"https:\/\/www.geoparcoalpicarniche.org\/it\/il-territorio\/carsismo\/evoluzione-dei-versanti\/\">Evoluzione dei versanti<\/a><\/li>\n\t\t<li id=\"menu-item-4671\" class=\"menu-item menu-item-type-post_type menu-item-object-page menu-item-4671\"><a href=\"https:\/\/www.geoparcoalpicarniche.org\/it\/il-territorio\/carsismo\/forre\/\">Forre<\/a><\/li>\n\t<\/ul>\n<\/li>\n\t<li id=\"menu-item-3060\" class=\"menu-item menu-item-type-post_type menu-item-object-page menu-item-has-children menu-item-3060\"><a href=\"https:\/\/www.geoparcoalpicarniche.org\/it\/il-territorio\/paleontologia\/\">Paleontologia<\/a>\n\t<ul class=\"sub-menu\">\n\t\t<li id=\"menu-item-4667\" class=\"menu-item menu-item-type-post_type menu-item-object-page menu-item-4667\"><a href=\"https:\/\/www.geoparcoalpicarniche.org\/it\/il-territorio\/paleontologia\/fossili\/\">Fossili<\/a><\/li>\n\t<\/ul>\n<\/li>\n\t<li id=\"menu-item-3059\" class=\"menu-item menu-item-type-post_type menu-item-object-page menu-item-3059\"><a href=\"https:\/\/www.geoparcoalpicarniche.org\/it\/il-territorio\/geositi\/\">Geositi<\/a><\/li>\n\t<li id=\"menu-item-5995\" class=\"menu-item menu-item-type-post_type menu-item-object-page menu-item-5995\"><a href=\"https:\/\/www.geoparcoalpicarniche.org\/it\/il-territorio\/geotopi\/\">Geotopi<\/a><\/li>\n\t<li id=\"menu-item-3061\" class=\"menu-item menu-item-type-post_type menu-item-object-page menu-item-has-children menu-item-3061\"><a href=\"https:\/\/www.geoparcoalpicarniche.org\/it\/il-territorio\/carsismo\/\">Carsismo<\/a>\n\t<ul class=\"sub-menu\">\n\t\t<li id=\"menu-item-4669\" class=\"menu-item menu-item-type-post_type menu-item-object-page menu-item-4669\"><a href=\"https:\/\/www.geoparcoalpicarniche.org\/it\/il-territorio\/carsismo\/grotte\/\">Grotte<\/a><\/li>\n\t\t<li id=\"menu-item-4670\" class=\"menu-item menu-item-type-post_type menu-item-object-page menu-item-4670\"><a href=\"https:\/\/www.geoparcoalpicarniche.org\/it\/il-territorio\/carsismo\/campi-solcati\/\">Campi solcati<\/a><\/li>\n\t<\/ul>\n<\/li>\n\t<li id=\"menu-item-4526\" class=\"menu-item menu-item-type-post_type menu-item-object-page menu-item-4526\"><a href=\"https:\/\/www.geoparcoalpicarniche.org\/it\/il-territorio\/siti-minerari\/\">Cave e Miniere<\/a><\/li>\n\t<li id=\"menu-item-7216\" class=\"menu-item menu-item-type-post_type menu-item-object-page menu-item-7216\"><a href=\"https:\/\/www.geoparcoalpicarniche.org\/it\/il-territorio\/pubblicazioni-scaricabili\/\">Pubblicazioni scaricabili<\/a><\/li>\n<\/ul>\n<\/li>\n<\/ul><\/div><\/div><\/div><div id=\"pgc-3101-0-1\"  class=\"panel-grid-cell\" ><div class=\"paddingContentWithSidebar panel-cell-style panel-cell-style-for-3101-0-1\" ><div id=\"panel-3101-0-1-0\" class=\"so-panel widget widget_text panel-first-child\" data-index=\"1\" >\t\t\t<div class=\"textwidget\"><h2>Le grotte<\/h2>\n<\/div>\n\t\t<\/div><div id=\"panel-3101-0-1-1\" class=\"so-panel widget widget_siteorigin-panels-builder\" data-index=\"2\" ><div class=\"mb panel-widget-style panel-widget-style-for-3101-0-1-1\" ><div id=\"pl-w5a5f7e90259a4\"  class=\"panel-layout\" ><div id=\"pg-w5a5f7e90259a4-0\"  class=\"panel-grid panel-no-style\" ><div id=\"pgc-w5a5f7e90259a4-0-0\"  class=\"panel-grid-cell\" ><div id=\"panel-w5a5f7e90259a4-0-0-0\" class=\"so-panel widget widget_text panel-first-child panel-last-child\" data-index=\"0\" >\t\t\t<div class=\"textwidget\"><p>Con il termine generico di \u201cgrotte\u201d si intendono le morfologie profonde di origine carsica, formatesi per azione dell\u2019acqua. Si tratta di cavit\u00e0 sotterranee che si possono suddividere in due grandi categorie: grotte a prevalente sviluppo orizzontale e grotte a prevalente sviluppo verticale.<\/p>\n<p>Nelle Alpi Carniche le cavit\u00e0 d\u2019alta montagna hanno un andamento prevalentemente verticale, con una successione di pozzi e meandri, mentre le grotte di fondovalle sono solitamente costituite da gallerie sub-orizzontali e sifoni; le acque di queste ultime vengono spesso captate per alimentare gli acquedotti delle piccole frazioni.<\/p>\n<p>In grotta si possono osservare, pi\u00f9 frequentemente, <b>saloni<\/b>, <b>gallerie<\/b>, <b>pozzi<\/b> e <b>sifoni<\/b>.<\/p>\n<p>Le <b>gallerie<\/b> possono essere vadose, quando l\u2019acqua vi scorre a pelo sul fondo, oppure freatiche, quando ne sono completamente riempite.<\/p>\n<p>I <b>sifoni<\/b> sono tratti di gallerie freatiche che collegano due gallerie vadose.<\/p>\n<p>I <b>pozzi<\/b> invece sono scavati da acqua che proviene dall\u2019alto, per stillicidio o cascata.<\/p>\n<\/div>\n\t\t<\/div><\/div><div id=\"pgc-w5a5f7e90259a4-0-1\"  class=\"panel-grid-cell\" ><div id=\"panel-w5a5f7e90259a4-0-1-0\" class=\"so-panel widget widget_sow-image panel-first-child panel-last-child\" data-index=\"1\" ><div\n\t\t\t\n\t\t\tclass=\"so-widget-sow-image so-widget-sow-image-default-8b5b6f678277\"\n\t\t\t\n\t\t>\n<div class=\"sow-image-container\">\n\t\t<img \n\tsrc=\"https:\/\/www.geoparcoalpicarniche.org\/wp-content\/uploads\/2018\/01\/8.CARSISMO.jpg\" width=\"1970\" height=\"2186\" srcset=\"https:\/\/www.geoparcoalpicarniche.org\/wp-content\/uploads\/2018\/01\/8.CARSISMO.jpg 1970w, https:\/\/www.geoparcoalpicarniche.org\/wp-content\/uploads\/2018\/01\/8.CARSISMO-270x300.jpg 270w, https:\/\/www.geoparcoalpicarniche.org\/wp-content\/uploads\/2018\/01\/8.CARSISMO-768x852.jpg 768w, https:\/\/www.geoparcoalpicarniche.org\/wp-content\/uploads\/2018\/01\/8.CARSISMO-923x1024.jpg 923w\" sizes=\"(max-width: 1970px) 100vw, 1970px\" title=\"CARSISMO\" alt=\"\" \t\tclass=\"so-widget-image\"\/>\n\t<\/div>\n\n<\/div><\/div><\/div><\/div><\/div><\/div><\/div><div id=\"panel-3101-0-1-2\" class=\"so-panel widget widget_siteorigin-panels-builder\" data-index=\"3\" ><div class=\"mb panel-widget-style panel-widget-style-for-3101-0-1-2\" ><div id=\"pl-w5a5ce52f9df29\"  class=\"panel-layout\" ><div id=\"pg-w5a5ce52f9df29-0\"  class=\"panel-grid panel-no-style\" ><div id=\"pgc-w5a5ce52f9df29-0-0\"  class=\"panel-grid-cell\" ><div id=\"panel-w5a5ce52f9df29-0-0-0\" class=\"so-panel widget widget_text panel-first-child panel-last-child\" data-index=\"0\" >\t\t\t<div class=\"textwidget\"><p>Nell\u2019area del Geoparco, in particolare sul versante italiano, sono presenti numerose grotte. Per dare un\u2019idea, solo l\u2019area di Timau conta circa 70 grotte, delle quali ben 9 superano i 100 m di sviluppo!<\/p>\n<p>\u0400 superfluo dire che l\u2019esplorazione delle grotte \u00e8 un\u2019attivit\u00e0 per esperti, che pu\u00f2 essere molto pericolosa: \u00e8 necessario essere accompagnati da speleologi o guide esperte, con le giuste attrezzature e nelle opportune condizioni atmosferiche!<\/p>\n<\/div>\n\t\t<\/div><\/div><div id=\"pgc-w5a5ce52f9df29-0-1\"  class=\"panel-grid-cell\" ><div id=\"panel-w5a5ce52f9df29-0-1-0\" class=\"so-panel widget widget_sow-image panel-first-child panel-last-child\" data-index=\"1\" ><div\n\t\t\t\n\t\t\tclass=\"so-widget-sow-image so-widget-sow-image-default-8b5b6f678277\"\n\t\t\t\n\t\t>\n<div class=\"sow-image-container\">\n\t\t<img \n\tsrc=\"https:\/\/www.geoparcoalpicarniche.org\/wp-content\/uploads\/2018\/01\/9.Grotta-Ricoveri-Cantore-Timau.jpg\" width=\"2647\" height=\"1772\" srcset=\"https:\/\/www.geoparcoalpicarniche.org\/wp-content\/uploads\/2018\/01\/9.Grotta-Ricoveri-Cantore-Timau.jpg 2647w, https:\/\/www.geoparcoalpicarniche.org\/wp-content\/uploads\/2018\/01\/9.Grotta-Ricoveri-Cantore-Timau-300x201.jpg 300w, https:\/\/www.geoparcoalpicarniche.org\/wp-content\/uploads\/2018\/01\/9.Grotta-Ricoveri-Cantore-Timau-768x514.jpg 768w, https:\/\/www.geoparcoalpicarniche.org\/wp-content\/uploads\/2018\/01\/9.Grotta-Ricoveri-Cantore-Timau-1024x686.jpg 1024w, https:\/\/www.geoparcoalpicarniche.org\/wp-content\/uploads\/2018\/01\/9.Grotta-Ricoveri-Cantore-Timau-272x182.jpg 272w\" sizes=\"(max-width: 2647px) 100vw, 2647px\" title=\"Grotta Ricoveri Cantore Timau\" alt=\"\" \t\tclass=\"so-widget-image\"\/>\n\t<\/div>\n\n<\/div><\/div><\/div><\/div><\/div><\/div><\/div><div id=\"panel-3101-0-1-3\" class=\"so-panel widget widget_text\" data-index=\"4\" >\t\t\t<div class=\"textwidget\"><div id='gallery-1' class='gallery galleryid-0 gallery-columns-1 gallery-size-large'><figure class='gallery-item'>\n\t\t\t<div class='gallery-icon landscape'>\n\t\t\t\t<a href='https:\/\/www.geoparcoalpicarniche.org\/wp-content\/uploads\/2018\/01\/7.Copertina-Grotte_Pic-Chiadenis.jpg'><img loading=\"lazy\" decoding=\"async\" width=\"1024\" height=\"685\" src=\"https:\/\/www.geoparcoalpicarniche.org\/wp-content\/uploads\/2018\/01\/7.Copertina-Grotte_Pic-Chiadenis-1024x685.jpg\" class=\"attachment-large size-large\" alt=\"\" srcset=\"https:\/\/www.geoparcoalpicarniche.org\/wp-content\/uploads\/2018\/01\/7.Copertina-Grotte_Pic-Chiadenis-1024x685.jpg 1024w, https:\/\/www.geoparcoalpicarniche.org\/wp-content\/uploads\/2018\/01\/7.Copertina-Grotte_Pic-Chiadenis-300x201.jpg 300w, https:\/\/www.geoparcoalpicarniche.org\/wp-content\/uploads\/2018\/01\/7.Copertina-Grotte_Pic-Chiadenis-768x514.jpg 768w, https:\/\/www.geoparcoalpicarniche.org\/wp-content\/uploads\/2018\/01\/7.Copertina-Grotte_Pic-Chiadenis-272x182.jpg 272w\" sizes=\"auto, (max-width: 1024px) 100vw, 1024px\" \/><\/a>\n\t\t\t<\/div><\/figure>\n\t\t<\/div>\n\n<\/div>\n\t\t<\/div><div id=\"panel-3101-0-1-4\" class=\"so-panel widget widget_text panel-last-child\" data-index=\"5\" >\t\t\t<div class=\"textwidget\"><h2>Per farsi un&#8217;idea<\/h2>\n<p><strong>Alcuni tra i pi\u00f9 significativi sistemi carsici dell\u2019area del Geoparco<\/strong><br \/>\nAccanto al toponimo, tra parentesi viene indicato il numero di inventario presso il Catasto Grotte del Friuli (perci\u00f2 preceduto dalla sigla Fr.: per distinguerlo dalle grotte censite al catasto Grotte della Venezia Giulia, indicate con il prefisso VG).<\/p>\n<\/div>\n\t\t<\/div><\/div><\/div><\/div><\/div>","protected":false},"excerpt":{"rendered":"<p>Le grotte Per farsi un&#8217;idea Alcuni tra i pi\u00f9 significativi sistemi carsici dell\u2019area del Geoparco Accanto al toponimo, tra parentesi viene indicato il numero di inventario presso il Catasto Grotte del Friuli (perci\u00f2 preceduto dalla sigla Fr.: per distinguerlo dalle grotte censite al catasto Grotte della Venezia Giulia, indicate con &hellip;<\/p>\n","protected":false},"author":2,"featured_media":3039,"parent":3049,"menu_order":86,"comment_status":"closed","ping_status":"closed","template":"grotte.php","meta":{"_acf_changed":false,"inline_featured_image":false,"ngg_post_thumbnail":0,"footnotes":""},"class_list":{"0":"post-3101","1":"page","2":"type-page","3":"status-publish","4":"has-post-thumbnail","6":"clearfix","7":"article"},"acf":[],"yoast_head":"<!-- This site is optimized with the Yoast SEO plugin v27.6 - https:\/\/yoast.com\/product\/yoast-seo-wordpress\/ -->\n<title>Grotte - Geoparco Alpi Carniche<\/title>\n<meta name=\"robots\" content=\"index, follow, max-snippet:-1, max-image-preview:large, max-video-preview:-1\" \/>\n<link rel=\"canonical\" href=\"https:\/\/www.geoparcoalpicarniche.org\/it\/il-territorio\/carsismo\/grotte\/\" \/>\n<meta property=\"og:locale\" content=\"it_IT\" \/>\n<meta property=\"og:type\" content=\"article\" \/>\n<meta property=\"og:title\" content=\"Grotte - Geoparco Alpi Carniche\" \/>\n<meta property=\"og:description\" content=\"Le grotte Per farsi un&#039;idea Alcuni tra i pi\u00f9 significativi sistemi carsici dell\u2019area del Geoparco Accanto al toponimo, tra parentesi viene indicato il numero di inventario presso il Catasto Grotte del Friuli (perci\u00f2 preceduto dalla sigla Fr.: per distinguerlo dalle grotte censite al catasto Grotte della Venezia Giulia, indicate con &hellip;\" \/>\n<meta property=\"og:url\" content=\"https:\/\/www.geoparcoalpicarniche.org\/it\/il-territorio\/carsismo\/grotte\/\" \/>\n<meta property=\"og:site_name\" content=\"Geoparco Alpi Carniche\" \/>\n<meta property=\"article:modified_time\" content=\"2018-03-05T15:35:46+00:00\" \/>\n<meta property=\"og:image\" content=\"https:\/\/www.geoparcoalpicarniche.org\/wp-content\/uploads\/2018\/01\/0.COPERTINA-SEZ_Grotta-Magico-Alverman.jpg\" \/>\n\t<meta property=\"og:image:width\" content=\"3008\" \/>\n\t<meta property=\"og:image:height\" content=\"2000\" \/>\n\t<meta property=\"og:image:type\" content=\"image\/jpeg\" \/>\n<meta name=\"twitter:card\" content=\"summary_large_image\" \/>\n<meta name=\"twitter:label1\" content=\"Tempo di lettura stimato\" \/>\n\t<meta name=\"twitter:data1\" content=\"1 minuto\" \/>\n<script type=\"application\/ld+json\" class=\"yoast-schema-graph\">{\"@context\":\"https:\\\/\\\/schema.org\",\"@graph\":[{\"@type\":\"WebPage\",\"@id\":\"https:\\\/\\\/www.geoparcoalpicarniche.org\\\/it\\\/il-territorio\\\/carsismo\\\/grotte\\\/\",\"url\":\"https:\\\/\\\/www.geoparcoalpicarniche.org\\\/it\\\/il-territorio\\\/carsismo\\\/grotte\\\/\",\"name\":\"Grotte - Geoparco Alpi Carniche\",\"isPartOf\":{\"@id\":\"https:\\\/\\\/www.geoparcoalpicarniche.org\\\/it\\\/#website\"},\"primaryImageOfPage\":{\"@id\":\"https:\\\/\\\/www.geoparcoalpicarniche.org\\\/it\\\/il-territorio\\\/carsismo\\\/grotte\\\/#primaryimage\"},\"image\":{\"@id\":\"https:\\\/\\\/www.geoparcoalpicarniche.org\\\/it\\\/il-territorio\\\/carsismo\\\/grotte\\\/#primaryimage\"},\"thumbnailUrl\":\"https:\\\/\\\/www.geoparcoalpicarniche.org\\\/wp-content\\\/uploads\\\/2018\\\/01\\\/0.COPERTINA-SEZ_Grotta-Magico-Alverman.jpg\",\"datePublished\":\"2018-01-15T17:15:35+00:00\",\"dateModified\":\"2018-03-05T15:35:46+00:00\",\"breadcrumb\":{\"@id\":\"https:\\\/\\\/www.geoparcoalpicarniche.org\\\/it\\\/il-territorio\\\/carsismo\\\/grotte\\\/#breadcrumb\"},\"inLanguage\":\"it-IT\",\"potentialAction\":[{\"@type\":\"ReadAction\",\"target\":[\"https:\\\/\\\/www.geoparcoalpicarniche.org\\\/it\\\/il-territorio\\\/carsismo\\\/grotte\\\/\"]}]},{\"@type\":\"ImageObject\",\"inLanguage\":\"it-IT\",\"@id\":\"https:\\\/\\\/www.geoparcoalpicarniche.org\\\/it\\\/il-territorio\\\/carsismo\\\/grotte\\\/#primaryimage\",\"url\":\"https:\\\/\\\/www.geoparcoalpicarniche.org\\\/wp-content\\\/uploads\\\/2018\\\/01\\\/0.COPERTINA-SEZ_Grotta-Magico-Alverman.jpg\",\"contentUrl\":\"https:\\\/\\\/www.geoparcoalpicarniche.org\\\/wp-content\\\/uploads\\\/2018\\\/01\\\/0.COPERTINA-SEZ_Grotta-Magico-Alverman.jpg\",\"width\":3008,\"height\":2000},{\"@type\":\"BreadcrumbList\",\"@id\":\"https:\\\/\\\/www.geoparcoalpicarniche.org\\\/it\\\/il-territorio\\\/carsismo\\\/grotte\\\/#breadcrumb\",\"itemListElement\":[{\"@type\":\"ListItem\",\"position\":1,\"name\":\"Home\",\"item\":\"https:\\\/\\\/www.geoparcoalpicarniche.org\\\/it\\\/\"},{\"@type\":\"ListItem\",\"position\":2,\"name\":\"Il territorio\",\"item\":\"https:\\\/\\\/www.geoparcoalpicarniche.org\\\/it\\\/il-territorio\\\/\"},{\"@type\":\"ListItem\",\"position\":3,\"name\":\"Carsismo\",\"item\":\"https:\\\/\\\/www.geoparcoalpicarniche.org\\\/it\\\/il-territorio\\\/carsismo\\\/\"},{\"@type\":\"ListItem\",\"position\":4,\"name\":\"Grotte\"}]},{\"@type\":\"WebSite\",\"@id\":\"https:\\\/\\\/www.geoparcoalpicarniche.org\\\/it\\\/#website\",\"url\":\"https:\\\/\\\/www.geoparcoalpicarniche.org\\\/it\\\/\",\"name\":\"Geoparco Alpi Carniche\",\"description\":\"Custode del patrimonio geologico transfrontaliero\",\"potentialAction\":[{\"@type\":\"SearchAction\",\"target\":{\"@type\":\"EntryPoint\",\"urlTemplate\":\"https:\\\/\\\/www.geoparcoalpicarniche.org\\\/it\\\/?s={search_term_string}\"},\"query-input\":{\"@type\":\"PropertyValueSpecification\",\"valueRequired\":true,\"valueName\":\"search_term_string\"}}],\"inLanguage\":\"it-IT\"}]}<\/script>\n<!-- \/ Yoast SEO plugin. -->","yoast_head_json":{"title":"Grotte - Geoparco Alpi Carniche","robots":{"index":"index","follow":"follow","max-snippet":"max-snippet:-1","max-image-preview":"max-image-preview:large","max-video-preview":"max-video-preview:-1"},"canonical":"https:\/\/www.geoparcoalpicarniche.org\/it\/il-territorio\/carsismo\/grotte\/","og_locale":"it_IT","og_type":"article","og_title":"Grotte - Geoparco Alpi Carniche","og_description":"Le grotte Per farsi un'idea Alcuni tra i pi\u00f9 significativi sistemi carsici dell\u2019area del Geoparco Accanto al toponimo, tra parentesi viene indicato il numero di inventario presso il Catasto Grotte del Friuli (perci\u00f2 preceduto dalla sigla Fr.: per distinguerlo dalle grotte censite al catasto Grotte della Venezia Giulia, indicate con &hellip;","og_url":"https:\/\/www.geoparcoalpicarniche.org\/it\/il-territorio\/carsismo\/grotte\/","og_site_name":"Geoparco Alpi Carniche","article_modified_time":"2018-03-05T15:35:46+00:00","og_image":[{"width":3008,"height":2000,"url":"https:\/\/www.geoparcoalpicarniche.org\/wp-content\/uploads\/2018\/01\/0.COPERTINA-SEZ_Grotta-Magico-Alverman.jpg","type":"image\/jpeg"}],"twitter_card":"summary_large_image","twitter_misc":{"Tempo di lettura stimato":"1 minuto"},"schema":{"@context":"https:\/\/schema.org","@graph":[{"@type":"WebPage","@id":"https:\/\/www.geoparcoalpicarniche.org\/it\/il-territorio\/carsismo\/grotte\/","url":"https:\/\/www.geoparcoalpicarniche.org\/it\/il-territorio\/carsismo\/grotte\/","name":"Grotte - Geoparco Alpi Carniche","isPartOf":{"@id":"https:\/\/www.geoparcoalpicarniche.org\/it\/#website"},"primaryImageOfPage":{"@id":"https:\/\/www.geoparcoalpicarniche.org\/it\/il-territorio\/carsismo\/grotte\/#primaryimage"},"image":{"@id":"https:\/\/www.geoparcoalpicarniche.org\/it\/il-territorio\/carsismo\/grotte\/#primaryimage"},"thumbnailUrl":"https:\/\/www.geoparcoalpicarniche.org\/wp-content\/uploads\/2018\/01\/0.COPERTINA-SEZ_Grotta-Magico-Alverman.jpg","datePublished":"2018-01-15T17:15:35+00:00","dateModified":"2018-03-05T15:35:46+00:00","breadcrumb":{"@id":"https:\/\/www.geoparcoalpicarniche.org\/it\/il-territorio\/carsismo\/grotte\/#breadcrumb"},"inLanguage":"it-IT","potentialAction":[{"@type":"ReadAction","target":["https:\/\/www.geoparcoalpicarniche.org\/it\/il-territorio\/carsismo\/grotte\/"]}]},{"@type":"ImageObject","inLanguage":"it-IT","@id":"https:\/\/www.geoparcoalpicarniche.org\/it\/il-territorio\/carsismo\/grotte\/#primaryimage","url":"https:\/\/www.geoparcoalpicarniche.org\/wp-content\/uploads\/2018\/01\/0.COPERTINA-SEZ_Grotta-Magico-Alverman.jpg","contentUrl":"https:\/\/www.geoparcoalpicarniche.org\/wp-content\/uploads\/2018\/01\/0.COPERTINA-SEZ_Grotta-Magico-Alverman.jpg","width":3008,"height":2000},{"@type":"BreadcrumbList","@id":"https:\/\/www.geoparcoalpicarniche.org\/it\/il-territorio\/carsismo\/grotte\/#breadcrumb","itemListElement":[{"@type":"ListItem","position":1,"name":"Home","item":"https:\/\/www.geoparcoalpicarniche.org\/it\/"},{"@type":"ListItem","position":2,"name":"Il territorio","item":"https:\/\/www.geoparcoalpicarniche.org\/it\/il-territorio\/"},{"@type":"ListItem","position":3,"name":"Carsismo","item":"https:\/\/www.geoparcoalpicarniche.org\/it\/il-territorio\/carsismo\/"},{"@type":"ListItem","position":4,"name":"Grotte"}]},{"@type":"WebSite","@id":"https:\/\/www.geoparcoalpicarniche.org\/it\/#website","url":"https:\/\/www.geoparcoalpicarniche.org\/it\/","name":"Geoparco Alpi Carniche","description":"Custode del patrimonio geologico transfrontaliero","potentialAction":[{"@type":"SearchAction","target":{"@type":"EntryPoint","urlTemplate":"https:\/\/www.geoparcoalpicarniche.org\/it\/?s={search_term_string}"},"query-input":{"@type":"PropertyValueSpecification","valueRequired":true,"valueName":"search_term_string"}}],"inLanguage":"it-IT"}]}},"_links":{"self":[{"href":"https:\/\/www.geoparcoalpicarniche.org\/it\/wp-json\/wp\/v2\/pages\/3101","targetHints":{"allow":["GET"]}}],"collection":[{"href":"https:\/\/www.geoparcoalpicarniche.org\/it\/wp-json\/wp\/v2\/pages"}],"about":[{"href":"https:\/\/www.geoparcoalpicarniche.org\/it\/wp-json\/wp\/v2\/types\/page"}],"author":[{"embeddable":true,"href":"https:\/\/www.geoparcoalpicarniche.org\/it\/wp-json\/wp\/v2\/users\/2"}],"replies":[{"embeddable":true,"href":"https:\/\/www.geoparcoalpicarniche.org\/it\/wp-json\/wp\/v2\/comments?post=3101"}],"version-history":[{"count":5,"href":"https:\/\/www.geoparcoalpicarniche.org\/it\/wp-json\/wp\/v2\/pages\/3101\/revisions"}],"predecessor-version":[{"id":5941,"href":"https:\/\/www.geoparcoalpicarniche.org\/it\/wp-json\/wp\/v2\/pages\/3101\/revisions\/5941"}],"up":[{"embeddable":true,"href":"https:\/\/www.geoparcoalpicarniche.org\/it\/wp-json\/wp\/v2\/pages\/3049"}],"wp:featuredmedia":[{"embeddable":true,"href":"https:\/\/www.geoparcoalpicarniche.org\/it\/wp-json\/wp\/v2\/media\/3039"}],"wp:attachment":[{"href":"https:\/\/www.geoparcoalpicarniche.org\/it\/wp-json\/wp\/v2\/media?parent=3101"}],"curies":[{"name":"wp","href":"https:\/\/api.w.org\/{rel}","templated":true}]}}