{"id":2987,"date":"2018-01-15T14:51:40","date_gmt":"2018-01-15T13:51:40","guid":{"rendered":"https:\/\/www.geoparcoalpicarniche.org\/?page_id=2987"},"modified":"2025-07-22T17:16:07","modified_gmt":"2025-07-22T15:16:07","slug":"proposte-didattiche","status":"publish","type":"page","link":"https:\/\/www.geoparcoalpicarniche.org\/it\/vivi-il-geoparco\/proposte-didattiche\/","title":{"rendered":"Proposte didattiche del Geoparco per l&#8217;anno scolastico 2024\/25"},"content":{"rendered":"<div id=\"pl-2987\"  class=\"panel-layout\" ><div id=\"pg-2987-0\"  class=\"panel-grid panel-no-style\" ><div id=\"pgc-2987-0-0\"  class=\"panel-grid-cell\" ><div id=\"panel-2987-0-0-0\" class=\"so-panel widget widget_sow-editor panel-first-child panel-last-child\" data-index=\"0\" ><div\n\t\t\t\n\t\t\tclass=\"so-widget-sow-editor so-widget-sow-editor-base\"\n\t\t\t\n\t\t>\n<div class=\"siteorigin-widget-tinymce textwidget\">\n\t<p><a href=\"https:\/\/www.geoparcoalpicarniche.org\/wp-content\/uploads\/2022\/09\/Geoparco-delle-Alpi-Carniche_SOLO-LOGO-002.jpg\"><img loading=\"lazy\" decoding=\"async\" class=\"wp-image-13312 alignright\" src=\"https:\/\/www.geoparcoalpicarniche.org\/wp-content\/uploads\/2022\/09\/Geoparco-delle-Alpi-Carniche_SOLO-LOGO-002-300x267.jpg\" alt=\"\" width=\"95\" height=\"85\" srcset=\"https:\/\/www.geoparcoalpicarniche.org\/wp-content\/uploads\/2022\/09\/Geoparco-delle-Alpi-Carniche_SOLO-LOGO-002-300x267.jpg 300w, https:\/\/www.geoparcoalpicarniche.org\/wp-content\/uploads\/2022\/09\/Geoparco-delle-Alpi-Carniche_SOLO-LOGO-002-768x684.jpg 768w, https:\/\/www.geoparcoalpicarniche.org\/wp-content\/uploads\/2022\/09\/Geoparco-delle-Alpi-Carniche_SOLO-LOGO-002.jpg 800w\" sizes=\"auto, (max-width: 95px) 100vw, 95px\" \/><\/a>Ll\u2019<strong>offerta didattica del Geoparco<\/strong> anche quest\u2019anno si articola in diverse proposte:<\/p>\n<ul>\n<li><strong>Laboratori didattici e visite guidate presso il Museo Geologico della Carnia e l\u2019Esposizione Permanente del Fossile. <\/strong>Per il museo geologico della Carnia, oltre alla visita guidata in presenza, sar\u00e0 possibile anche richiedere la visita virtuale con un operatore che, dalle sale del museo, si collegher\u00e0 con le classi tramite piattaforma Google Meet.<\/li>\n<li><strong>Escursioni a tema geologico con guida lungo alcuni geotrail didattici del Geoparco delle Alpi Carniche<\/strong>. I percorsi, rivolti agli alunni del Secondo ciclo della Scuola Primaria e della Scuola Secondaria di I e II Grado, saranno effettuabili fino al tardo autunno e dalla prima primavera, in assenza di neve e con suolo asciutto. La durata delle geoescursioni \u00e8 di circa mezza giornata, compresi gli stop per le spiegazioni.<\/li>\n<\/ul>\n<p><strong>L\u2019offerta didattica completa del Geoparco delle Alpi Carniche<\/strong>, con indicati i contenuti delle diverse proposte didattiche, tempi e modalit\u00e0 di svolgimento, costi e modalit\u00e0 di prenotazione, <strong>\u00e8 inserita anche nell\u2019offerta didattica della Rete Museale CarniaMusei per l\u2019anno 2024\/2025<\/strong> ed \u00e8 scaricabile dal sito www.carniamusei.org nella sezione \u201cAttivit\u00e0 didattiche\u201d. Link: <strong>https:\/\/www.carniamusei.org\/didattica-intro.html<\/strong> divise per ordine di scuola:<\/p>\n<ul>\n<li>le proposte rivolte alla Scuola dell\u2019Infanzia, Primaria e Secondaria di I Grado sono descritte nella brochure <strong>Sperimentiamo per crescere. Proposte didattiche per la Scuola dell\u2019Infanzia, Primaria e Secondaria di I Grado&nbsp;<\/strong><\/li>\n<li>le proposte rivolte alla Scuola Secondaria di II Grado sono raccolte nela brochure <strong>Proposte didattiche per la Scuola Secondaria di II Grado&nbsp;<\/strong><\/li>\n<\/ul>\n<p>&nbsp;&nbsp;<\/p>\n<p><strong>Prenotazioni: <\/strong>le prenotazioni verranno accolte fino ad esaurimento dei posti disponibili. All\u2019atto della prenotazione, verr\u00e0 inviata una scheda riepilogativa che conterr\u00e0 tutte le informazioni.<\/p>\n<p><strong>Info e prenotazioni:<\/strong><br \/>\n<strong>Geoparco delle Alpi Carniche<\/strong><br \/>\nComunit\u00e0 di montagna della Carnia<br \/>\nmail: info@geoparcoalpicarniche.org<br \/>\ntel: +39 0433 487726 - dal luned\u00ec al venerd\u00ec con orario 10.00-13.00 e luned\u00ec ore 15.00-17.00<\/p>\n<p><strong>Sotto trovi l'elenco delle diverse proposte!<\/strong><\/p>\n<p>&nbsp;<\/p>\n<\/div>\n<\/div><\/div><\/div><\/div><\/div>","protected":false},"excerpt":{"rendered":"<p>Ll\u2019offerta didattica del Geoparco anche quest\u2019anno si articola in diverse proposte: Laboratori didattici e visite guidate presso il Museo Geologico della Carnia e l\u2019Esposizione Permanente del Fossile. Per il museo geologico della Carnia, oltre alla visita guidata in presenza, sar\u00e0 possibile anche richiedere la visita virtuale con un operatore che, &hellip;<\/p>\n","protected":false},"author":2,"featured_media":14174,"parent":3910,"menu_order":116,"comment_status":"closed","ping_status":"closed","template":"proposte-didattiche.php","meta":{"_acf_changed":false,"inline_featured_image":false,"ngg_post_thumbnail":0,"footnotes":""},"class_list":{"0":"post-2987","1":"page","2":"type-page","3":"status-publish","4":"has-post-thumbnail","6":"clearfix","7":"article"},"acf":[],"yoast_head":"<!-- This site is optimized with the Yoast SEO plugin v27.4 - https:\/\/yoast.com\/product\/yoast-seo-wordpress\/ -->\n<title>Proposte didattiche del Geoparco per l&#039;anno scolastico 2024\/25 - Geoparco Alpi Carniche<\/title>\n<meta name=\"robots\" content=\"index, follow, max-snippet:-1, max-image-preview:large, max-video-preview:-1\" \/>\n<link rel=\"canonical\" href=\"https:\/\/www.geoparcoalpicarniche.org\/it\/vivi-il-geoparco\/proposte-didattiche\/\" \/>\n<meta property=\"og:locale\" content=\"it_IT\" \/>\n<meta property=\"og:type\" content=\"article\" \/>\n<meta property=\"og:title\" content=\"Proposte didattiche del Geoparco per l&#039;anno scolastico 2024\/25 - Geoparco Alpi Carniche\" \/>\n<meta property=\"og:description\" content=\"Ll\u2019offerta didattica del Geoparco anche quest\u2019anno si articola in diverse proposte: Laboratori didattici e visite guidate presso il Museo Geologico della Carnia e l\u2019Esposizione Permanente del Fossile. Per il museo geologico della Carnia, oltre alla visita guidata in presenza, sar\u00e0 possibile anche richiedere la visita virtuale con un operatore che, &hellip;\" \/>\n<meta property=\"og:url\" content=\"https:\/\/www.geoparcoalpicarniche.org\/it\/vivi-il-geoparco\/proposte-didattiche\/\" \/>\n<meta property=\"og:site_name\" content=\"Geoparco Alpi Carniche\" \/>\n<meta property=\"article:modified_time\" content=\"2025-07-22T15:16:07+00:00\" \/>\n<meta property=\"og:image\" content=\"https:\/\/www.geoparcoalpicarniche.org\/wp-content\/uploads\/2025\/07\/Sperimentiamo-per-crescere.png\" \/>\n\t<meta property=\"og:image:width\" content=\"851\" \/>\n\t<meta property=\"og:image:height\" content=\"315\" \/>\n\t<meta property=\"og:image:type\" content=\"image\/png\" \/>\n<meta name=\"twitter:card\" content=\"summary_large_image\" \/>\n<meta name=\"twitter:label1\" content=\"Tempo di lettura stimato\" \/>\n\t<meta name=\"twitter:data1\" content=\"2 minuti\" \/>\n<script type=\"application\/ld+json\" class=\"yoast-schema-graph\">{\"@context\":\"https:\\\/\\\/schema.org\",\"@graph\":[{\"@type\":\"WebPage\",\"@id\":\"https:\\\/\\\/www.geoparcoalpicarniche.org\\\/it\\\/vivi-il-geoparco\\\/proposte-didattiche\\\/\",\"url\":\"https:\\\/\\\/www.geoparcoalpicarniche.org\\\/it\\\/vivi-il-geoparco\\\/proposte-didattiche\\\/\",\"name\":\"Proposte didattiche del Geoparco per l'anno scolastico 2024\\\/25 - Geoparco Alpi Carniche\",\"isPartOf\":{\"@id\":\"https:\\\/\\\/www.geoparcoalpicarniche.org\\\/it\\\/#website\"},\"primaryImageOfPage\":{\"@id\":\"https:\\\/\\\/www.geoparcoalpicarniche.org\\\/it\\\/vivi-il-geoparco\\\/proposte-didattiche\\\/#primaryimage\"},\"image\":{\"@id\":\"https:\\\/\\\/www.geoparcoalpicarniche.org\\\/it\\\/vivi-il-geoparco\\\/proposte-didattiche\\\/#primaryimage\"},\"thumbnailUrl\":\"https:\\\/\\\/www.geoparcoalpicarniche.org\\\/wp-content\\\/uploads\\\/2025\\\/07\\\/Sperimentiamo-per-crescere.png\",\"datePublished\":\"2018-01-15T13:51:40+00:00\",\"dateModified\":\"2025-07-22T15:16:07+00:00\",\"breadcrumb\":{\"@id\":\"https:\\\/\\\/www.geoparcoalpicarniche.org\\\/it\\\/vivi-il-geoparco\\\/proposte-didattiche\\\/#breadcrumb\"},\"inLanguage\":\"it-IT\",\"potentialAction\":[{\"@type\":\"ReadAction\",\"target\":[\"https:\\\/\\\/www.geoparcoalpicarniche.org\\\/it\\\/vivi-il-geoparco\\\/proposte-didattiche\\\/\"]}]},{\"@type\":\"ImageObject\",\"inLanguage\":\"it-IT\",\"@id\":\"https:\\\/\\\/www.geoparcoalpicarniche.org\\\/it\\\/vivi-il-geoparco\\\/proposte-didattiche\\\/#primaryimage\",\"url\":\"https:\\\/\\\/www.geoparcoalpicarniche.org\\\/wp-content\\\/uploads\\\/2025\\\/07\\\/Sperimentiamo-per-crescere.png\",\"contentUrl\":\"https:\\\/\\\/www.geoparcoalpicarniche.org\\\/wp-content\\\/uploads\\\/2025\\\/07\\\/Sperimentiamo-per-crescere.png\",\"width\":851,\"height\":315},{\"@type\":\"BreadcrumbList\",\"@id\":\"https:\\\/\\\/www.geoparcoalpicarniche.org\\\/it\\\/vivi-il-geoparco\\\/proposte-didattiche\\\/#breadcrumb\",\"itemListElement\":[{\"@type\":\"ListItem\",\"position\":1,\"name\":\"Home\",\"item\":\"https:\\\/\\\/www.geoparcoalpicarniche.org\\\/it\\\/\"},{\"@type\":\"ListItem\",\"position\":2,\"name\":\"Vivi il geoparco\",\"item\":\"https:\\\/\\\/www.geoparcoalpicarniche.org\\\/it\\\/vivi-il-geoparco\\\/\"},{\"@type\":\"ListItem\",\"position\":3,\"name\":\"Proposte didattiche del Geoparco per l&#8217;anno scolastico 2024\\\/25\"}]},{\"@type\":\"WebSite\",\"@id\":\"https:\\\/\\\/www.geoparcoalpicarniche.org\\\/it\\\/#website\",\"url\":\"https:\\\/\\\/www.geoparcoalpicarniche.org\\\/it\\\/\",\"name\":\"Geoparco Alpi Carniche\",\"description\":\"Custode del patrimonio geologico transfrontaliero\",\"potentialAction\":[{\"@type\":\"SearchAction\",\"target\":{\"@type\":\"EntryPoint\",\"urlTemplate\":\"https:\\\/\\\/www.geoparcoalpicarniche.org\\\/it\\\/?s={search_term_string}\"},\"query-input\":{\"@type\":\"PropertyValueSpecification\",\"valueRequired\":true,\"valueName\":\"search_term_string\"}}],\"inLanguage\":\"it-IT\"}]}<\/script>\n<!-- \/ Yoast SEO plugin. -->","yoast_head_json":{"title":"Proposte didattiche del Geoparco per l'anno scolastico 2024\/25 - Geoparco Alpi Carniche","robots":{"index":"index","follow":"follow","max-snippet":"max-snippet:-1","max-image-preview":"max-image-preview:large","max-video-preview":"max-video-preview:-1"},"canonical":"https:\/\/www.geoparcoalpicarniche.org\/it\/vivi-il-geoparco\/proposte-didattiche\/","og_locale":"it_IT","og_type":"article","og_title":"Proposte didattiche del Geoparco per l'anno scolastico 2024\/25 - Geoparco Alpi Carniche","og_description":"Ll\u2019offerta didattica del Geoparco anche quest\u2019anno si articola in diverse proposte: Laboratori didattici e visite guidate presso il Museo Geologico della Carnia e l\u2019Esposizione Permanente del Fossile. Per il museo geologico della Carnia, oltre alla visita guidata in presenza, sar\u00e0 possibile anche richiedere la visita virtuale con un operatore che, &hellip;","og_url":"https:\/\/www.geoparcoalpicarniche.org\/it\/vivi-il-geoparco\/proposte-didattiche\/","og_site_name":"Geoparco Alpi Carniche","article_modified_time":"2025-07-22T15:16:07+00:00","og_image":[{"width":851,"height":315,"url":"https:\/\/www.geoparcoalpicarniche.org\/wp-content\/uploads\/2025\/07\/Sperimentiamo-per-crescere.png","type":"image\/png"}],"twitter_card":"summary_large_image","twitter_misc":{"Tempo di lettura stimato":"2 minuti"},"schema":{"@context":"https:\/\/schema.org","@graph":[{"@type":"WebPage","@id":"https:\/\/www.geoparcoalpicarniche.org\/it\/vivi-il-geoparco\/proposte-didattiche\/","url":"https:\/\/www.geoparcoalpicarniche.org\/it\/vivi-il-geoparco\/proposte-didattiche\/","name":"Proposte didattiche del Geoparco per l'anno scolastico 2024\/25 - Geoparco Alpi Carniche","isPartOf":{"@id":"https:\/\/www.geoparcoalpicarniche.org\/it\/#website"},"primaryImageOfPage":{"@id":"https:\/\/www.geoparcoalpicarniche.org\/it\/vivi-il-geoparco\/proposte-didattiche\/#primaryimage"},"image":{"@id":"https:\/\/www.geoparcoalpicarniche.org\/it\/vivi-il-geoparco\/proposte-didattiche\/#primaryimage"},"thumbnailUrl":"https:\/\/www.geoparcoalpicarniche.org\/wp-content\/uploads\/2025\/07\/Sperimentiamo-per-crescere.png","datePublished":"2018-01-15T13:51:40+00:00","dateModified":"2025-07-22T15:16:07+00:00","breadcrumb":{"@id":"https:\/\/www.geoparcoalpicarniche.org\/it\/vivi-il-geoparco\/proposte-didattiche\/#breadcrumb"},"inLanguage":"it-IT","potentialAction":[{"@type":"ReadAction","target":["https:\/\/www.geoparcoalpicarniche.org\/it\/vivi-il-geoparco\/proposte-didattiche\/"]}]},{"@type":"ImageObject","inLanguage":"it-IT","@id":"https:\/\/www.geoparcoalpicarniche.org\/it\/vivi-il-geoparco\/proposte-didattiche\/#primaryimage","url":"https:\/\/www.geoparcoalpicarniche.org\/wp-content\/uploads\/2025\/07\/Sperimentiamo-per-crescere.png","contentUrl":"https:\/\/www.geoparcoalpicarniche.org\/wp-content\/uploads\/2025\/07\/Sperimentiamo-per-crescere.png","width":851,"height":315},{"@type":"BreadcrumbList","@id":"https:\/\/www.geoparcoalpicarniche.org\/it\/vivi-il-geoparco\/proposte-didattiche\/#breadcrumb","itemListElement":[{"@type":"ListItem","position":1,"name":"Home","item":"https:\/\/www.geoparcoalpicarniche.org\/it\/"},{"@type":"ListItem","position":2,"name":"Vivi il geoparco","item":"https:\/\/www.geoparcoalpicarniche.org\/it\/vivi-il-geoparco\/"},{"@type":"ListItem","position":3,"name":"Proposte didattiche del Geoparco per l&#8217;anno scolastico 2024\/25"}]},{"@type":"WebSite","@id":"https:\/\/www.geoparcoalpicarniche.org\/it\/#website","url":"https:\/\/www.geoparcoalpicarniche.org\/it\/","name":"Geoparco Alpi Carniche","description":"Custode del patrimonio geologico transfrontaliero","potentialAction":[{"@type":"SearchAction","target":{"@type":"EntryPoint","urlTemplate":"https:\/\/www.geoparcoalpicarniche.org\/it\/?s={search_term_string}"},"query-input":{"@type":"PropertyValueSpecification","valueRequired":true,"valueName":"search_term_string"}}],"inLanguage":"it-IT"}]}},"_links":{"self":[{"href":"https:\/\/www.geoparcoalpicarniche.org\/it\/wp-json\/wp\/v2\/pages\/2987","targetHints":{"allow":["GET"]}}],"collection":[{"href":"https:\/\/www.geoparcoalpicarniche.org\/it\/wp-json\/wp\/v2\/pages"}],"about":[{"href":"https:\/\/www.geoparcoalpicarniche.org\/it\/wp-json\/wp\/v2\/types\/page"}],"author":[{"embeddable":true,"href":"https:\/\/www.geoparcoalpicarniche.org\/it\/wp-json\/wp\/v2\/users\/2"}],"replies":[{"embeddable":true,"href":"https:\/\/www.geoparcoalpicarniche.org\/it\/wp-json\/wp\/v2\/comments?post=2987"}],"version-history":[{"count":5,"href":"https:\/\/www.geoparcoalpicarniche.org\/it\/wp-json\/wp\/v2\/pages\/2987\/revisions"}],"predecessor-version":[{"id":14188,"href":"https:\/\/www.geoparcoalpicarniche.org\/it\/wp-json\/wp\/v2\/pages\/2987\/revisions\/14188"}],"up":[{"embeddable":true,"href":"https:\/\/www.geoparcoalpicarniche.org\/it\/wp-json\/wp\/v2\/pages\/3910"}],"wp:featuredmedia":[{"embeddable":true,"href":"https:\/\/www.geoparcoalpicarniche.org\/it\/wp-json\/wp\/v2\/media\/14174"}],"wp:attachment":[{"href":"https:\/\/www.geoparcoalpicarniche.org\/it\/wp-json\/wp\/v2\/media?parent=2987"}],"curies":[{"name":"wp","href":"https:\/\/api.w.org\/{rel}","templated":true}]}}