{"id":2704,"date":"2017-12-21T10:58:06","date_gmt":"2017-12-21T09:58:06","guid":{"rendered":"https:\/\/www.geoparcoalpicarniche.org\/?page_id=2704"},"modified":"2020-12-23T11:35:49","modified_gmt":"2020-12-23T10:35:49","slug":"geositi","status":"publish","type":"page","link":"https:\/\/www.geoparcoalpicarniche.org\/it\/il-territorio\/geositi\/","title":{"rendered":"Geositi"},"content":{"rendered":"<div id=\"pl-2704\"  class=\"panel-layout\" ><div id=\"pg-2704-0\"  class=\"panel-grid panel-no-style\" ><div id=\"pgc-2704-0-0\"  class=\"panel-grid-cell\" ><div id=\"panel-2704-0-0-0\" class=\"so-panel widget widget_nav_menu panel-first-child panel-last-child\" data-index=\"0\" ><div class=\"menu-territorio-container\"><ul id=\"menu-territorio\" class=\"menu\"><li id=\"menu-item-4668\" class=\"menu-item menu-item-type-post_type menu-item-object-page menu-item-has-children menu-item-4668\"><a href=\"https:\/\/www.geoparcoalpicarniche.org\/it\/il-territorio\/\">Il territorio<\/a>\n<ul class=\"sub-menu\">\n\t<li id=\"menu-item-2032\" class=\"menu-item menu-item-type-post_type menu-item-object-page menu-item-2032\"><a href=\"https:\/\/www.geoparcoalpicarniche.org\/it\/il-territorio\/evoluzione-geologica\/\">Evoluzione geologica<\/a><\/li>\n\t<li id=\"menu-item-4525\" class=\"menu-item menu-item-type-post_type menu-item-object-page menu-item-has-children menu-item-4525\"><a href=\"https:\/\/www.geoparcoalpicarniche.org\/it\/il-territorio\/geomorfologia\/\">Geomorfologia<\/a>\n\t<ul class=\"sub-menu\">\n\t\t<li id=\"menu-item-12197\" class=\"menu-item menu-item-type-post_type menu-item-object-page menu-item-12197\"><a href=\"https:\/\/www.geoparcoalpicarniche.org\/it\/il-territorio\/carsismo\/morfologie-fluviali\/\">Morfologie fluviali<\/a><\/li>\n\t\t<li id=\"menu-item-12196\" class=\"menu-item menu-item-type-post_type menu-item-object-page menu-item-12196\"><a href=\"https:\/\/www.geoparcoalpicarniche.org\/it\/il-territorio\/carsismo\/morfologie-glaciali-e-periglaciali\/\">Morfologie glaciali e periglaciali<\/a><\/li>\n\t\t<li id=\"menu-item-12195\" class=\"menu-item menu-item-type-post_type menu-item-object-page menu-item-12195\"><a href=\"https:\/\/www.geoparcoalpicarniche.org\/it\/il-territorio\/carsismo\/evoluzione-dei-versanti\/\">Evoluzione dei versanti<\/a><\/li>\n\t\t<li id=\"menu-item-4671\" class=\"menu-item menu-item-type-post_type menu-item-object-page menu-item-4671\"><a href=\"https:\/\/www.geoparcoalpicarniche.org\/it\/il-territorio\/carsismo\/forre\/\">Forre<\/a><\/li>\n\t<\/ul>\n<\/li>\n\t<li id=\"menu-item-3060\" class=\"menu-item menu-item-type-post_type menu-item-object-page menu-item-has-children menu-item-3060\"><a href=\"https:\/\/www.geoparcoalpicarniche.org\/it\/il-territorio\/paleontologia\/\">Paleontologia<\/a>\n\t<ul class=\"sub-menu\">\n\t\t<li id=\"menu-item-4667\" class=\"menu-item menu-item-type-post_type menu-item-object-page menu-item-4667\"><a href=\"https:\/\/www.geoparcoalpicarniche.org\/it\/il-territorio\/paleontologia\/fossili\/\">Fossili<\/a><\/li>\n\t<\/ul>\n<\/li>\n\t<li id=\"menu-item-3059\" class=\"menu-item menu-item-type-post_type menu-item-object-page menu-item-3059\"><a href=\"https:\/\/www.geoparcoalpicarniche.org\/it\/il-territorio\/geositi\/\">Geositi<\/a><\/li>\n\t<li id=\"menu-item-5995\" class=\"menu-item menu-item-type-post_type menu-item-object-page menu-item-5995\"><a href=\"https:\/\/www.geoparcoalpicarniche.org\/it\/il-territorio\/geotopi\/\">Geotopi<\/a><\/li>\n\t<li id=\"menu-item-3061\" class=\"menu-item menu-item-type-post_type menu-item-object-page menu-item-has-children menu-item-3061\"><a href=\"https:\/\/www.geoparcoalpicarniche.org\/it\/il-territorio\/carsismo\/\">Carsismo<\/a>\n\t<ul class=\"sub-menu\">\n\t\t<li id=\"menu-item-4669\" class=\"menu-item menu-item-type-post_type menu-item-object-page menu-item-4669\"><a href=\"https:\/\/www.geoparcoalpicarniche.org\/it\/il-territorio\/carsismo\/grotte\/\">Grotte<\/a><\/li>\n\t\t<li id=\"menu-item-4670\" class=\"menu-item menu-item-type-post_type menu-item-object-page menu-item-4670\"><a href=\"https:\/\/www.geoparcoalpicarniche.org\/it\/il-territorio\/carsismo\/campi-solcati\/\">Campi solcati<\/a><\/li>\n\t<\/ul>\n<\/li>\n\t<li id=\"menu-item-4526\" class=\"menu-item menu-item-type-post_type menu-item-object-page menu-item-4526\"><a href=\"https:\/\/www.geoparcoalpicarniche.org\/it\/il-territorio\/siti-minerari\/\">Cave e Miniere<\/a><\/li>\n\t<li id=\"menu-item-7216\" class=\"menu-item menu-item-type-post_type menu-item-object-page menu-item-7216\"><a href=\"https:\/\/www.geoparcoalpicarniche.org\/it\/il-territorio\/pubblicazioni-scaricabili\/\">Pubblicazioni scaricabili<\/a><\/li>\n<\/ul>\n<\/li>\n<\/ul><\/div><\/div><\/div><div id=\"pgc-2704-0-1\"  class=\"panel-grid-cell\" ><div id=\"panel-2704-0-1-0\" class=\"so-panel widget widget_siteorigin-panels-builder panel-first-child\" data-index=\"1\" ><div id=\"pl-w5fe31d8509af9\"  class=\"panel-layout\" ><div id=\"pg-w5fe31d8509af9-0\"  class=\"panel-grid panel-has-style\" ><div class=\"panel-row-style panel-row-style-for-w5fe31d8509af9-0\" ><div id=\"pgc-w5fe31d8509af9-0-0\"  class=\"panel-grid-cell\" ><div id=\"panel-w5fe31d8509af9-0-0-0\" class=\"so-panel widget widget_sow-editor panel-first-child panel-last-child\" data-index=\"0\" ><div\n\t\t\t\n\t\t\tclass=\"so-widget-sow-editor so-widget-sow-editor-base\"\n\t\t\t\n\t\t>\n<div class=\"siteorigin-widget-tinymce textwidget\">\n\t<h2>Geositi<\/h2>\n<p><strong>Un geosito \u00e8 un sito di interesse geologico.<\/strong><\/p>\n<p>Pu\u00f2 essere qualsiasi localit\u00e0, area o territorio in cui \u00e8 possibile definire un interesse geologico-geomorfologico per la conservazione.<\/p>\n<\/div>\n<\/div><\/div><\/div><div id=\"pgc-w5fe31d8509af9-0-1\"  class=\"panel-grid-cell\" ><div id=\"panel-w5fe31d8509af9-0-1-0\" class=\"so-panel widget widget_text panel-first-child panel-last-child\" data-index=\"1\" >\t\t\t<div class=\"textwidget\"><div id='gallery-1' class='gallery galleryid-0 gallery-columns-1 gallery-size-large'><figure class='gallery-item'>\n\t\t\t<div class='gallery-icon landscape'>\n\t\t\t\t<a href='https:\/\/www.geoparcoalpicarniche.org\/wp-content\/uploads\/2018\/02\/Geosito032_Nicchie-paleofrana-M_Rivo_Cucco-1280-600.jpg'><img loading=\"lazy\" decoding=\"async\" width=\"1024\" height=\"480\" src=\"https:\/\/www.geoparcoalpicarniche.org\/wp-content\/uploads\/2018\/02\/Geosito032_Nicchie-paleofrana-M_Rivo_Cucco-1280-600-1024x480.jpg\" class=\"attachment-large size-large\" alt=\"\" srcset=\"https:\/\/www.geoparcoalpicarniche.org\/wp-content\/uploads\/2018\/02\/Geosito032_Nicchie-paleofrana-M_Rivo_Cucco-1280-600-1024x480.jpg 1024w, https:\/\/www.geoparcoalpicarniche.org\/wp-content\/uploads\/2018\/02\/Geosito032_Nicchie-paleofrana-M_Rivo_Cucco-1280-600-300x141.jpg 300w, https:\/\/www.geoparcoalpicarniche.org\/wp-content\/uploads\/2018\/02\/Geosito032_Nicchie-paleofrana-M_Rivo_Cucco-1280-600-768x360.jpg 768w, https:\/\/www.geoparcoalpicarniche.org\/wp-content\/uploads\/2018\/02\/Geosito032_Nicchie-paleofrana-M_Rivo_Cucco-1280-600.jpg 1280w\" sizes=\"auto, (max-width: 1024px) 100vw, 1024px\" \/><\/a>\n\t\t\t<\/div><\/figure>\n\t\t<\/div>\n\n<\/div>\n\t\t<\/div><\/div><\/div><\/div><div id=\"pg-w5fe31d8509af9-1\"  class=\"panel-grid panel-no-style\" ><div id=\"pgc-w5fe31d8509af9-1-0\"  class=\"panel-grid-cell\" ><div id=\"panel-w5fe31d8509af9-1-0-0\" class=\"so-panel widget widget_text panel-first-child panel-last-child\" data-index=\"2\" >\t\t\t<div class=\"textwidget\"><p>Un geosito \u00e8 un\u2019area o una localit\u00e0 che rappresenta in modo esemplare eventi geologici, geomorfologici e regionali. I geositi rappresentano perci\u00f2 dei modelli esemplari, a livello globale oppure per un\u2019ampia fascia di territorio.<br \/>\nI geositi sono anche un bene naturale non rinnovabile che rappresenta una risorsa da studiare e censire: si tratta di componenti del paesaggio che vanno protetti.<\/p>\n<\/div>\n\t\t<\/div><\/div><\/div><\/div><\/div><div id=\"panel-2704-0-1-1\" class=\"so-panel widget widget_siteorigin-panels-builder panel-last-child\" data-index=\"2\" ><div id=\"pl-w5a74281d0795d\"  class=\"panel-layout\" ><div id=\"pg-w5a74281d0795d-0\"  class=\"panel-grid panel-no-style\" ><div id=\"pgc-w5a74281d0795d-0-0\"  class=\"panel-grid-cell\" ><div id=\"panel-w5a74281d0795d-0-0-0\" class=\"so-panel widget widget_sow-editor panel-first-child panel-last-child\" data-index=\"0\" ><div\n\t\t\t\n\t\t\tclass=\"so-widget-sow-editor so-widget-sow-editor-base\"\n\t\t\t\n\t\t>\n<div class=\"siteorigin-widget-tinymce textwidget\">\n\t<p><strong>I geositi si possono suddividere in:<\/strong><br \/>\nGeositi Puntuali: l\u2019areale di affioramento \u00e8 inferiore all\u2019ettaro<br \/>\nGeositi Areali: l\u2019areale di affioramento \u00e8 superiore all\u2019ettaro<br \/>\nGeositi Lineari: si sviluppano in lunghezza e possono essere rappresentati da una linea<br \/>\nGeositi Multipli: in un geosito areale si trovano ubicate in vari punti valenze geologiche diverse ma espressione del medesimo interesse scientifico<br \/>\nGeositi Complessi: geositi diversi all\u2019interno di un unico geosito<\/p>\n<p><strong>I geositi si differenziano anche per livello di interesse:<\/strong><br \/>\nGeositi di interesse sovranazionale<br \/>\nGeositi di interesse nazionale<br \/>\nGeositi di interesse regionale<\/p>\n<p><strong>Il Geoparco Transfrontaliero delle Alpi Carniche include 130 geositi!<\/strong><\/p>\n<\/div>\n<\/div><\/div><\/div><\/div><\/div><\/div><\/div><\/div><\/div>","protected":false},"excerpt":{"rendered":"<p>Il territorio Evoluzione geologica Geomorfologia Morfologie fluviali Morfologie glaciali e periglaciali Evoluzione dei versanti Forre Paleontologia Fossili Geositi Geotopi Carsismo Grotte Campi solcati Cave e Miniere Pubblicazioni scaricabili Geositi Un geosito \u00e8 un sito di interesse geologico. Pu\u00f2 essere qualsiasi localit\u00e0, area o territorio in cui \u00e8 possibile definire un &hellip;<\/p>\n","protected":false},"author":2,"featured_media":0,"parent":4065,"menu_order":68,"comment_status":"closed","ping_status":"closed","template":"geositi.php","meta":{"_acf_changed":false,"inline_featured_image":false,"ngg_post_thumbnail":0,"footnotes":""},"class_list":{"0":"post-2704","1":"page","2":"type-page","3":"status-publish","5":"clearfix","6":"article"},"acf":[],"yoast_head":"<!-- This site is optimized with the Yoast SEO plugin v27.5 - https:\/\/yoast.com\/product\/yoast-seo-wordpress\/ -->\n<title>Geositi - Geoparco Alpi Carniche<\/title>\n<meta name=\"robots\" content=\"index, follow, max-snippet:-1, max-image-preview:large, max-video-preview:-1\" \/>\n<link rel=\"canonical\" href=\"https:\/\/www.geoparcoalpicarniche.org\/it\/il-territorio\/geositi\/\" \/>\n<meta property=\"og:locale\" content=\"it_IT\" \/>\n<meta property=\"og:type\" content=\"article\" \/>\n<meta property=\"og:title\" content=\"Geositi - Geoparco Alpi Carniche\" \/>\n<meta property=\"og:description\" content=\"Il territorio Evoluzione geologica Geomorfologia Morfologie fluviali Morfologie glaciali e periglaciali Evoluzione dei versanti Forre Paleontologia Fossili Geositi Geotopi Carsismo Grotte Campi solcati Cave e Miniere Pubblicazioni scaricabili Geositi Un geosito \u00e8 un sito di interesse geologico. Pu\u00f2 essere qualsiasi localit\u00e0, area o territorio in cui \u00e8 possibile definire un &hellip;\" \/>\n<meta property=\"og:url\" content=\"https:\/\/www.geoparcoalpicarniche.org\/it\/il-territorio\/geositi\/\" \/>\n<meta property=\"og:site_name\" content=\"Geoparco Alpi Carniche\" \/>\n<meta property=\"article:modified_time\" content=\"2020-12-23T10:35:49+00:00\" \/>\n<meta property=\"og:image\" content=\"https:\/\/www.geoparcoalpicarniche.org\/wp-content\/uploads\/2018\/02\/Geosito032_Nicchie-paleofrana-M_Rivo_Cucco-1280-600-1024x480.jpg\" \/>\n<meta name=\"twitter:card\" content=\"summary_large_image\" \/>\n<meta name=\"twitter:label1\" content=\"Tempo di lettura stimato\" \/>\n\t<meta name=\"twitter:data1\" content=\"1 minuto\" \/>\n<script type=\"application\/ld+json\" class=\"yoast-schema-graph\">{\"@context\":\"https:\\\/\\\/schema.org\",\"@graph\":[{\"@type\":\"WebPage\",\"@id\":\"https:\\\/\\\/www.geoparcoalpicarniche.org\\\/it\\\/il-territorio\\\/geositi\\\/\",\"url\":\"https:\\\/\\\/www.geoparcoalpicarniche.org\\\/it\\\/il-territorio\\\/geositi\\\/\",\"name\":\"Geositi - Geoparco Alpi Carniche\",\"isPartOf\":{\"@id\":\"https:\\\/\\\/www.geoparcoalpicarniche.org\\\/it\\\/#website\"},\"primaryImageOfPage\":{\"@id\":\"https:\\\/\\\/www.geoparcoalpicarniche.org\\\/it\\\/il-territorio\\\/geositi\\\/#primaryimage\"},\"image\":{\"@id\":\"https:\\\/\\\/www.geoparcoalpicarniche.org\\\/it\\\/il-territorio\\\/geositi\\\/#primaryimage\"},\"thumbnailUrl\":\"https:\\\/\\\/www.geoparcoalpicarniche.org\\\/wp-content\\\/uploads\\\/2018\\\/02\\\/Geosito032_Nicchie-paleofrana-M_Rivo_Cucco-1280-600-1024x480.jpg\",\"datePublished\":\"2017-12-21T09:58:06+00:00\",\"dateModified\":\"2020-12-23T10:35:49+00:00\",\"breadcrumb\":{\"@id\":\"https:\\\/\\\/www.geoparcoalpicarniche.org\\\/it\\\/il-territorio\\\/geositi\\\/#breadcrumb\"},\"inLanguage\":\"it-IT\",\"potentialAction\":[{\"@type\":\"ReadAction\",\"target\":[\"https:\\\/\\\/www.geoparcoalpicarniche.org\\\/it\\\/il-territorio\\\/geositi\\\/\"]}]},{\"@type\":\"ImageObject\",\"inLanguage\":\"it-IT\",\"@id\":\"https:\\\/\\\/www.geoparcoalpicarniche.org\\\/it\\\/il-territorio\\\/geositi\\\/#primaryimage\",\"url\":\"https:\\\/\\\/www.geoparcoalpicarniche.org\\\/wp-content\\\/uploads\\\/2018\\\/02\\\/Geosito032_Nicchie-paleofrana-M_Rivo_Cucco-1280-600-1024x480.jpg\",\"contentUrl\":\"https:\\\/\\\/www.geoparcoalpicarniche.org\\\/wp-content\\\/uploads\\\/2018\\\/02\\\/Geosito032_Nicchie-paleofrana-M_Rivo_Cucco-1280-600-1024x480.jpg\"},{\"@type\":\"BreadcrumbList\",\"@id\":\"https:\\\/\\\/www.geoparcoalpicarniche.org\\\/it\\\/il-territorio\\\/geositi\\\/#breadcrumb\",\"itemListElement\":[{\"@type\":\"ListItem\",\"position\":1,\"name\":\"Home\",\"item\":\"https:\\\/\\\/www.geoparcoalpicarniche.org\\\/it\\\/\"},{\"@type\":\"ListItem\",\"position\":2,\"name\":\"Il territorio\",\"item\":\"https:\\\/\\\/www.geoparcoalpicarniche.org\\\/it\\\/il-territorio\\\/\"},{\"@type\":\"ListItem\",\"position\":3,\"name\":\"Geositi\"}]},{\"@type\":\"WebSite\",\"@id\":\"https:\\\/\\\/www.geoparcoalpicarniche.org\\\/it\\\/#website\",\"url\":\"https:\\\/\\\/www.geoparcoalpicarniche.org\\\/it\\\/\",\"name\":\"Geoparco Alpi Carniche\",\"description\":\"Custode del patrimonio geologico transfrontaliero\",\"potentialAction\":[{\"@type\":\"SearchAction\",\"target\":{\"@type\":\"EntryPoint\",\"urlTemplate\":\"https:\\\/\\\/www.geoparcoalpicarniche.org\\\/it\\\/?s={search_term_string}\"},\"query-input\":{\"@type\":\"PropertyValueSpecification\",\"valueRequired\":true,\"valueName\":\"search_term_string\"}}],\"inLanguage\":\"it-IT\"}]}<\/script>\n<!-- \/ Yoast SEO plugin. -->","yoast_head_json":{"title":"Geositi - Geoparco Alpi Carniche","robots":{"index":"index","follow":"follow","max-snippet":"max-snippet:-1","max-image-preview":"max-image-preview:large","max-video-preview":"max-video-preview:-1"},"canonical":"https:\/\/www.geoparcoalpicarniche.org\/it\/il-territorio\/geositi\/","og_locale":"it_IT","og_type":"article","og_title":"Geositi - Geoparco Alpi Carniche","og_description":"Il territorio Evoluzione geologica Geomorfologia Morfologie fluviali Morfologie glaciali e periglaciali Evoluzione dei versanti Forre Paleontologia Fossili Geositi Geotopi Carsismo Grotte Campi solcati Cave e Miniere Pubblicazioni scaricabili Geositi Un geosito \u00e8 un sito di interesse geologico. Pu\u00f2 essere qualsiasi localit\u00e0, area o territorio in cui \u00e8 possibile definire un &hellip;","og_url":"https:\/\/www.geoparcoalpicarniche.org\/it\/il-territorio\/geositi\/","og_site_name":"Geoparco Alpi Carniche","article_modified_time":"2020-12-23T10:35:49+00:00","og_image":[{"url":"https:\/\/www.geoparcoalpicarniche.org\/wp-content\/uploads\/2018\/02\/Geosito032_Nicchie-paleofrana-M_Rivo_Cucco-1280-600-1024x480.jpg","type":"","width":"","height":""}],"twitter_card":"summary_large_image","twitter_misc":{"Tempo di lettura stimato":"1 minuto"},"schema":{"@context":"https:\/\/schema.org","@graph":[{"@type":"WebPage","@id":"https:\/\/www.geoparcoalpicarniche.org\/it\/il-territorio\/geositi\/","url":"https:\/\/www.geoparcoalpicarniche.org\/it\/il-territorio\/geositi\/","name":"Geositi - Geoparco Alpi Carniche","isPartOf":{"@id":"https:\/\/www.geoparcoalpicarniche.org\/it\/#website"},"primaryImageOfPage":{"@id":"https:\/\/www.geoparcoalpicarniche.org\/it\/il-territorio\/geositi\/#primaryimage"},"image":{"@id":"https:\/\/www.geoparcoalpicarniche.org\/it\/il-territorio\/geositi\/#primaryimage"},"thumbnailUrl":"https:\/\/www.geoparcoalpicarniche.org\/wp-content\/uploads\/2018\/02\/Geosito032_Nicchie-paleofrana-M_Rivo_Cucco-1280-600-1024x480.jpg","datePublished":"2017-12-21T09:58:06+00:00","dateModified":"2020-12-23T10:35:49+00:00","breadcrumb":{"@id":"https:\/\/www.geoparcoalpicarniche.org\/it\/il-territorio\/geositi\/#breadcrumb"},"inLanguage":"it-IT","potentialAction":[{"@type":"ReadAction","target":["https:\/\/www.geoparcoalpicarniche.org\/it\/il-territorio\/geositi\/"]}]},{"@type":"ImageObject","inLanguage":"it-IT","@id":"https:\/\/www.geoparcoalpicarniche.org\/it\/il-territorio\/geositi\/#primaryimage","url":"https:\/\/www.geoparcoalpicarniche.org\/wp-content\/uploads\/2018\/02\/Geosito032_Nicchie-paleofrana-M_Rivo_Cucco-1280-600-1024x480.jpg","contentUrl":"https:\/\/www.geoparcoalpicarniche.org\/wp-content\/uploads\/2018\/02\/Geosito032_Nicchie-paleofrana-M_Rivo_Cucco-1280-600-1024x480.jpg"},{"@type":"BreadcrumbList","@id":"https:\/\/www.geoparcoalpicarniche.org\/it\/il-territorio\/geositi\/#breadcrumb","itemListElement":[{"@type":"ListItem","position":1,"name":"Home","item":"https:\/\/www.geoparcoalpicarniche.org\/it\/"},{"@type":"ListItem","position":2,"name":"Il territorio","item":"https:\/\/www.geoparcoalpicarniche.org\/it\/il-territorio\/"},{"@type":"ListItem","position":3,"name":"Geositi"}]},{"@type":"WebSite","@id":"https:\/\/www.geoparcoalpicarniche.org\/it\/#website","url":"https:\/\/www.geoparcoalpicarniche.org\/it\/","name":"Geoparco Alpi Carniche","description":"Custode del patrimonio geologico transfrontaliero","potentialAction":[{"@type":"SearchAction","target":{"@type":"EntryPoint","urlTemplate":"https:\/\/www.geoparcoalpicarniche.org\/it\/?s={search_term_string}"},"query-input":{"@type":"PropertyValueSpecification","valueRequired":true,"valueName":"search_term_string"}}],"inLanguage":"it-IT"}]}},"_links":{"self":[{"href":"https:\/\/www.geoparcoalpicarniche.org\/it\/wp-json\/wp\/v2\/pages\/2704","targetHints":{"allow":["GET"]}}],"collection":[{"href":"https:\/\/www.geoparcoalpicarniche.org\/it\/wp-json\/wp\/v2\/pages"}],"about":[{"href":"https:\/\/www.geoparcoalpicarniche.org\/it\/wp-json\/wp\/v2\/types\/page"}],"author":[{"embeddable":true,"href":"https:\/\/www.geoparcoalpicarniche.org\/it\/wp-json\/wp\/v2\/users\/2"}],"replies":[{"embeddable":true,"href":"https:\/\/www.geoparcoalpicarniche.org\/it\/wp-json\/wp\/v2\/comments?post=2704"}],"version-history":[{"count":5,"href":"https:\/\/www.geoparcoalpicarniche.org\/it\/wp-json\/wp\/v2\/pages\/2704\/revisions"}],"predecessor-version":[{"id":12121,"href":"https:\/\/www.geoparcoalpicarniche.org\/it\/wp-json\/wp\/v2\/pages\/2704\/revisions\/12121"}],"up":[{"embeddable":true,"href":"https:\/\/www.geoparcoalpicarniche.org\/it\/wp-json\/wp\/v2\/pages\/4065"}],"wp:attachment":[{"href":"https:\/\/www.geoparcoalpicarniche.org\/it\/wp-json\/wp\/v2\/media?parent=2704"}],"curies":[{"name":"wp","href":"https:\/\/api.w.org\/{rel}","templated":true}]}}