{"id":2151,"date":"2017-11-22T16:46:38","date_gmt":"2017-11-22T15:46:38","guid":{"rendered":"https:\/\/www.geoparcoalpicarniche.org\/?page_id=2151"},"modified":"2024-03-26T09:13:16","modified_gmt":"2024-03-26T08:13:16","slug":"geotrails","status":"publish","type":"page","link":"https:\/\/www.geoparcoalpicarniche.org\/it\/vivi-il-geoparco\/geotrails\/","title":{"rendered":"Geotrails"},"content":{"rendered":"<div id=\"pl-2151\"  class=\"panel-layout\" ><div id=\"pg-2151-0\"  class=\"panel-grid panel-no-style\" ><div id=\"pgc-2151-0-0\"  class=\"panel-grid-cell\" ><div id=\"panel-2151-0-0-0\" class=\"so-panel widget widget_sow-editor panel-first-child panel-last-child\" data-index=\"0\" ><div\n\t\t\t\n\t\t\tclass=\"so-widget-sow-editor so-widget-sow-editor-base\"\n\t\t\t\n\t\t>\n<div class=\"siteorigin-widget-tinymce textwidget\">\n\t<h2>Geotrails<\/h2>\n<p>Il Geoparco transfrontaliero propone <strong>itinerari escursionistici a tema geologico<\/strong>, che vi permetteranno di ammirare e conoscere le molteplici peculiarit\u00e0 geologiche del suo territorio.<\/p>\n<p>&nbsp;<\/p>\n<\/div>\n<\/div><\/div><\/div><div id=\"pgc-2151-0-1\"  class=\"panel-grid-cell\" ><div id=\"panel-2151-0-1-0\" class=\"so-panel widget widget_sow-editor panel-first-child panel-last-child\" data-index=\"1\" ><div\n\t\t\t\n\t\t\tclass=\"so-widget-sow-editor so-widget-sow-editor-base\"\n\t\t\t\n\t\t>\n<div class=\"siteorigin-widget-tinymce textwidget\">\n\t<div id='gallery-1' class='gallery galleryid-2151 gallery-columns-1 gallery-size-large'><figure class='gallery-item'>\n\t\t\t<div class='gallery-icon landscape'>\n\t\t\t\t<a href='https:\/\/www.geoparcoalpicarniche.org\/wp-content\/uploads\/2018\/01\/Copertina-Geotrails-1280.jpg'><img loading=\"lazy\" decoding=\"async\" width=\"1024\" height=\"512\" src=\"https:\/\/www.geoparcoalpicarniche.org\/wp-content\/uploads\/2018\/01\/Copertina-Geotrails-1280-1024x512.jpg\" class=\"attachment-large size-large\" alt=\"\" srcset=\"https:\/\/www.geoparcoalpicarniche.org\/wp-content\/uploads\/2018\/01\/Copertina-Geotrails-1280-1024x512.jpg 1024w, https:\/\/www.geoparcoalpicarniche.org\/wp-content\/uploads\/2018\/01\/Copertina-Geotrails-1280-300x150.jpg 300w, https:\/\/www.geoparcoalpicarniche.org\/wp-content\/uploads\/2018\/01\/Copertina-Geotrails-1280-768x384.jpg 768w, https:\/\/www.geoparcoalpicarniche.org\/wp-content\/uploads\/2018\/01\/Copertina-Geotrails-1280-350x175.jpg 350w, https:\/\/www.geoparcoalpicarniche.org\/wp-content\/uploads\/2018\/01\/Copertina-Geotrails-1280.jpg 1280w\" sizes=\"auto, (max-width: 1024px) 100vw, 1024px\" \/><\/a>\n\t\t\t<\/div><\/figure>\n\t\t<\/div>\n\n<\/div>\n<\/div><\/div><\/div><\/div><div id=\"pg-2151-1\"  class=\"panel-grid panel-no-style\" ><div id=\"pgc-2151-1-0\"  class=\"panel-grid-cell\" ><div id=\"panel-2151-1-0-0\" class=\"so-panel widget widget_sow-editor panel-first-child panel-last-child\" data-index=\"2\" ><div\n\t\t\t\n\t\t\tclass=\"so-widget-sow-editor so-widget-sow-editor-base\"\n\t\t\t\n\t\t>\n<div class=\"siteorigin-widget-tinymce textwidget\">\n\t<p>Attivando i filtri di ricerca \u00e8 possibile trovare l\u2019itinerario pi\u00f9 adatto alle proprie curiosit\u00e0 o capacit\u00e0: dai percorsi di lunga percorrenza, su sentieri anche impegnativi (mai alpinistici), si arriva a proposte di brevi passeggiate di fondovalle, di tipo turistico (secondo la classificazione CAI).<\/p>\n<p>Per ogni itinerario la scheda fornisce il percorso di dettagli con i singoli geostop, luoghi in cui \u00e8 possibile osservare le caratteristiche geologiche peculiari dell\u2019area. Vengono inoltre indicate attrezzatura necessaria, periodo consigliato, altitudine.<\/p>\n<p>L'elenco dei geotrail \u00e8 in continuo aggiornamento, con proposte sempre nuove, varie e di diverso grado di difficolt\u00e0, per conoscere tutto il territorio del Geoparco e le sue bellezze geologiche.<\/p>\n<p>I geotrails sono percorsi in prevalenza su sentieri, di bassa, media o alta quota. Hanno diversi livelli di difficolt\u00e0, ma richiedono sempre, come ogni sentiero, alcune attenzioni. <strong>Scegliete il vostro geotrail tenendo conto delle vostre capacit\u00e0 e abbiate cura di avere sempre un abbigliamento e l\u2019attrezzatura adeguata!<\/strong><\/p>\n<p>&nbsp;<\/p>\n<p><strong>ATTENZIONE:<\/strong><br \/>\n<em><strong>Le informazioni e le immagini presenti sul sito hanno fine meramente illustrativo, non esortativo n\u00e9 didattico, e le indicazioni sui sentieri e sul loro grado di difficolt\u00e0 hanno valore indicativo.<\/strong><\/em><br \/>\n<em><strong>Prima di partire, verificate i sentieri, eventi meteorologici possono renderli temporaneamente inagibili . Si consiglia sempre di informarsi sulla praticabilit\u00e0 del sentiero contattando la sezione CAI pi\u00f9 vicina o il Geoparco, prima di intraprendere l'escursione.<br \/>\n<\/strong><\/em><em><strong>Monitorate il meteo, assicuratevi che la vostra preparazione e l\u2019equipaggiamento siano adeguati all\u2019itinerario scelto.<\/strong><\/em><br \/>\n<em><strong>Si declina ogni responsabilit\u00e0, civile e penale, diretta e indiretta, che possa derivare dall\u2019esercizio delle attivit\u00e0 qui illustrate.<\/strong><\/em><\/p>\n<p><strong><em>&nbsp;<\/em><\/strong><\/p>\n<\/div>\n<\/div><\/div><\/div><\/div><\/div>","protected":false},"excerpt":{"rendered":"<p>Geotrails Il Geoparco transfrontaliero propone itinerari escursionistici a tema geologico, che vi permetteranno di ammirare e conoscere le molteplici peculiarit\u00e0 geologiche del suo territorio. &nbsp; Attivando i filtri di ricerca \u00e8 possibile trovare l\u2019itinerario pi\u00f9 adatto alle proprie curiosit\u00e0 o capacit\u00e0: dai percorsi di lunga percorrenza, su sentieri anche impegnativi &hellip;<\/p>\n","protected":false},"author":2,"featured_media":0,"parent":3910,"menu_order":121,"comment_status":"closed","ping_status":"closed","template":"geotrails.php","meta":{"_acf_changed":false,"inline_featured_image":false,"ngg_post_thumbnail":0,"footnotes":""},"class_list":{"0":"post-2151","1":"page","2":"type-page","3":"status-publish","5":"clearfix","6":"article"},"acf":[],"yoast_head":"<!-- This site is optimized with the Yoast SEO plugin v27.4 - https:\/\/yoast.com\/product\/yoast-seo-wordpress\/ -->\n<title>Geotrails - Geoparco Alpi Carniche<\/title>\n<meta name=\"robots\" content=\"index, follow, max-snippet:-1, max-image-preview:large, max-video-preview:-1\" \/>\n<link rel=\"canonical\" href=\"https:\/\/www.geoparcoalpicarniche.org\/it\/vivi-il-geoparco\/geotrails\/\" \/>\n<meta property=\"og:locale\" content=\"it_IT\" \/>\n<meta property=\"og:type\" content=\"article\" \/>\n<meta property=\"og:title\" content=\"Geotrails - Geoparco Alpi Carniche\" \/>\n<meta property=\"og:description\" content=\"Geotrails Il Geoparco transfrontaliero propone itinerari escursionistici a tema geologico, che vi permetteranno di ammirare e conoscere le molteplici peculiarit\u00e0 geologiche del suo territorio. &nbsp; Attivando i filtri di ricerca \u00e8 possibile trovare l\u2019itinerario pi\u00f9 adatto alle proprie curiosit\u00e0 o capacit\u00e0: dai percorsi di lunga percorrenza, su sentieri anche impegnativi &hellip;\" \/>\n<meta property=\"og:url\" content=\"https:\/\/www.geoparcoalpicarniche.org\/it\/vivi-il-geoparco\/geotrails\/\" \/>\n<meta property=\"og:site_name\" content=\"Geoparco Alpi Carniche\" \/>\n<meta property=\"article:modified_time\" content=\"2024-03-26T08:13:16+00:00\" \/>\n<meta property=\"og:image\" content=\"https:\/\/www.geoparcoalpicarniche.org\/wp-content\/uploads\/2018\/01\/Copertina-Geotrails-1280-1024x512.jpg\" \/>\n<meta name=\"twitter:card\" content=\"summary_large_image\" \/>\n<meta name=\"twitter:label1\" content=\"Tempo di lettura stimato\" \/>\n\t<meta name=\"twitter:data1\" content=\"2 minuti\" \/>\n<script type=\"application\/ld+json\" class=\"yoast-schema-graph\">{\"@context\":\"https:\\\/\\\/schema.org\",\"@graph\":[{\"@type\":\"WebPage\",\"@id\":\"https:\\\/\\\/www.geoparcoalpicarniche.org\\\/it\\\/vivi-il-geoparco\\\/geotrails\\\/\",\"url\":\"https:\\\/\\\/www.geoparcoalpicarniche.org\\\/it\\\/vivi-il-geoparco\\\/geotrails\\\/\",\"name\":\"Geotrails - Geoparco Alpi Carniche\",\"isPartOf\":{\"@id\":\"https:\\\/\\\/www.geoparcoalpicarniche.org\\\/it\\\/#website\"},\"datePublished\":\"2017-11-22T15:46:38+00:00\",\"dateModified\":\"2024-03-26T08:13:16+00:00\",\"breadcrumb\":{\"@id\":\"https:\\\/\\\/www.geoparcoalpicarniche.org\\\/it\\\/vivi-il-geoparco\\\/geotrails\\\/#breadcrumb\"},\"inLanguage\":\"it-IT\",\"potentialAction\":[{\"@type\":\"ReadAction\",\"target\":[\"https:\\\/\\\/www.geoparcoalpicarniche.org\\\/it\\\/vivi-il-geoparco\\\/geotrails\\\/\"]}]},{\"@type\":\"BreadcrumbList\",\"@id\":\"https:\\\/\\\/www.geoparcoalpicarniche.org\\\/it\\\/vivi-il-geoparco\\\/geotrails\\\/#breadcrumb\",\"itemListElement\":[{\"@type\":\"ListItem\",\"position\":1,\"name\":\"Home\",\"item\":\"https:\\\/\\\/www.geoparcoalpicarniche.org\\\/it\\\/\"},{\"@type\":\"ListItem\",\"position\":2,\"name\":\"Vivi il geoparco\",\"item\":\"https:\\\/\\\/www.geoparcoalpicarniche.org\\\/it\\\/vivi-il-geoparco\\\/\"},{\"@type\":\"ListItem\",\"position\":3,\"name\":\"Geotrails\"}]},{\"@type\":\"WebSite\",\"@id\":\"https:\\\/\\\/www.geoparcoalpicarniche.org\\\/it\\\/#website\",\"url\":\"https:\\\/\\\/www.geoparcoalpicarniche.org\\\/it\\\/\",\"name\":\"Geoparco Alpi Carniche\",\"description\":\"Custode del patrimonio geologico transfrontaliero\",\"potentialAction\":[{\"@type\":\"SearchAction\",\"target\":{\"@type\":\"EntryPoint\",\"urlTemplate\":\"https:\\\/\\\/www.geoparcoalpicarniche.org\\\/it\\\/?s={search_term_string}\"},\"query-input\":{\"@type\":\"PropertyValueSpecification\",\"valueRequired\":true,\"valueName\":\"search_term_string\"}}],\"inLanguage\":\"it-IT\"}]}<\/script>\n<!-- \/ Yoast SEO plugin. -->","yoast_head_json":{"title":"Geotrails - Geoparco Alpi Carniche","robots":{"index":"index","follow":"follow","max-snippet":"max-snippet:-1","max-image-preview":"max-image-preview:large","max-video-preview":"max-video-preview:-1"},"canonical":"https:\/\/www.geoparcoalpicarniche.org\/it\/vivi-il-geoparco\/geotrails\/","og_locale":"it_IT","og_type":"article","og_title":"Geotrails - Geoparco Alpi Carniche","og_description":"Geotrails Il Geoparco transfrontaliero propone itinerari escursionistici a tema geologico, che vi permetteranno di ammirare e conoscere le molteplici peculiarit\u00e0 geologiche del suo territorio. &nbsp; Attivando i filtri di ricerca \u00e8 possibile trovare l\u2019itinerario pi\u00f9 adatto alle proprie curiosit\u00e0 o capacit\u00e0: dai percorsi di lunga percorrenza, su sentieri anche impegnativi &hellip;","og_url":"https:\/\/www.geoparcoalpicarniche.org\/it\/vivi-il-geoparco\/geotrails\/","og_site_name":"Geoparco Alpi Carniche","article_modified_time":"2024-03-26T08:13:16+00:00","og_image":[{"url":"https:\/\/www.geoparcoalpicarniche.org\/wp-content\/uploads\/2018\/01\/Copertina-Geotrails-1280-1024x512.jpg","type":"","width":"","height":""}],"twitter_card":"summary_large_image","twitter_misc":{"Tempo di lettura stimato":"2 minuti"},"schema":{"@context":"https:\/\/schema.org","@graph":[{"@type":"WebPage","@id":"https:\/\/www.geoparcoalpicarniche.org\/it\/vivi-il-geoparco\/geotrails\/","url":"https:\/\/www.geoparcoalpicarniche.org\/it\/vivi-il-geoparco\/geotrails\/","name":"Geotrails - Geoparco Alpi Carniche","isPartOf":{"@id":"https:\/\/www.geoparcoalpicarniche.org\/it\/#website"},"datePublished":"2017-11-22T15:46:38+00:00","dateModified":"2024-03-26T08:13:16+00:00","breadcrumb":{"@id":"https:\/\/www.geoparcoalpicarniche.org\/it\/vivi-il-geoparco\/geotrails\/#breadcrumb"},"inLanguage":"it-IT","potentialAction":[{"@type":"ReadAction","target":["https:\/\/www.geoparcoalpicarniche.org\/it\/vivi-il-geoparco\/geotrails\/"]}]},{"@type":"BreadcrumbList","@id":"https:\/\/www.geoparcoalpicarniche.org\/it\/vivi-il-geoparco\/geotrails\/#breadcrumb","itemListElement":[{"@type":"ListItem","position":1,"name":"Home","item":"https:\/\/www.geoparcoalpicarniche.org\/it\/"},{"@type":"ListItem","position":2,"name":"Vivi il geoparco","item":"https:\/\/www.geoparcoalpicarniche.org\/it\/vivi-il-geoparco\/"},{"@type":"ListItem","position":3,"name":"Geotrails"}]},{"@type":"WebSite","@id":"https:\/\/www.geoparcoalpicarniche.org\/it\/#website","url":"https:\/\/www.geoparcoalpicarniche.org\/it\/","name":"Geoparco Alpi Carniche","description":"Custode del patrimonio geologico transfrontaliero","potentialAction":[{"@type":"SearchAction","target":{"@type":"EntryPoint","urlTemplate":"https:\/\/www.geoparcoalpicarniche.org\/it\/?s={search_term_string}"},"query-input":{"@type":"PropertyValueSpecification","valueRequired":true,"valueName":"search_term_string"}}],"inLanguage":"it-IT"}]}},"_links":{"self":[{"href":"https:\/\/www.geoparcoalpicarniche.org\/it\/wp-json\/wp\/v2\/pages\/2151","targetHints":{"allow":["GET"]}}],"collection":[{"href":"https:\/\/www.geoparcoalpicarniche.org\/it\/wp-json\/wp\/v2\/pages"}],"about":[{"href":"https:\/\/www.geoparcoalpicarniche.org\/it\/wp-json\/wp\/v2\/types\/page"}],"author":[{"embeddable":true,"href":"https:\/\/www.geoparcoalpicarniche.org\/it\/wp-json\/wp\/v2\/users\/2"}],"replies":[{"embeddable":true,"href":"https:\/\/www.geoparcoalpicarniche.org\/it\/wp-json\/wp\/v2\/comments?post=2151"}],"version-history":[{"count":5,"href":"https:\/\/www.geoparcoalpicarniche.org\/it\/wp-json\/wp\/v2\/pages\/2151\/revisions"}],"predecessor-version":[{"id":13763,"href":"https:\/\/www.geoparcoalpicarniche.org\/it\/wp-json\/wp\/v2\/pages\/2151\/revisions\/13763"}],"up":[{"embeddable":true,"href":"https:\/\/www.geoparcoalpicarniche.org\/it\/wp-json\/wp\/v2\/pages\/3910"}],"wp:attachment":[{"href":"https:\/\/www.geoparcoalpicarniche.org\/it\/wp-json\/wp\/v2\/media?parent=2151"}],"curies":[{"name":"wp","href":"https:\/\/api.w.org\/{rel}","templated":true}]}}