{"id":1808,"date":"2017-11-02T17:00:19","date_gmt":"2017-11-02T16:00:19","guid":{"rendered":"https:\/\/www.geoparcoalpicarniche.org\/?page_id=1808"},"modified":"2018-03-05T14:30:46","modified_gmt":"2018-03-05T13:30:46","slug":"perche-un-geoparco","status":"publish","type":"page","link":"https:\/\/www.geoparcoalpicarniche.org\/it\/geoparco-alpi-carniche\/perche-un-geoparco\/","title":{"rendered":"Perch\u00e9 un geoparco"},"content":{"rendered":"<div id=\"pl-1808\"  class=\"panel-layout\" ><div id=\"pg-1808-0\"  class=\"panel-grid panel-has-style\" ><div class=\"mt-sm mb-lg panel-row-style panel-row-style-for-1808-0\" ><div id=\"pgc-1808-0-0\"  class=\"panel-grid-cell\" ><div id=\"panel-1808-0-0-0\" class=\"so-panel widget widget_nav_menu panel-first-child panel-last-child\" data-index=\"0\" ><div class=\"menu-geoparco-container\"><ul id=\"menu-geoparco\" class=\"menu\"><li id=\"menu-item-1820\" class=\"menu-item menu-item-type-post_type menu-item-object-page menu-item-has-children menu-item-1820\"><a href=\"https:\/\/www.geoparcoalpicarniche.org\/it\/geoparco-alpi-carniche\/\">Il geoparco<\/a>\n<ul class=\"sub-menu\">\n\t<li id=\"menu-item-1821\" class=\"menu-item menu-item-type-post_type menu-item-object-page menu-item-1821\"><a href=\"https:\/\/www.geoparcoalpicarniche.org\/it\/geoparco-alpi-carniche\/cosa-e-un-geoparco\/\">Cos&#8217;\u00e8 un geoparco<\/a><\/li>\n\t<li id=\"menu-item-1822\" class=\"menu-item menu-item-type-post_type menu-item-object-page menu-item-1822\"><a href=\"https:\/\/www.geoparcoalpicarniche.org\/it\/geoparco-alpi-carniche\/perche-un-geoparco\/\">Perch\u00e9 un geoparco<\/a><\/li>\n\t<li id=\"menu-item-1823\" class=\"menu-item menu-item-type-post_type menu-item-object-page menu-item-1823\"><a href=\"https:\/\/www.geoparcoalpicarniche.org\/it\/geoparco-alpi-carniche\/progetto-geotrac\/\">Progetto Geotrac<\/a><\/li>\n\t<li id=\"menu-item-3302\" class=\"menu-item menu-item-type-post_type menu-item-object-page menu-item-3302\"><a href=\"https:\/\/www.geoparcoalpicarniche.org\/it\/geoparco-alpi-carniche\/cartografia-webgis\/\">Cartografia e Webgis<\/a><\/li>\n\t<li id=\"menu-item-4640\" class=\"menu-item menu-item-type-post_type menu-item-object-page menu-item-4640\"><a href=\"https:\/\/www.geoparcoalpicarniche.org\/it\/geoparco-alpi-carniche\/galleria-fotografica\/\">Galleria fotografica<\/a><\/li>\n<\/ul>\n<\/li>\n<\/ul><\/div><\/div><\/div><div id=\"pgc-1808-0-1\"  class=\"panel-grid-cell\" ><div id=\"panel-1808-0-1-0\" class=\"so-panel widget widget_siteorigin-panels-builder panel-first-child panel-last-child\" data-index=\"1\" ><div class=\"paddingContentWithSidebar panel-widget-style panel-widget-style-for-1808-0-1-0\" ><div id=\"pl-w5a6ee23b7e2f5\"  class=\"panel-layout\" ><div id=\"pg-w5a6ee23b7e2f5-0\"  class=\"panel-grid panel-no-style\" ><div id=\"pgc-w5a6ee23b7e2f5-0-0\"  class=\"panel-grid-cell\" ><div id=\"panel-w5a6ee23b7e2f5-0-0-0\" class=\"so-panel widget widget_sow-editor panel-first-child\" data-index=\"0\" ><div class=\"panel-widget-style panel-widget-style-for-w5a6ee23b7e2f5-0-0-0\" ><div\n\t\t\t\n\t\t\tclass=\"so-widget-sow-editor so-widget-sow-editor-base\"\n\t\t\t\n\t\t>\n<div class=\"siteorigin-widget-tinymce textwidget\">\n\t<h2>Perch\u00e8 un geoparco <br \/>nelle Alpi Carniche?<\/h2>\n<\/div>\n<\/div><\/div><\/div><div id=\"panel-w5a6ee23b7e2f5-0-0-1\" class=\"so-panel widget widget_sow-editor panel-last-child\" data-index=\"1\" ><div\n\t\t\t\n\t\t\tclass=\"so-widget-sow-editor so-widget-sow-editor-base\"\n\t\t\t\n\t\t>\n<div class=\"siteorigin-widget-tinymce textwidget\">\n\t<p>Per comprendere cos\u2019\u00e8 esattamente un geoparco si fa riferimento alle indicazioni fornite dalla Rete Europea dei Geoparchi (European Geoparks Network), una rete riconosciuta anche dall\u2019Unesco che unisce oggi 69 geoparchi di 23 Paesi europei.<\/p>\n<p><strong>Come in un identikit, le Alpi Carniche dimostrano di avere tutti i requisiti!<\/strong><\/p>\n<\/div>\n<\/div><\/div><\/div><div id=\"pgc-w5a6ee23b7e2f5-0-1\"  class=\"panel-grid-cell\" ><div id=\"panel-w5a6ee23b7e2f5-0-1-0\" class=\"so-panel widget widget_sow-editor panel-first-child panel-last-child\" data-index=\"2\" ><div class=\"panel-widget-style panel-widget-style-for-w5a6ee23b7e2f5-0-1-0\" ><div\n\t\t\t\n\t\t\tclass=\"so-widget-sow-editor so-widget-sow-editor-base\"\n\t\t\t\n\t\t>\n<div class=\"siteorigin-widget-tinymce textwidget\">\n\t<div id='gallery-1' class='gallery galleryid-1808 gallery-columns-1 gallery-size-large'><figure class='gallery-item'>\n\t\t\t<div class='gallery-icon landscape'>\n\t\t\t\t<a href='https:\/\/www.geoparcoalpicarniche.org\/wp-content\/uploads\/2018\/01\/calcari-Devoniano_cima-Capolago-1280-1.jpg'><img loading=\"lazy\" decoding=\"async\" width=\"1024\" height=\"682\" src=\"https:\/\/www.geoparcoalpicarniche.org\/wp-content\/uploads\/2018\/01\/calcari-Devoniano_cima-Capolago-1280-1-1024x682.jpg\" class=\"attachment-large size-large\" alt=\"\" aria-describedby=\"gallery-1-4203\" srcset=\"https:\/\/www.geoparcoalpicarniche.org\/wp-content\/uploads\/2018\/01\/calcari-Devoniano_cima-Capolago-1280-1-1024x682.jpg 1024w, https:\/\/www.geoparcoalpicarniche.org\/wp-content\/uploads\/2018\/01\/calcari-Devoniano_cima-Capolago-1280-1-300x200.jpg 300w, https:\/\/www.geoparcoalpicarniche.org\/wp-content\/uploads\/2018\/01\/calcari-Devoniano_cima-Capolago-1280-1-768x512.jpg 768w, https:\/\/www.geoparcoalpicarniche.org\/wp-content\/uploads\/2018\/01\/calcari-Devoniano_cima-Capolago-1280-1-272x182.jpg 272w, https:\/\/www.geoparcoalpicarniche.org\/wp-content\/uploads\/2018\/01\/calcari-Devoniano_cima-Capolago-1280-1.jpg 1280w\" sizes=\"auto, (max-width: 1024px) 100vw, 1024px\" \/><\/a>\n\t\t\t<\/div>\n\t\t\t\t<figcaption class='wp-caption-text gallery-caption' id='gallery-1-4203'>\n\t\t\t\tMonte Capolago\n\t\t\t\t<\/figcaption><\/figure>\n\t\t<\/div>\n\n<\/div>\n<\/div><\/div><\/div><\/div><\/div><\/div><\/div><\/div><\/div><\/div><\/div><div id=\"pg-1808-1\"  class=\"panel-grid panel-has-style\" ><div class=\"compensaMargin-content-area siteorigin-panels-stretch panel-row-style panel-row-style-for-1808-1\" id=\"identikit\" data-stretch-type=\"full\" ><div id=\"pgc-1808-1-0\"  class=\"panel-grid-cell\" ><div id=\"panel-1808-1-0-0\" class=\"so-panel widget widget_siteorigin-panels-builder panel-first-child panel-last-child\" data-index=\"2\" ><div class=\"pb-xl panel-widget-style panel-widget-style-for-1808-1-0-0\" ><div id=\"pl-w5a79873dce0f9\"  class=\"panel-layout\" ><div id=\"pg-w5a79873dce0f9-0\"  class=\"panel-grid panel-has-style\" ><div class=\"mb-none panel-row-style panel-row-style-for-w5a79873dce0f9-0\" ><div id=\"pgc-w5a79873dce0f9-0-0\"  class=\"panel-grid-cell\" ><div class=\"mb-none panel-cell-style panel-cell-style-for-w5a79873dce0f9-0-0\" ><div id=\"panel-w5a79873dce0f9-0-0-0\" class=\"so-panel widget widget_sow-editor panel-first-child panel-last-child\" data-index=\"0\" ><div class=\"mb-sm panel-widget-style panel-widget-style-for-w5a79873dce0f9-0-0-0\" ><div\n\t\t\t\n\t\t\tclass=\"so-widget-sow-editor so-widget-sow-editor-base\"\n\t\t\t\n\t\t>\n<div class=\"siteorigin-widget-tinymce textwidget\">\n\t<h2>Identikit di un geoparco<\/h2>\n<\/div>\n<\/div><\/div><\/div><\/div><\/div><\/div><\/div><div id=\"pg-w5a79873dce0f9-1\"  class=\"panel-grid panel-no-style\" ><div id=\"pgc-w5a79873dce0f9-1-0\"  class=\"panel-grid-cell\" ><div id=\"panel-w5a79873dce0f9-1-0-0\" class=\"so-panel widget widget_sow-editor panel-first-child panel-last-child\" data-index=\"1\" ><div\n\t\t\t\n\t\t\tclass=\"so-widget-sow-editor so-widget-sow-editor-base\"\n\t\t\t\n\t\t>\n<div class=\"siteorigin-widget-tinymce textwidget\">\n\t<div id='gallery-2' class='gallery galleryid-1808 gallery-columns-1 gallery-size-large'><figure class='gallery-item'>\n\t\t\t<div class='gallery-icon landscape'>\n\t\t\t\t<a href='https:\/\/www.geoparcoalpicarniche.org\/it\/geoparco-alpi-carniche\/perche-un-geoparco\/1-1-ph-cason-di-lanza_zermula-1280-2\/'><img loading=\"lazy\" decoding=\"async\" width=\"1024\" height=\"480\" src=\"https:\/\/www.geoparcoalpicarniche.org\/wp-content\/uploads\/2018\/01\/1.1-Ph-Cason-di-Lanza_zermula-1280-1-1024x480.jpg\" class=\"attachment-large size-large\" alt=\"\" aria-describedby=\"gallery-2-4195\" srcset=\"https:\/\/www.geoparcoalpicarniche.org\/wp-content\/uploads\/2018\/01\/1.1-Ph-Cason-di-Lanza_zermula-1280-1-1024x480.jpg 1024w, https:\/\/www.geoparcoalpicarniche.org\/wp-content\/uploads\/2018\/01\/1.1-Ph-Cason-di-Lanza_zermula-1280-1-300x141.jpg 300w, https:\/\/www.geoparcoalpicarniche.org\/wp-content\/uploads\/2018\/01\/1.1-Ph-Cason-di-Lanza_zermula-1280-1-768x360.jpg 768w, https:\/\/www.geoparcoalpicarniche.org\/wp-content\/uploads\/2018\/01\/1.1-Ph-Cason-di-Lanza_zermula-1280-1.jpg 1280w\" sizes=\"auto, (max-width: 1024px) 100vw, 1024px\" \/><\/a>\n\t\t\t<\/div>\n\t\t\t\t<figcaption class='wp-caption-text gallery-caption' id='gallery-2-4195'>\n\t\t\t\tCason di Lanza &#8211; Monte Zermula\n\t\t\t\t<\/figcaption><\/figure>\n\t\t<\/div>\n<\/div>\n<\/div><\/div><\/div><div id=\"pgc-w5a79873dce0f9-1-1\"  class=\"panel-grid-cell\" ><div id=\"panel-w5a79873dce0f9-1-1-0\" class=\"so-panel widget widget_sow-editor panel-first-child panel-last-child\" data-index=\"2\" ><div\n\t\t\t\n\t\t\tclass=\"so-widget-sow-editor so-widget-sow-editor-base\"\n\t\t\t\n\t\t>\n<div class=\"siteorigin-widget-tinymce textwidget\">\n\t<blockquote>Un Geoparco europeo \u00e8 un territorio che possiede un patrimonio geologico particolare ed una strategia di sviluppo sostenibile, sorretta da un programma europeo idoneo a promuovere tale sviluppo [\u2026]. Un Geoparco europeo deve comprendere un certo numero di siti geologici di particolare importanza in termini di qualit\u00e0 scientifica, rarit\u00e0, richiamo estetico o valore educativo. La gran parte dei siti presenti nel territorio di un Geoparco europeo deve appartenere al patrimonio geologico, ma il loro interesse pu\u00f2 anche essere archeologico, ecologico, storico o culturale.<\/blockquote>\n\n<strong>EUROPEAN GEOPARKS<\/strong><br class=\"\" \/>\n<a href=\"http:\/\/www.europeangeoparks.org\" target=\"_blank\" rel=\"noopener\">www.europeangeoparks.org<\/a><\/div>\n<\/div><\/div><\/div><\/div><div id=\"pg-w5a79873dce0f9-2\"  class=\"panel-grid panel-no-style\" ><div id=\"pgc-w5a79873dce0f9-2-0\"  class=\"panel-grid-cell\" ><div id=\"panel-w5a79873dce0f9-2-0-0\" class=\"so-panel widget widget_sow-editor panel-first-child panel-last-child\" data-index=\"3\" ><div class=\"mb-lg panel-widget-style panel-widget-style-for-w5a79873dce0f9-2-0-0\" ><div\n\t\t\t\n\t\t\tclass=\"so-widget-sow-editor so-widget-sow-editor-base\"\n\t\t\t\n\t\t>\n<div class=\"siteorigin-widget-tinymce textwidget\">\n\t<p>L\u2019area del Geoparco Transfrontaliero delle Alpi Carniche possiede un <strong>patrimonio geologico<\/strong> che comprende <strong>oltre 130 geositi<\/strong>, dei quali 5 considerati di interesse internazionale: la Creta della Chianevate, Chialderate e Monumenz, esempi di calcari devoniani, carsismo e glacialismo; la scogliera devoniana del Monte Coglians\/Hohe Warte; il conoide di deiezione dei Rivoli Bianchi di Tolmezzo; le facies di piattaforma e il bacino del Monte Pramaggiore; i pesci e rettili triassici della Valle di Preone. Molte sono le aree che offrono collegamenti significativi fra gli elementi geologici e quelli storici, artistici e culturali.<\/p>\n<\/div>\n<\/div><\/div><\/div><\/div><\/div><div id=\"pg-w5a79873dce0f9-3\"  class=\"panel-grid panel-has-style\" ><div class=\"mb-lg panel-row-style panel-row-style-for-w5a79873dce0f9-3\" ><div id=\"pgc-w5a79873dce0f9-3-0\"  class=\"panel-grid-cell\" ><div class=\"mb-lg panel-cell-style panel-cell-style-for-w5a79873dce0f9-3-0\" ><div id=\"panel-w5a79873dce0f9-3-0-0\" class=\"so-panel widget widget_sow-image panel-first-child panel-last-child\" data-index=\"4\" ><div\n\t\t\t\n\t\t\tclass=\"so-widget-sow-image so-widget-sow-image-default-8b5b6f678277\"\n\t\t\t\n\t\t>\n<div class=\"sow-image-container\">\n\t\t<img \n\tsrc=\"https:\/\/www.geoparcoalpicarniche.org\/wp-content\/uploads\/2017\/12\/perche-un-geoparco-08.jpg\" width=\"1112\" height=\"500\" srcset=\"https:\/\/www.geoparcoalpicarniche.org\/wp-content\/uploads\/2017\/12\/perche-un-geoparco-08.jpg 1112w, https:\/\/www.geoparcoalpicarniche.org\/wp-content\/uploads\/2017\/12\/perche-un-geoparco-08-300x135.jpg 300w, https:\/\/www.geoparcoalpicarniche.org\/wp-content\/uploads\/2017\/12\/perche-un-geoparco-08-768x345.jpg 768w, https:\/\/www.geoparcoalpicarniche.org\/wp-content\/uploads\/2017\/12\/perche-un-geoparco-08-1024x460.jpg 1024w, https:\/\/www.geoparcoalpicarniche.org\/wp-content\/uploads\/2017\/12\/perche-un-geoparco-08-495x223.jpg 495w\" sizes=\"(max-width: 1112px) 100vw, 1112px\" alt=\"\" \t\tclass=\"so-widget-image\"\/>\n\t<\/div>\n\n<\/div><\/div><\/div><\/div><\/div><\/div><div id=\"pg-w5a79873dce0f9-4\"  class=\"panel-grid panel-no-style\" ><div id=\"pgc-w5a79873dce0f9-4-0\"  class=\"panel-grid-cell\" ><div id=\"panel-w5a79873dce0f9-4-0-0\" class=\"so-panel widget widget_sow-editor panel-first-child\" data-index=\"5\" ><div class=\"mb-lg panel-widget-style panel-widget-style-for-w5a79873dce0f9-4-0-0\" ><div\n\t\t\t\n\t\t\tclass=\"so-widget-sow-editor so-widget-sow-editor-base\"\n\t\t\t\n\t\t>\n<div class=\"siteorigin-widget-tinymce textwidget\">\n\t<h3 class=\"mb-sm\">Siti geologici in rete e protezione del territorio<\/h3>\n<p class=\"testoDescrizione mb\"><em>I siti di un Geoparco europeo devono essere collegati in rete e beneficiare di misure di protezione e gestione. Un Geoparco dev\u2019essere amministrato da strutture [\u2026] capaci di rafforzare le politiche di protezione, valorizzazione e sviluppo integrato sostenibile del proprio territorio. Nessuna distruzione o vendita di reperti geologici di un Geoparco europeo pu\u00f2 essere tollerata.<\/em><\/p>\n<p class=\"testo\">L\u2019area indicata come \u201ccore area\u201d del Geoparco Transfrontaliero delle Alpi Carniche rientra in larghissima parte all\u2019interno delle aree protette della <strong>Rete Natura 2000.<\/strong> Per quanto riguarda in particolare il territorio sul versante friulano, la recente<strong> legge regionale 14 ottobre 2016, n. 15,<\/strong> emanata dalla Regione Autonoma Friuli Venezia Giulia, incentiva forme di tutela e valorizzazione sostenibile del patrimonio geologico, che si aggiungono alla normativa nazionale a protezione dei beni paleontologici.<\/p><\/div>\n<\/div><\/div><\/div><div id=\"panel-w5a79873dce0f9-4-0-1\" class=\"so-panel widget widget_sow-editor panel-last-child\" data-index=\"6\" ><div\n\t\t\t\n\t\t\tclass=\"so-widget-sow-editor so-widget-sow-editor-base\"\n\t\t\t\n\t\t>\n<div class=\"siteorigin-widget-tinymce textwidget\">\n\t<h3 class=\"mb-sm\">Rete europea dei Geoparchi<\/h3>\n<p class=\"testoDescrizione mb\"><em>Un Geoparco europeo lavora all\u2019interno della Rete Europea dei Geoparchi anche per favorire l\u2019implementazione e la coesione della stessa rete. Lavora con gli imprenditori locali per promuovere e supportare la creazione e commercializzazione di nuovi prodotti collegati al patrimonio geologico in uno spirito di complementariet\u00e0 con gli altri membri della rete europea.<\/em><\/p>\n<p class=\"testo\">All\u2019interno del Geoparco Transfrontaliero delle Alpi Carniche i diversi partner sviluppano azioni coordinate al fine di sviluppare un\u2019offerta culturale, formativa, scientifica a tutti i livelli, per collaborare con le reti dei geoparchi, ma anche con quelle museali, culturali e turistiche che caratterizzano il territorio montano.<\/p>\n<\/div>\n<\/div><\/div><\/div><div id=\"pgc-w5a79873dce0f9-4-1\"  class=\"panel-grid-cell\" ><div id=\"panel-w5a79873dce0f9-4-1-0\" class=\"so-panel widget widget_sow-editor panel-first-child\" data-index=\"7\" ><div class=\"mb-lg panel-widget-style panel-widget-style-for-w5a79873dce0f9-4-1-0\" ><div\n\t\t\t\n\t\t\tclass=\"so-widget-sow-editor so-widget-sow-editor-base\"\n\t\t\t\n\t\t>\n<div class=\"siteorigin-widget-tinymce textwidget\">\n\t<h3 class=\"mb-sm\">Educazione ambientale<\/h3>\n<p class=\"testoDescrizione mb\"><em>Un Geoparco europeo ha anche il compito di promuovere l\u2019educazione ambientale, la formazione e lo sviluppo della ricerca scientifica nelle varie discipline delle Scienze della Terra, migliorare l\u2019ambiente naturale ed incrementare le politiche per lo sviluppo sostenibile.<\/em><\/p>\n<p class=\"testo\">Il coordinamento del Geoparco con il <strong>Museo Friulano di Storia Naturale<\/strong>, referente scientifico del Geoparco, con la rete Museale <strong>CarniaMusei<\/strong>, con numerose Universit\u00e0, garantisce lo sviluppo delle ricerche scientifiche sul territorio.<\/p>\n<\/div>\n<\/div><\/div><\/div><div id=\"panel-w5a79873dce0f9-4-1-1\" class=\"so-panel widget widget_sow-editor panel-last-child\" data-index=\"8\" ><div\n\t\t\t\n\t\t\tclass=\"so-widget-sow-editor so-widget-sow-editor-base\"\n\t\t\t\n\t\t>\n<div class=\"siteorigin-widget-tinymce textwidget\">\n\t<h3 class=\"mb-sm\">Ruolo attivo nello sviluppo<\/h3>\n<p class=\"testoDescrizione mb\"><em>Un Geoparco europeo ha un ruolo attivo nello sviluppo economico del suo territorio attraverso la valorizzazione di un\u2019immagine generale collegata al patrimonio geologico e allo sviluppo del geoturismo. [\u2026] L\u2019obiettivo \u00e8 quello di consentire ai residenti di riappropriarsi dei valori del patrimonio del territorio e partecipare attivamente alla rivitalizzazione culturale del territorio.<\/em><\/p>\n<p class=\"testo\">Fra le attivit\u00e0 del Geoparco Transfrontaliero delle Alpi Carniche vi \u00e8 lo sviluppo di una rete di <strong>itinerari geologici<\/strong>, che, basandosi sulla sentieristica del Club Alpino Italiano e dell\u2019\u00d6sterreichischer Alpenverein, propone percorsi di diverso grado di difficolt\u00e0, che permettono all\u2019escursionista di osservare ed approfondire la storia geologica dell\u2019area. Si tratta di itinerari scaricabili attraverso i device pi\u00f9 in uso e disponibili anche nel tradizionale formato cartaceo. Agli itinerari geologici si affianca un <strong>calendario di escursioni guidate e di attivit\u00e0 didattiche e divulgative<\/strong>, all\u2019aperto come nei centri visite e musei del territorio.<\/p>\n<\/div>\n<\/div><\/div><\/div><\/div><\/div><\/div><\/div><\/div><\/div><\/div><div id=\"pg-1808-2\"  class=\"panel-grid panel-has-style\" ><div class=\"pagNavRow siteorigin-panels-stretch panel-row-style panel-row-style-for-1808-2\" data-stretch-type=\"full\" ><div id=\"pgc-1808-2-0\"  class=\"panel-grid-cell\" ><div id=\"panel-1808-2-0-0\" class=\"so-panel widget widget_text panel-first-child panel-last-child\" data-index=\"3\" >\t\t\t<div class=\"textwidget\"><div class=\"pagNav\"><a class=\"pagNavNext\" href=\"\/geoparco-alpi-carniche\/progetto-geotrac\/\">Progetto Geotrac<\/a><a class=\"pagNavPrev\" href=\"\/geoparco-alpi-carniche\/cosa-e-un-geoparco\/\">Cos&#8217;\u00e8 un Geoparco<\/a><\/div>\n<\/div>\n\t\t<\/div><\/div><\/div><\/div><\/div>","protected":false},"excerpt":{"rendered":"<p>Il geoparco Cos&#8217;\u00e8 un geoparco Perch\u00e9 un geoparco Progetto Geotrac Cartografia e Webgis Galleria fotografica Perch\u00e8 un geoparco nelle Alpi Carniche? Per comprendere cos\u2019\u00e8 esattamente un geoparco si fa riferimento alle indicazioni fornite dalla Rete Europea dei Geoparchi (European Geoparks Network), una rete riconosciuta anche dall\u2019Unesco che unisce oggi 69 &hellip;<\/p>\n","protected":false},"author":2,"featured_media":0,"parent":1806,"menu_order":20,"comment_status":"closed","ping_status":"closed","template":"","meta":{"_acf_changed":false,"inline_featured_image":false,"ngg_post_thumbnail":0,"footnotes":""},"class_list":{"0":"post-1808","1":"page","2":"type-page","3":"status-publish","5":"clearfix","6":"article"},"acf":[],"yoast_head":"<!-- This site is optimized with the Yoast SEO plugin v27.6 - https:\/\/yoast.com\/product\/yoast-seo-wordpress\/ -->\n<title>Perch\u00e9 un geoparco - Geoparco Alpi Carniche<\/title>\n<meta name=\"robots\" content=\"index, follow, max-snippet:-1, max-image-preview:large, max-video-preview:-1\" \/>\n<link rel=\"canonical\" href=\"https:\/\/www.geoparcoalpicarniche.org\/it\/geoparco-alpi-carniche\/perche-un-geoparco\/\" \/>\n<meta property=\"og:locale\" content=\"it_IT\" \/>\n<meta property=\"og:type\" content=\"article\" \/>\n<meta property=\"og:title\" content=\"Perch\u00e9 un geoparco - Geoparco Alpi Carniche\" \/>\n<meta property=\"og:description\" content=\"Il geoparco Cos&#8217;\u00e8 un geoparco Perch\u00e9 un geoparco Progetto Geotrac Cartografia e Webgis Galleria fotografica Perch\u00e8 un geoparco nelle Alpi Carniche? Per comprendere cos\u2019\u00e8 esattamente un geoparco si fa riferimento alle indicazioni fornite dalla Rete Europea dei Geoparchi (European Geoparks Network), una rete riconosciuta anche dall\u2019Unesco che unisce oggi 69 &hellip;\" \/>\n<meta property=\"og:url\" content=\"https:\/\/www.geoparcoalpicarniche.org\/it\/geoparco-alpi-carniche\/perche-un-geoparco\/\" \/>\n<meta property=\"og:site_name\" content=\"Geoparco Alpi Carniche\" \/>\n<meta property=\"article:modified_time\" content=\"2018-03-05T13:30:46+00:00\" \/>\n<meta property=\"og:image\" content=\"https:\/\/www.geoparcoalpicarniche.org\/wp-content\/uploads\/2018\/01\/calcari-Devoniano_cima-Capolago-1280-1-1024x682.jpg\" \/>\n<meta name=\"twitter:card\" content=\"summary_large_image\" \/>\n<meta name=\"twitter:label1\" content=\"Tempo di lettura stimato\" \/>\n\t<meta name=\"twitter:data1\" content=\"4 minuti\" \/>\n<script type=\"application\/ld+json\" class=\"yoast-schema-graph\">{\"@context\":\"https:\\\/\\\/schema.org\",\"@graph\":[{\"@type\":\"WebPage\",\"@id\":\"https:\\\/\\\/www.geoparcoalpicarniche.org\\\/it\\\/geoparco-alpi-carniche\\\/perche-un-geoparco\\\/\",\"url\":\"https:\\\/\\\/www.geoparcoalpicarniche.org\\\/it\\\/geoparco-alpi-carniche\\\/perche-un-geoparco\\\/\",\"name\":\"Perch\u00e9 un geoparco - Geoparco Alpi Carniche\",\"isPartOf\":{\"@id\":\"https:\\\/\\\/www.geoparcoalpicarniche.org\\\/it\\\/#website\"},\"datePublished\":\"2017-11-02T16:00:19+00:00\",\"dateModified\":\"2018-03-05T13:30:46+00:00\",\"breadcrumb\":{\"@id\":\"https:\\\/\\\/www.geoparcoalpicarniche.org\\\/it\\\/geoparco-alpi-carniche\\\/perche-un-geoparco\\\/#breadcrumb\"},\"inLanguage\":\"it-IT\",\"potentialAction\":[{\"@type\":\"ReadAction\",\"target\":[\"https:\\\/\\\/www.geoparcoalpicarniche.org\\\/it\\\/geoparco-alpi-carniche\\\/perche-un-geoparco\\\/\"]}]},{\"@type\":\"BreadcrumbList\",\"@id\":\"https:\\\/\\\/www.geoparcoalpicarniche.org\\\/it\\\/geoparco-alpi-carniche\\\/perche-un-geoparco\\\/#breadcrumb\",\"itemListElement\":[{\"@type\":\"ListItem\",\"position\":1,\"name\":\"Home\",\"item\":\"https:\\\/\\\/www.geoparcoalpicarniche.org\\\/it\\\/\"},{\"@type\":\"ListItem\",\"position\":2,\"name\":\"Geoparco Alpi Carniche\",\"item\":\"https:\\\/\\\/www.geoparcoalpicarniche.org\\\/it\\\/geoparco-alpi-carniche\\\/\"},{\"@type\":\"ListItem\",\"position\":3,\"name\":\"Perch\u00e9 un geoparco\"}]},{\"@type\":\"WebSite\",\"@id\":\"https:\\\/\\\/www.geoparcoalpicarniche.org\\\/it\\\/#website\",\"url\":\"https:\\\/\\\/www.geoparcoalpicarniche.org\\\/it\\\/\",\"name\":\"Geoparco Alpi Carniche\",\"description\":\"Custode del patrimonio geologico transfrontaliero\",\"potentialAction\":[{\"@type\":\"SearchAction\",\"target\":{\"@type\":\"EntryPoint\",\"urlTemplate\":\"https:\\\/\\\/www.geoparcoalpicarniche.org\\\/it\\\/?s={search_term_string}\"},\"query-input\":{\"@type\":\"PropertyValueSpecification\",\"valueRequired\":true,\"valueName\":\"search_term_string\"}}],\"inLanguage\":\"it-IT\"}]}<\/script>\n<!-- \/ Yoast SEO plugin. -->","yoast_head_json":{"title":"Perch\u00e9 un geoparco - Geoparco Alpi Carniche","robots":{"index":"index","follow":"follow","max-snippet":"max-snippet:-1","max-image-preview":"max-image-preview:large","max-video-preview":"max-video-preview:-1"},"canonical":"https:\/\/www.geoparcoalpicarniche.org\/it\/geoparco-alpi-carniche\/perche-un-geoparco\/","og_locale":"it_IT","og_type":"article","og_title":"Perch\u00e9 un geoparco - Geoparco Alpi Carniche","og_description":"Il geoparco Cos&#8217;\u00e8 un geoparco Perch\u00e9 un geoparco Progetto Geotrac Cartografia e Webgis Galleria fotografica Perch\u00e8 un geoparco nelle Alpi Carniche? Per comprendere cos\u2019\u00e8 esattamente un geoparco si fa riferimento alle indicazioni fornite dalla Rete Europea dei Geoparchi (European Geoparks Network), una rete riconosciuta anche dall\u2019Unesco che unisce oggi 69 &hellip;","og_url":"https:\/\/www.geoparcoalpicarniche.org\/it\/geoparco-alpi-carniche\/perche-un-geoparco\/","og_site_name":"Geoparco Alpi Carniche","article_modified_time":"2018-03-05T13:30:46+00:00","og_image":[{"url":"https:\/\/www.geoparcoalpicarniche.org\/wp-content\/uploads\/2018\/01\/calcari-Devoniano_cima-Capolago-1280-1-1024x682.jpg","type":"","width":"","height":""}],"twitter_card":"summary_large_image","twitter_misc":{"Tempo di lettura stimato":"4 minuti"},"schema":{"@context":"https:\/\/schema.org","@graph":[{"@type":"WebPage","@id":"https:\/\/www.geoparcoalpicarniche.org\/it\/geoparco-alpi-carniche\/perche-un-geoparco\/","url":"https:\/\/www.geoparcoalpicarniche.org\/it\/geoparco-alpi-carniche\/perche-un-geoparco\/","name":"Perch\u00e9 un geoparco - Geoparco Alpi Carniche","isPartOf":{"@id":"https:\/\/www.geoparcoalpicarniche.org\/it\/#website"},"datePublished":"2017-11-02T16:00:19+00:00","dateModified":"2018-03-05T13:30:46+00:00","breadcrumb":{"@id":"https:\/\/www.geoparcoalpicarniche.org\/it\/geoparco-alpi-carniche\/perche-un-geoparco\/#breadcrumb"},"inLanguage":"it-IT","potentialAction":[{"@type":"ReadAction","target":["https:\/\/www.geoparcoalpicarniche.org\/it\/geoparco-alpi-carniche\/perche-un-geoparco\/"]}]},{"@type":"BreadcrumbList","@id":"https:\/\/www.geoparcoalpicarniche.org\/it\/geoparco-alpi-carniche\/perche-un-geoparco\/#breadcrumb","itemListElement":[{"@type":"ListItem","position":1,"name":"Home","item":"https:\/\/www.geoparcoalpicarniche.org\/it\/"},{"@type":"ListItem","position":2,"name":"Geoparco Alpi Carniche","item":"https:\/\/www.geoparcoalpicarniche.org\/it\/geoparco-alpi-carniche\/"},{"@type":"ListItem","position":3,"name":"Perch\u00e9 un geoparco"}]},{"@type":"WebSite","@id":"https:\/\/www.geoparcoalpicarniche.org\/it\/#website","url":"https:\/\/www.geoparcoalpicarniche.org\/it\/","name":"Geoparco Alpi Carniche","description":"Custode del patrimonio geologico transfrontaliero","potentialAction":[{"@type":"SearchAction","target":{"@type":"EntryPoint","urlTemplate":"https:\/\/www.geoparcoalpicarniche.org\/it\/?s={search_term_string}"},"query-input":{"@type":"PropertyValueSpecification","valueRequired":true,"valueName":"search_term_string"}}],"inLanguage":"it-IT"}]}},"_links":{"self":[{"href":"https:\/\/www.geoparcoalpicarniche.org\/it\/wp-json\/wp\/v2\/pages\/1808","targetHints":{"allow":["GET"]}}],"collection":[{"href":"https:\/\/www.geoparcoalpicarniche.org\/it\/wp-json\/wp\/v2\/pages"}],"about":[{"href":"https:\/\/www.geoparcoalpicarniche.org\/it\/wp-json\/wp\/v2\/types\/page"}],"author":[{"embeddable":true,"href":"https:\/\/www.geoparcoalpicarniche.org\/it\/wp-json\/wp\/v2\/users\/2"}],"replies":[{"embeddable":true,"href":"https:\/\/www.geoparcoalpicarniche.org\/it\/wp-json\/wp\/v2\/comments?post=1808"}],"version-history":[{"count":5,"href":"https:\/\/www.geoparcoalpicarniche.org\/it\/wp-json\/wp\/v2\/pages\/1808\/revisions"}],"predecessor-version":[{"id":1942,"href":"https:\/\/www.geoparcoalpicarniche.org\/it\/wp-json\/wp\/v2\/pages\/1808\/revisions\/1942"}],"up":[{"embeddable":true,"href":"https:\/\/www.geoparcoalpicarniche.org\/it\/wp-json\/wp\/v2\/pages\/1806"}],"wp:attachment":[{"href":"https:\/\/www.geoparcoalpicarniche.org\/it\/wp-json\/wp\/v2\/media?parent=1808"}],"curies":[{"name":"wp","href":"https:\/\/api.w.org\/{rel}","templated":true}]}}