{"id":5957,"date":"2018-03-05T16:50:16","date_gmt":"2018-03-05T15:50:16","guid":{"rendered":"https:\/\/www.geoparcoalpicarniche.org\/?page_id=5957"},"modified":"2018-03-28T11:49:12","modified_gmt":"2018-03-28T09:49:12","slug":"geotopen","status":"publish","type":"page","link":"https:\/\/www.geoparcoalpicarniche.org\/de\/das-gebiet\/geotopen\/","title":{"rendered":"Geotopen"},"content":{"rendered":"<div id=\"pl-5957\"  class=\"panel-layout\" ><div id=\"pg-5957-0\"  class=\"panel-grid panel-no-style\" ><div id=\"pgc-5957-0-0\"  class=\"panel-grid-cell\" ><div id=\"panel-5957-0-0-0\" class=\"so-panel widget widget_nav_menu panel-first-child panel-last-child\" data-index=\"0\" ><div class=\"menu-territorio-tedesco-container\"><ul id=\"menu-territorio-tedesco\" class=\"menu\"><li id=\"menu-item-5114\" class=\"menu-item menu-item-type-post_type menu-item-object-page menu-item-has-children menu-item-5114\"><a href=\"https:\/\/www.geoparcoalpicarniche.org\/de\/das-gebiet\/\">Das Gebiet<\/a>\n<ul class=\"sub-menu\">\n\t<li id=\"menu-item-5305\" class=\"menu-item menu-item-type-post_type menu-item-object-page menu-item-5305\"><a href=\"https:\/\/www.geoparcoalpicarniche.org\/de\/das-gebiet\/geomorfologia\/\">Geomorphologie<\/a><\/li>\n\t<li id=\"menu-item-5116\" class=\"menu-item menu-item-type-post_type menu-item-object-page menu-item-has-children menu-item-5116\"><a href=\"https:\/\/www.geoparcoalpicarniche.org\/de\/das-gebiet\/palaeontologie\/\">Pal\u00e4ontologie<\/a>\n\t<ul class=\"sub-menu\">\n\t\t<li id=\"menu-item-5117\" class=\"menu-item menu-item-type-post_type menu-item-object-page menu-item-5117\"><a href=\"https:\/\/www.geoparcoalpicarniche.org\/de\/das-gebiet\/palaeontologie\/fossil\/\">Fossilien<\/a><\/li>\n\t<\/ul>\n<\/li>\n\t<li id=\"menu-item-5118\" class=\"menu-item menu-item-type-post_type menu-item-object-page menu-item-5118\"><a href=\"https:\/\/www.geoparcoalpicarniche.org\/de\/das-gebiet\/geoseiten\/\">Geopunkte<\/a><\/li>\n\t<li id=\"menu-item-7593\" class=\"menu-item menu-item-type-post_type menu-item-object-page menu-item-7593\"><a href=\"https:\/\/www.geoparcoalpicarniche.org\/de\/das-gebiet\/geotopen\/\">Geotopen<\/a><\/li>\n\t<li id=\"menu-item-5119\" class=\"menu-item menu-item-type-post_type menu-item-object-page menu-item-has-children menu-item-5119\"><a href=\"https:\/\/www.geoparcoalpicarniche.org\/de\/das-gebiet\/karstformen\/\">Karstformen<\/a>\n\t<ul class=\"sub-menu\">\n\t\t<li id=\"menu-item-5306\" class=\"menu-item menu-item-type-post_type menu-item-object-page menu-item-5306\"><a href=\"https:\/\/www.geoparcoalpicarniche.org\/de\/das-gebiet\/karstformen\/hoehlen\/\">H\u00f6hlen<\/a><\/li>\n\t\t<li id=\"menu-item-5307\" class=\"menu-item menu-item-type-post_type menu-item-object-page menu-item-5307\"><a href=\"https:\/\/www.geoparcoalpicarniche.org\/de\/das-gebiet\/karstformen\/karren\/\">Karren<\/a><\/li>\n\t\t<li id=\"menu-item-5308\" class=\"menu-item menu-item-type-post_type menu-item-object-page menu-item-5308\"><a href=\"https:\/\/www.geoparcoalpicarniche.org\/de\/das-gebiet\/karstformen\/klammen\/\">Klammen<\/a><\/li>\n\t<\/ul>\n<\/li>\n\t<li id=\"menu-item-5120\" class=\"menu-item menu-item-type-post_type menu-item-object-page menu-item-5120\"><a href=\"https:\/\/www.geoparcoalpicarniche.org\/de\/das-gebiet\/bergbauseiten\/\">Steinbr\u00fcche und Minen<\/a><\/li>\n\t<li id=\"menu-item-7217\" class=\"menu-item menu-item-type-post_type menu-item-object-page menu-item-7217\"><a href=\"https:\/\/www.geoparcoalpicarniche.org\/de\/das-gebiet\/publikationen-download\/\">Publikationen Download<\/a><\/li>\n<\/ul>\n<\/li>\n<\/ul><\/div><\/div><\/div><div id=\"pgc-5957-0-1\"  class=\"panel-grid-cell\" ><div id=\"panel-5957-0-1-0\" class=\"so-panel widget widget_siteorigin-panels-builder panel-first-child panel-last-child\" data-index=\"1\" ><div id=\"pl-w5abb6518b760b\"  class=\"panel-layout\" ><div id=\"pg-w5abb6518b760b-0\"  class=\"panel-grid panel-no-style\" ><div id=\"pgc-w5abb6518b760b-0-0\"  class=\"panel-grid-cell\" ><div id=\"panel-w5abb6518b760b-0-0-0\" class=\"so-panel widget widget_sow-editor panel-first-child panel-last-child\" data-index=\"0\" ><div\n\t\t\t\n\t\t\tclass=\"so-widget-sow-editor so-widget-sow-editor-base\"\n\t\t\t\n\t\t>\n<div class=\"siteorigin-widget-tinymce textwidget\">\n\t<h2>Geotopen<\/h2>\n<\/div>\n<\/div><\/div><\/div><\/div><div id=\"pg-w5abb6518b760b-1\"  class=\"panel-grid panel-no-style\" ><div id=\"pgc-w5abb6518b760b-1-0\"  class=\"panel-grid-cell\" ><div id=\"panel-w5abb6518b760b-1-0-0\" class=\"so-panel widget widget_sow-editor panel-first-child panel-last-child\" data-index=\"1\" ><div\n\t\t\t\n\t\t\tclass=\"so-widget-sow-editor so-widget-sow-editor-base\"\n\t\t\t\n\t\t>\n<div class=\"siteorigin-widget-tinymce textwidget\">\n\t<p>La Catena Carnica \u00e8 un\u2019area di enorme valore geologico: basti pensare che le uniche rocce che rappresentano, in Italia, la successione paleozoica in maniera significativa e pressoch\u00e9 completa, affiorano lungo il confine fra Italia ed Austria o che alcuni dei siti fossiliferi dell\u2019area sono fra i pi\u00f9 importanti al mondo (massiccio del Coglians, Piani di Lanza\/Straniger Alm, Pramollo\/Na\u00dffeld, Preone, Laas).<\/p>\n<\/div>\n<\/div><\/div><\/div><\/div><\/div><\/div><\/div><\/div><\/div>","protected":false},"excerpt":{"rendered":"<p>Das Gebiet Geomorphologie Pal\u00e4ontologie Fossilien Geopunkte Geotopen Karstformen H\u00f6hlen Karren Klammen Steinbr\u00fcche und Minen Publikationen Download Geotopen La Catena Carnica \u00e8 un\u2019area di enorme valore geologico: basti pensare che le uniche rocce che rappresentano, in Italia, la successione paleozoica in maniera significativa e pressoch\u00e9 completa, affiorano lungo il confine fra &hellip;<\/p>\n","protected":false},"author":2,"featured_media":0,"parent":4909,"menu_order":54,"comment_status":"closed","ping_status":"closed","template":"geotopi.php","meta":{"_acf_changed":false,"inline_featured_image":false,"ngg_post_thumbnail":0,"footnotes":""},"class_list":{"0":"post-5957","1":"page","2":"type-page","3":"status-publish","5":"clearfix","6":"article"},"acf":[],"yoast_head":"<!-- This site is optimized with the Yoast SEO plugin v27.4 - https:\/\/yoast.com\/product\/yoast-seo-wordpress\/ -->\n<title>Geotopen - Geoparco Alpi Carniche<\/title>\n<meta name=\"robots\" content=\"index, follow, max-snippet:-1, max-image-preview:large, max-video-preview:-1\" \/>\n<link rel=\"canonical\" href=\"https:\/\/www.geoparcoalpicarniche.org\/de\/das-gebiet\/geotopen\/\" \/>\n<meta property=\"og:locale\" content=\"de_DE\" \/>\n<meta property=\"og:type\" content=\"article\" \/>\n<meta property=\"og:title\" content=\"Geotopen - Geoparco Alpi Carniche\" \/>\n<meta property=\"og:description\" content=\"Das Gebiet Geomorphologie Pal\u00e4ontologie Fossilien Geopunkte Geotopen Karstformen H\u00f6hlen Karren Klammen Steinbr\u00fcche und Minen Publikationen Download Geotopen La Catena Carnica \u00e8 un\u2019area di enorme valore geologico: basti pensare che le uniche rocce che rappresentano, in Italia, la successione paleozoica in maniera significativa e pressoch\u00e9 completa, affiorano lungo il confine fra &hellip;\" \/>\n<meta property=\"og:url\" content=\"https:\/\/www.geoparcoalpicarniche.org\/de\/das-gebiet\/geotopen\/\" \/>\n<meta property=\"og:site_name\" content=\"Geoparco Alpi Carniche\" \/>\n<meta property=\"article:modified_time\" content=\"2018-03-28T09:49:12+00:00\" \/>\n<meta name=\"twitter:card\" content=\"summary_large_image\" \/>\n<script type=\"application\/ld+json\" class=\"yoast-schema-graph\">{\"@context\":\"https:\\\/\\\/schema.org\",\"@graph\":[{\"@type\":\"WebPage\",\"@id\":\"https:\\\/\\\/www.geoparcoalpicarniche.org\\\/de\\\/das-gebiet\\\/geotopen\\\/\",\"url\":\"https:\\\/\\\/www.geoparcoalpicarniche.org\\\/de\\\/das-gebiet\\\/geotopen\\\/\",\"name\":\"Geotopen - Geoparco Alpi Carniche\",\"isPartOf\":{\"@id\":\"https:\\\/\\\/www.geoparcoalpicarniche.org\\\/de\\\/#website\"},\"datePublished\":\"2018-03-05T15:50:16+00:00\",\"dateModified\":\"2018-03-28T09:49:12+00:00\",\"breadcrumb\":{\"@id\":\"https:\\\/\\\/www.geoparcoalpicarniche.org\\\/de\\\/das-gebiet\\\/geotopen\\\/#breadcrumb\"},\"inLanguage\":\"de-DE\",\"potentialAction\":[{\"@type\":\"ReadAction\",\"target\":[\"https:\\\/\\\/www.geoparcoalpicarniche.org\\\/de\\\/das-gebiet\\\/geotopen\\\/\"]}]},{\"@type\":\"BreadcrumbList\",\"@id\":\"https:\\\/\\\/www.geoparcoalpicarniche.org\\\/de\\\/das-gebiet\\\/geotopen\\\/#breadcrumb\",\"itemListElement\":[{\"@type\":\"ListItem\",\"position\":1,\"name\":\"Home\",\"item\":\"https:\\\/\\\/www.geoparcoalpicarniche.org\\\/de\\\/\"},{\"@type\":\"ListItem\",\"position\":2,\"name\":\"Das Gebiet\",\"item\":\"https:\\\/\\\/www.geoparcoalpicarniche.org\\\/de\\\/das-gebiet\\\/\"},{\"@type\":\"ListItem\",\"position\":3,\"name\":\"Geotopen\"}]},{\"@type\":\"WebSite\",\"@id\":\"https:\\\/\\\/www.geoparcoalpicarniche.org\\\/de\\\/#website\",\"url\":\"https:\\\/\\\/www.geoparcoalpicarniche.org\\\/de\\\/\",\"name\":\"Geoparco Alpi Carniche\",\"description\":\"Custode del patrimonio geologico transfrontaliero\",\"potentialAction\":[{\"@type\":\"SearchAction\",\"target\":{\"@type\":\"EntryPoint\",\"urlTemplate\":\"https:\\\/\\\/www.geoparcoalpicarniche.org\\\/de\\\/?s={search_term_string}\"},\"query-input\":{\"@type\":\"PropertyValueSpecification\",\"valueRequired\":true,\"valueName\":\"search_term_string\"}}],\"inLanguage\":\"de-DE\"}]}<\/script>\n<!-- \/ Yoast SEO plugin. -->","yoast_head_json":{"title":"Geotopen - Geoparco Alpi Carniche","robots":{"index":"index","follow":"follow","max-snippet":"max-snippet:-1","max-image-preview":"max-image-preview:large","max-video-preview":"max-video-preview:-1"},"canonical":"https:\/\/www.geoparcoalpicarniche.org\/de\/das-gebiet\/geotopen\/","og_locale":"de_DE","og_type":"article","og_title":"Geotopen - Geoparco Alpi Carniche","og_description":"Das Gebiet Geomorphologie Pal\u00e4ontologie Fossilien Geopunkte Geotopen Karstformen H\u00f6hlen Karren Klammen Steinbr\u00fcche und Minen Publikationen Download Geotopen La Catena Carnica \u00e8 un\u2019area di enorme valore geologico: basti pensare che le uniche rocce che rappresentano, in Italia, la successione paleozoica in maniera significativa e pressoch\u00e9 completa, affiorano lungo il confine fra &hellip;","og_url":"https:\/\/www.geoparcoalpicarniche.org\/de\/das-gebiet\/geotopen\/","og_site_name":"Geoparco Alpi Carniche","article_modified_time":"2018-03-28T09:49:12+00:00","twitter_card":"summary_large_image","schema":{"@context":"https:\/\/schema.org","@graph":[{"@type":"WebPage","@id":"https:\/\/www.geoparcoalpicarniche.org\/de\/das-gebiet\/geotopen\/","url":"https:\/\/www.geoparcoalpicarniche.org\/de\/das-gebiet\/geotopen\/","name":"Geotopen - Geoparco Alpi Carniche","isPartOf":{"@id":"https:\/\/www.geoparcoalpicarniche.org\/de\/#website"},"datePublished":"2018-03-05T15:50:16+00:00","dateModified":"2018-03-28T09:49:12+00:00","breadcrumb":{"@id":"https:\/\/www.geoparcoalpicarniche.org\/de\/das-gebiet\/geotopen\/#breadcrumb"},"inLanguage":"de-DE","potentialAction":[{"@type":"ReadAction","target":["https:\/\/www.geoparcoalpicarniche.org\/de\/das-gebiet\/geotopen\/"]}]},{"@type":"BreadcrumbList","@id":"https:\/\/www.geoparcoalpicarniche.org\/de\/das-gebiet\/geotopen\/#breadcrumb","itemListElement":[{"@type":"ListItem","position":1,"name":"Home","item":"https:\/\/www.geoparcoalpicarniche.org\/de\/"},{"@type":"ListItem","position":2,"name":"Das Gebiet","item":"https:\/\/www.geoparcoalpicarniche.org\/de\/das-gebiet\/"},{"@type":"ListItem","position":3,"name":"Geotopen"}]},{"@type":"WebSite","@id":"https:\/\/www.geoparcoalpicarniche.org\/de\/#website","url":"https:\/\/www.geoparcoalpicarniche.org\/de\/","name":"Geoparco Alpi Carniche","description":"Custode del patrimonio geologico transfrontaliero","potentialAction":[{"@type":"SearchAction","target":{"@type":"EntryPoint","urlTemplate":"https:\/\/www.geoparcoalpicarniche.org\/de\/?s={search_term_string}"},"query-input":{"@type":"PropertyValueSpecification","valueRequired":true,"valueName":"search_term_string"}}],"inLanguage":"de-DE"}]}},"_links":{"self":[{"href":"https:\/\/www.geoparcoalpicarniche.org\/de\/wp-json\/wp\/v2\/pages\/5957","targetHints":{"allow":["GET"]}}],"collection":[{"href":"https:\/\/www.geoparcoalpicarniche.org\/de\/wp-json\/wp\/v2\/pages"}],"about":[{"href":"https:\/\/www.geoparcoalpicarniche.org\/de\/wp-json\/wp\/v2\/types\/page"}],"author":[{"embeddable":true,"href":"https:\/\/www.geoparcoalpicarniche.org\/de\/wp-json\/wp\/v2\/users\/2"}],"replies":[{"embeddable":true,"href":"https:\/\/www.geoparcoalpicarniche.org\/de\/wp-json\/wp\/v2\/comments?post=5957"}],"version-history":[{"count":5,"href":"https:\/\/www.geoparcoalpicarniche.org\/de\/wp-json\/wp\/v2\/pages\/5957\/revisions"}],"predecessor-version":[{"id":7389,"href":"https:\/\/www.geoparcoalpicarniche.org\/de\/wp-json\/wp\/v2\/pages\/5957\/revisions\/7389"}],"up":[{"embeddable":true,"href":"https:\/\/www.geoparcoalpicarniche.org\/de\/wp-json\/wp\/v2\/pages\/4909"}],"wp:attachment":[{"href":"https:\/\/www.geoparcoalpicarniche.org\/de\/wp-json\/wp\/v2\/media?parent=5957"}],"curies":[{"name":"wp","href":"https:\/\/api.w.org\/{rel}","templated":true}]}}