{"id":5017,"date":"2018-03-01T12:34:34","date_gmt":"2018-03-01T11:34:34","guid":{"rendered":"https:\/\/www.geoparcoalpicarniche.org\/?page_id=5017"},"modified":"2018-04-26T11:41:52","modified_gmt":"2018-04-26T09:41:52","slug":"veranstaltungen-und-news","status":"publish","type":"page","link":"https:\/\/www.geoparcoalpicarniche.org\/de\/veranstaltungen-und-news\/","title":{"rendered":"Veranstaltungen und News"},"content":{"rendered":"<div id=\"pl-5017\"  class=\"panel-layout\" ><div id=\"pg-5017-0\"  class=\"panel-grid panel-no-style\" ><div id=\"pgc-5017-0-0\"  class=\"panel-grid-cell\" ><div id=\"panel-5017-0-0-0\" class=\"so-panel widget widget_sow-editor panel-first-child panel-last-child\" data-index=\"0\" ><div\n\t\t\t\n\t\t\tclass=\"so-widget-sow-editor so-widget-sow-editor-base\"\n\t\t\t\n\t\t>\n<div class=\"siteorigin-widget-tinymce textwidget\">\n\t<p>Der Grenz\u00fcberschreitende Geopark der Karnischen Alpen bietet zahlreiche Aktivit\u00e4ten um sich dem Thema Geologie auf angenehme und unterhaltsame Weise anzun\u00e4hern, von gef\u00fchrten Geo Exkursionen \u00fcber didaktische Aktivit\u00e4ten und Animationen f\u00fcr die Kleinsten, bis zu Ausstellungen und unterhaltsamen Geoplaudereien mit Experten, bei denen man Antworten auf Fragen zum Thema Erdwissenschaften finden kann.<\/p>\n<\/div>\n<\/div><\/div><\/div><\/div><div id=\"pg-5017-1\"  class=\"panel-grid panel-no-style\" ><div id=\"pgc-5017-1-0\"  class=\"panel-grid-cell\" ><div id=\"panel-5017-1-0-0\" class=\"so-panel widget widget_sow-editor panel-first-child panel-last-child\" data-index=\"1\" ><div\n\t\t\t\n\t\t\tclass=\"so-widget-sow-editor so-widget-sow-editor-base\"\n\t\t\t\n\t\t>\n<div class=\"siteorigin-widget-tinymce textwidget\">\n\t<p><\/p>\n<hr class=\"hr--dashed\"\/>\n<\/div>\n<\/div><\/div><\/div><\/div><div id=\"pg-5017-2\"  class=\"panel-grid panel-has-style\" ><div class=\"mb-lg-mobile panel-row-style panel-row-style-for-5017-2\" ><div id=\"pgc-5017-2-0\"  class=\"panel-grid-cell\" ><div class=\"panel-cell-style panel-cell-style-for-5017-2-0\" ><div id=\"panel-5017-2-0-0\" class=\"so-panel widget widget_sow-editor panel-first-child\" data-index=\"2\" ><div class=\"testo panel-widget-style panel-widget-style-for-5017-2-0-0\" ><div\n\t\t\t\n\t\t\tclass=\"so-widget-sow-editor so-widget-sow-editor-base\"\n\t\t\t\n\t\t>\n<div class=\"siteorigin-widget-tinymce textwidget\">\n\t<p>&nbsp;<\/p>\n<h3 style=\"font-size: 1.3rem;\">Events<\/h3>\n<p><strong>Gef\u00fchrte Geoexkursionen<\/strong> mit Experten zur Entdeckung der Freude am Beobachten der Landschaft aus einer anderen Perspektive<br \/>\nKonferenzen und <strong>Geo-Gespr\u00e4che<\/strong>\u00a0 zur Befriedigung unterschiedlicher Neugier zu den Themen Erdgeschichte und Zukunftsperspektiven<br \/>\n<strong>Veranstaltungen<\/strong> und Abende, in denen die Wissenschaften der Erde mit Kunst, Wort, Kino, Spiel kontaminiert sind, um eine andere Art des Lernens zu entdecken<br \/>\n<strong>Wechselausstellungen<\/strong>, um das kulturelle Angebot der st\u00e4ndigen Ausstellungen im Geoparkgebiet zu bereichern<br \/>\n<strong>Bildungs- und Animationsaktivit\u00e4ten<\/strong> f\u00fcr Kinder, Jugendliche, Schulklassen und organisierte Gruppen<br \/>\nInitiativen, die gemeinsam mit anderen Verb\u00e4nden oder Institutionen organisiert werden, um <strong>gute Ideen<\/strong> zu f\u00f6rdern und eine aktive Gemeinschaft zu schaffen.<\/p>\n<\/div>\n<\/div><\/div><\/div><div id=\"panel-5017-2-0-1\" class=\"so-panel widget widget_sow-editor panel-last-child\" data-index=\"3\" ><div class=\"testo panel-widget-style panel-widget-style-for-5017-2-0-1\" ><div\n\t\t\t\n\t\t\tclass=\"so-widget-sow-editor so-widget-sow-editor-base\"\n\t\t\t\n\t\t>\n<div class=\"siteorigin-widget-tinymce textwidget\">\n\t<p><a href=\"\/de\/category\/veranstaltungen\/\"><strong>Mehr lesen<\/strong><\/a><\/p>\n<\/div>\n<\/div><\/div><\/div><\/div><\/div><div id=\"pgc-5017-2-1\"  class=\"panel-grid-cell\" ><div id=\"panel-5017-2-1-0\" class=\"so-panel widget widget_sow-editor panel-first-child panel-last-child\" data-index=\"4\" ><div\n\t\t\t\n\t\t\tclass=\"so-widget-sow-editor so-widget-sow-editor-base\"\n\t\t\t\n\t\t>\n<div class=\"siteorigin-widget-tinymce textwidget\">\n\t<p><a href=\"https:\/\/www.geoparcoalpicarniche.org\/wp-content\/uploads\/2018\/01\/5611_Zollner_See_\u00a9Franz-GERDL_1280.jpg\"><img loading=\"lazy\" decoding=\"async\" class=\"attachment-full size-full\" src=\"https:\/\/www.geoparcoalpicarniche.org\/wp-content\/uploads\/2018\/01\/5611_Zollner_See_\u00a9Franz-GERDL_1280.jpg\" sizes=\"auto, (max-width: 1280px) 100vw, 1280px\" srcset=\"https:\/\/www.geoparcoalpicarniche.org\/wp-content\/uploads\/2018\/01\/5611_Zollner_See_\u00a9Franz-GERDL_1280.jpg 1280w, https:\/\/www.geoparcoalpicarniche.org\/wp-content\/uploads\/2018\/01\/5611_Zollner_See_\u00a9Franz-GERDL_1280-300x169.jpg 300w, https:\/\/www.geoparcoalpicarniche.org\/wp-content\/uploads\/2018\/01\/5611_Zollner_See_\u00a9Franz-GERDL_1280-768x432.jpg 768w, https:\/\/www.geoparcoalpicarniche.org\/wp-content\/uploads\/2018\/01\/5611_Zollner_See_\u00a9Franz-GERDL_1280-1024x576.jpg 1024w, https:\/\/www.geoparcoalpicarniche.org\/wp-content\/uploads\/2018\/01\/5611_Zollner_See_\u00a9Franz-GERDL_1280-428x242.jpg 428w\" alt=\"\" width=\"1280\" height=\"720\"><\/a><\/p>\n<\/div>\n<\/div><\/div><\/div><\/div><\/div><div id=\"pg-5017-3\"  class=\"panel-grid panel-has-style\" ><div class=\"mb-lg-mobile panel-row-style panel-row-style-for-5017-3\" ><div id=\"pgc-5017-3-0\"  class=\"panel-grid-cell\" ><div class=\"panel-cell-style panel-cell-style-for-5017-3-0\" ><div id=\"panel-5017-3-0-0\" class=\"so-panel widget widget_sow-editor panel-first-child\" data-index=\"5\" ><div class=\"testo panel-widget-style panel-widget-style-for-5017-3-0-0\" ><div\n\t\t\t\n\t\t\tclass=\"so-widget-sow-editor so-widget-sow-editor-base\"\n\t\t\t\n\t\t>\n<div class=\"siteorigin-widget-tinymce textwidget\">\n\t<p>&nbsp;<\/p>\n<h3 style=\"font-size: 1.3rem;\">News<\/h3>\n<p>Der Geopark informiert das Publikum \u00fcber die geologischen Neuigkeiten aus seinem Gebiet so wie aus der Welt. Verastaltungen, News aus den Medien, naturwissenschaftlichen Erfindungen, geologische Neugierigkeiten usw kann man hier finden.<\/p>\n<\/div>\n<\/div><\/div><\/div><div id=\"panel-5017-3-0-1\" class=\"so-panel widget widget_sow-editor panel-last-child\" data-index=\"6\" ><div class=\"testo panel-widget-style panel-widget-style-for-5017-3-0-1\" ><div\n\t\t\t\n\t\t\tclass=\"so-widget-sow-editor so-widget-sow-editor-base\"\n\t\t\t\n\t\t>\n<div class=\"siteorigin-widget-tinymce textwidget\">\n\t<p><a href=\"\/de\/category\/news\/\"><strong>Mehr lesen<\/strong><\/a><\/p>\n<\/div>\n<\/div><\/div><\/div><\/div><\/div><div id=\"pgc-5017-3-1\"  class=\"panel-grid-cell\" ><div id=\"panel-5017-3-1-0\" class=\"so-panel widget widget_sow-editor panel-first-child panel-last-child\" data-index=\"7\" ><div\n\t\t\t\n\t\t\tclass=\"so-widget-sow-editor so-widget-sow-editor-base\"\n\t\t\t\n\t\t>\n<div class=\"siteorigin-widget-tinymce textwidget\">\n\t<p><a href=\"https:\/\/www.geoparcoalpicarniche.org\/wp-content\/uploads\/2018\/01\/DSC_0028_Schlackensteine_1280w.jpg\"><img loading=\"lazy\" decoding=\"async\" class=\"attachment-full size-full\" src=\"https:\/\/www.geoparcoalpicarniche.org\/wp-content\/uploads\/2018\/01\/DSC_0028_Schlackensteine_1280w.jpg\" sizes=\"auto, (max-width: 1280px) 100vw, 1280px\" srcset=\"https:\/\/www.geoparcoalpicarniche.org\/wp-content\/uploads\/2018\/01\/DSC_0028_Schlackensteine_1280w.jpg 1280w, https:\/\/www.geoparcoalpicarniche.org\/wp-content\/uploads\/2018\/01\/DSC_0028_Schlackensteine_1280w-300x169.jpg 300w, https:\/\/www.geoparcoalpicarniche.org\/wp-content\/uploads\/2018\/01\/DSC_0028_Schlackensteine_1280w-768x432.jpg 768w, https:\/\/www.geoparcoalpicarniche.org\/wp-content\/uploads\/2018\/01\/DSC_0028_Schlackensteine_1280w-1024x576.jpg 1024w, https:\/\/www.geoparcoalpicarniche.org\/wp-content\/uploads\/2018\/01\/DSC_0028_Schlackensteine_1280w-428x242.jpg 428w\" alt=\"\" width=\"1280\" height=\"720\"><\/a><\/p>\n<\/div>\n<\/div><\/div><\/div><\/div><\/div><div id=\"pg-5017-4\"  class=\"panel-grid panel-no-style\" ><div id=\"pgc-5017-4-0\"  class=\"panel-grid-cell\" ><div id=\"panel-5017-4-0-0\" class=\"so-panel widget widget_sow-editor panel-first-child panel-last-child\" data-index=\"8\" ><div\n\t\t\t\n\t\t\tclass=\"so-widget-sow-editor so-widget-sow-editor-base\"\n\t\t\t\n\t\t>\n<div class=\"siteorigin-widget-tinymce textwidget\">\n\t<hr class=\"hr--dashed\">\n<\/div>\n<\/div><\/div><\/div><\/div><\/div>","protected":false},"excerpt":{"rendered":"<p>Der Grenz\u00fcberschreitende Geopark der Karnischen Alpen bietet zahlreiche Aktivit\u00e4ten um sich dem Thema Geologie auf angenehme und unterhaltsame Weise anzun\u00e4hern, von gef\u00fchrten Geo Exkursionen \u00fcber didaktische Aktivit\u00e4ten und Animationen f\u00fcr die Kleinsten, bis zu Ausstellungen und unterhaltsamen Geoplaudereien mit Experten, bei denen man Antworten auf Fragen zum Thema Erdwissenschaften finden &hellip;<\/p>\n","protected":false},"author":2,"featured_media":0,"parent":0,"menu_order":12,"comment_status":"closed","ping_status":"closed","template":"","meta":{"_acf_changed":false,"inline_featured_image":false,"ngg_post_thumbnail":0,"footnotes":""},"class_list":{"0":"post-5017","1":"page","2":"type-page","3":"status-publish","5":"clearfix","6":"article"},"acf":[],"yoast_head":"<!-- This site is optimized with the Yoast SEO plugin v27.5 - https:\/\/yoast.com\/product\/yoast-seo-wordpress\/ -->\n<title>Veranstaltungen und News - Geoparco Alpi Carniche<\/title>\n<meta name=\"robots\" content=\"index, follow, max-snippet:-1, max-image-preview:large, max-video-preview:-1\" \/>\n<link rel=\"canonical\" href=\"https:\/\/www.geoparcoalpicarniche.org\/de\/veranstaltungen-und-news\/\" \/>\n<meta property=\"og:locale\" content=\"de_DE\" \/>\n<meta property=\"og:type\" content=\"article\" \/>\n<meta property=\"og:title\" content=\"Veranstaltungen und News - Geoparco Alpi Carniche\" \/>\n<meta property=\"og:description\" content=\"Der Grenz\u00fcberschreitende Geopark der Karnischen Alpen bietet zahlreiche Aktivit\u00e4ten um sich dem Thema Geologie auf angenehme und unterhaltsame Weise anzun\u00e4hern, von gef\u00fchrten Geo Exkursionen \u00fcber didaktische Aktivit\u00e4ten und Animationen f\u00fcr die Kleinsten, bis zu Ausstellungen und unterhaltsamen Geoplaudereien mit Experten, bei denen man Antworten auf Fragen zum Thema Erdwissenschaften finden &hellip;\" \/>\n<meta property=\"og:url\" content=\"https:\/\/www.geoparcoalpicarniche.org\/de\/veranstaltungen-und-news\/\" \/>\n<meta property=\"og:site_name\" content=\"Geoparco Alpi Carniche\" \/>\n<meta property=\"article:modified_time\" content=\"2018-04-26T09:41:52+00:00\" \/>\n<meta property=\"og:image\" content=\"https:\/\/www.geoparcoalpicarniche.org\/wp-content\/uploads\/2018\/01\/5611_Zollner_See_\u00a9Franz-GERDL_1280.jpg\" \/>\n<meta name=\"twitter:card\" content=\"summary_large_image\" \/>\n<meta name=\"twitter:label1\" content=\"Gesch\u00e4tzte Lesezeit\" \/>\n\t<meta name=\"twitter:data1\" content=\"1 minute\" \/>\n<script type=\"application\/ld+json\" class=\"yoast-schema-graph\">{\"@context\":\"https:\\\/\\\/schema.org\",\"@graph\":[{\"@type\":\"WebPage\",\"@id\":\"https:\\\/\\\/www.geoparcoalpicarniche.org\\\/de\\\/veranstaltungen-und-news\\\/\",\"url\":\"https:\\\/\\\/www.geoparcoalpicarniche.org\\\/de\\\/veranstaltungen-und-news\\\/\",\"name\":\"Veranstaltungen und News - Geoparco Alpi Carniche\",\"isPartOf\":{\"@id\":\"https:\\\/\\\/www.geoparcoalpicarniche.org\\\/de\\\/#website\"},\"primaryImageOfPage\":{\"@id\":\"https:\\\/\\\/www.geoparcoalpicarniche.org\\\/de\\\/veranstaltungen-und-news\\\/#primaryimage\"},\"image\":{\"@id\":\"https:\\\/\\\/www.geoparcoalpicarniche.org\\\/de\\\/veranstaltungen-und-news\\\/#primaryimage\"},\"thumbnailUrl\":\"https:\\\/\\\/www.geoparcoalpicarniche.org\\\/wp-content\\\/uploads\\\/2018\\\/01\\\/DSC_0028_Schlackensteine_1280w.jpg\",\"datePublished\":\"2018-03-01T11:34:34+00:00\",\"dateModified\":\"2018-04-26T09:41:52+00:00\",\"breadcrumb\":{\"@id\":\"https:\\\/\\\/www.geoparcoalpicarniche.org\\\/de\\\/veranstaltungen-und-news\\\/#breadcrumb\"},\"inLanguage\":\"de-DE\",\"potentialAction\":[{\"@type\":\"ReadAction\",\"target\":[\"https:\\\/\\\/www.geoparcoalpicarniche.org\\\/de\\\/veranstaltungen-und-news\\\/\"]}]},{\"@type\":\"ImageObject\",\"inLanguage\":\"de-DE\",\"@id\":\"https:\\\/\\\/www.geoparcoalpicarniche.org\\\/de\\\/veranstaltungen-und-news\\\/#primaryimage\",\"url\":\"https:\\\/\\\/www.geoparcoalpicarniche.org\\\/wp-content\\\/uploads\\\/2018\\\/01\\\/DSC_0028_Schlackensteine_1280w.jpg\",\"contentUrl\":\"https:\\\/\\\/www.geoparcoalpicarniche.org\\\/wp-content\\\/uploads\\\/2018\\\/01\\\/DSC_0028_Schlackensteine_1280w.jpg\"},{\"@type\":\"BreadcrumbList\",\"@id\":\"https:\\\/\\\/www.geoparcoalpicarniche.org\\\/de\\\/veranstaltungen-und-news\\\/#breadcrumb\",\"itemListElement\":[{\"@type\":\"ListItem\",\"position\":1,\"name\":\"Home\",\"item\":\"https:\\\/\\\/www.geoparcoalpicarniche.org\\\/de\\\/\"},{\"@type\":\"ListItem\",\"position\":2,\"name\":\"Veranstaltungen und News\"}]},{\"@type\":\"WebSite\",\"@id\":\"https:\\\/\\\/www.geoparcoalpicarniche.org\\\/de\\\/#website\",\"url\":\"https:\\\/\\\/www.geoparcoalpicarniche.org\\\/de\\\/\",\"name\":\"Geoparco Alpi Carniche\",\"description\":\"Custode del patrimonio geologico transfrontaliero\",\"potentialAction\":[{\"@type\":\"SearchAction\",\"target\":{\"@type\":\"EntryPoint\",\"urlTemplate\":\"https:\\\/\\\/www.geoparcoalpicarniche.org\\\/de\\\/?s={search_term_string}\"},\"query-input\":{\"@type\":\"PropertyValueSpecification\",\"valueRequired\":true,\"valueName\":\"search_term_string\"}}],\"inLanguage\":\"de-DE\"}]}<\/script>\n<!-- \/ Yoast SEO plugin. -->","yoast_head_json":{"title":"Veranstaltungen und News - Geoparco Alpi Carniche","robots":{"index":"index","follow":"follow","max-snippet":"max-snippet:-1","max-image-preview":"max-image-preview:large","max-video-preview":"max-video-preview:-1"},"canonical":"https:\/\/www.geoparcoalpicarniche.org\/de\/veranstaltungen-und-news\/","og_locale":"de_DE","og_type":"article","og_title":"Veranstaltungen und News - Geoparco Alpi Carniche","og_description":"Der Grenz\u00fcberschreitende Geopark der Karnischen Alpen bietet zahlreiche Aktivit\u00e4ten um sich dem Thema Geologie auf angenehme und unterhaltsame Weise anzun\u00e4hern, von gef\u00fchrten Geo Exkursionen \u00fcber didaktische Aktivit\u00e4ten und Animationen f\u00fcr die Kleinsten, bis zu Ausstellungen und unterhaltsamen Geoplaudereien mit Experten, bei denen man Antworten auf Fragen zum Thema Erdwissenschaften finden &hellip;","og_url":"https:\/\/www.geoparcoalpicarniche.org\/de\/veranstaltungen-und-news\/","og_site_name":"Geoparco Alpi Carniche","article_modified_time":"2018-04-26T09:41:52+00:00","og_image":[{"url":"https:\/\/www.geoparcoalpicarniche.org\/wp-content\/uploads\/2018\/01\/5611_Zollner_See_\u00a9Franz-GERDL_1280.jpg","type":"","width":"","height":""}],"twitter_card":"summary_large_image","twitter_misc":{"Gesch\u00e4tzte Lesezeit":"1 minute"},"schema":{"@context":"https:\/\/schema.org","@graph":[{"@type":"WebPage","@id":"https:\/\/www.geoparcoalpicarniche.org\/de\/veranstaltungen-und-news\/","url":"https:\/\/www.geoparcoalpicarniche.org\/de\/veranstaltungen-und-news\/","name":"Veranstaltungen und News - Geoparco Alpi Carniche","isPartOf":{"@id":"https:\/\/www.geoparcoalpicarniche.org\/de\/#website"},"primaryImageOfPage":{"@id":"https:\/\/www.geoparcoalpicarniche.org\/de\/veranstaltungen-und-news\/#primaryimage"},"image":{"@id":"https:\/\/www.geoparcoalpicarniche.org\/de\/veranstaltungen-und-news\/#primaryimage"},"thumbnailUrl":"https:\/\/www.geoparcoalpicarniche.org\/wp-content\/uploads\/2018\/01\/DSC_0028_Schlackensteine_1280w.jpg","datePublished":"2018-03-01T11:34:34+00:00","dateModified":"2018-04-26T09:41:52+00:00","breadcrumb":{"@id":"https:\/\/www.geoparcoalpicarniche.org\/de\/veranstaltungen-und-news\/#breadcrumb"},"inLanguage":"de-DE","potentialAction":[{"@type":"ReadAction","target":["https:\/\/www.geoparcoalpicarniche.org\/de\/veranstaltungen-und-news\/"]}]},{"@type":"ImageObject","inLanguage":"de-DE","@id":"https:\/\/www.geoparcoalpicarniche.org\/de\/veranstaltungen-und-news\/#primaryimage","url":"https:\/\/www.geoparcoalpicarniche.org\/wp-content\/uploads\/2018\/01\/DSC_0028_Schlackensteine_1280w.jpg","contentUrl":"https:\/\/www.geoparcoalpicarniche.org\/wp-content\/uploads\/2018\/01\/DSC_0028_Schlackensteine_1280w.jpg"},{"@type":"BreadcrumbList","@id":"https:\/\/www.geoparcoalpicarniche.org\/de\/veranstaltungen-und-news\/#breadcrumb","itemListElement":[{"@type":"ListItem","position":1,"name":"Home","item":"https:\/\/www.geoparcoalpicarniche.org\/de\/"},{"@type":"ListItem","position":2,"name":"Veranstaltungen und News"}]},{"@type":"WebSite","@id":"https:\/\/www.geoparcoalpicarniche.org\/de\/#website","url":"https:\/\/www.geoparcoalpicarniche.org\/de\/","name":"Geoparco Alpi Carniche","description":"Custode del patrimonio geologico transfrontaliero","potentialAction":[{"@type":"SearchAction","target":{"@type":"EntryPoint","urlTemplate":"https:\/\/www.geoparcoalpicarniche.org\/de\/?s={search_term_string}"},"query-input":{"@type":"PropertyValueSpecification","valueRequired":true,"valueName":"search_term_string"}}],"inLanguage":"de-DE"}]}},"_links":{"self":[{"href":"https:\/\/www.geoparcoalpicarniche.org\/de\/wp-json\/wp\/v2\/pages\/5017","targetHints":{"allow":["GET"]}}],"collection":[{"href":"https:\/\/www.geoparcoalpicarniche.org\/de\/wp-json\/wp\/v2\/pages"}],"about":[{"href":"https:\/\/www.geoparcoalpicarniche.org\/de\/wp-json\/wp\/v2\/types\/page"}],"author":[{"embeddable":true,"href":"https:\/\/www.geoparcoalpicarniche.org\/de\/wp-json\/wp\/v2\/users\/2"}],"replies":[{"embeddable":true,"href":"https:\/\/www.geoparcoalpicarniche.org\/de\/wp-json\/wp\/v2\/comments?post=5017"}],"version-history":[{"count":5,"href":"https:\/\/www.geoparcoalpicarniche.org\/de\/wp-json\/wp\/v2\/pages\/5017\/revisions"}],"predecessor-version":[{"id":8399,"href":"https:\/\/www.geoparcoalpicarniche.org\/de\/wp-json\/wp\/v2\/pages\/5017\/revisions\/8399"}],"wp:attachment":[{"href":"https:\/\/www.geoparcoalpicarniche.org\/de\/wp-json\/wp\/v2\/media?parent=5017"}],"curies":[{"name":"wp","href":"https:\/\/api.w.org\/{rel}","templated":true}]}}