{"id":4950,"date":"2018-03-01T12:02:14","date_gmt":"2018-03-01T11:02:14","guid":{"rendered":"https:\/\/www.geoparcoalpicarniche.org\/?page_id=4950"},"modified":"2019-09-02T08:42:59","modified_gmt":"2019-09-02T06:42:59","slug":"cartographie-und-webgis","status":"publish","type":"page","link":"https:\/\/www.geoparcoalpicarniche.org\/de\/der-geopark\/cartographie-und-webgis\/","title":{"rendered":"Kartographie und Webgis"},"content":{"rendered":"<div id=\"pl-4950\"  class=\"panel-layout\" ><div id=\"pg-4950-0\"  class=\"panel-grid panel-no-style\" ><div id=\"pgc-4950-0-0\"  class=\"panel-grid-cell\" ><div id=\"panel-4950-0-0-0\" class=\"so-panel widget widget_nav_menu panel-first-child panel-last-child\" data-index=\"0\" ><div class=\"menu-geoparco-tedesco-container\"><ul id=\"menu-geoparco-tedesco\" class=\"menu\"><li id=\"menu-item-5107\" class=\"menu-item menu-item-type-post_type menu-item-object-page menu-item-has-children menu-item-5107\"><a href=\"https:\/\/www.geoparcoalpicarniche.org\/de\/der-geopark\/\">Der Geopark<\/a>\n<ul class=\"sub-menu\">\n\t<li id=\"menu-item-5108\" class=\"menu-item menu-item-type-post_type menu-item-object-page menu-item-5108\"><a href=\"https:\/\/www.geoparcoalpicarniche.org\/de\/der-geopark\/was-ist-ein-geopark\/\">Was ist ein Geopark?<\/a><\/li>\n\t<li id=\"menu-item-5109\" class=\"menu-item menu-item-type-post_type menu-item-object-page menu-item-5109\"><a href=\"https:\/\/www.geoparcoalpicarniche.org\/de\/der-geopark\/warum-ein-geopark-hier\/\">Warum ein Geopark hier?<\/a><\/li>\n\t<li id=\"menu-item-5110\" class=\"menu-item menu-item-type-post_type menu-item-object-page menu-item-5110\"><a href=\"https:\/\/www.geoparcoalpicarniche.org\/de\/der-geopark\/das-projekt-geotrac\/\">Das Projekt GeoTrAC<\/a><\/li>\n\t<li id=\"menu-item-5111\" class=\"menu-item menu-item-type-post_type menu-item-object-page menu-item-5111\"><a href=\"https:\/\/www.geoparcoalpicarniche.org\/de\/der-geopark\/cartographie-und-webgis\/\">Kartographie und Webgis<\/a><\/li>\n\t<li id=\"menu-item-5112\" class=\"menu-item menu-item-type-post_type menu-item-object-page menu-item-5112\"><a href=\"https:\/\/www.geoparcoalpicarniche.org\/de\/der-geopark\/bildgalerie\/\">Bildgalerie<\/a><\/li>\n<\/ul>\n<\/li>\n<\/ul><\/div><\/div><\/div><div id=\"pgc-4950-0-1\"  class=\"panel-grid-cell\" ><div id=\"panel-4950-0-1-0\" class=\"so-panel widget widget_siteorigin-panels-builder panel-first-child\" data-index=\"1\" ><div id=\"pl-w5c5870014536b\"  class=\"panel-layout\" ><div id=\"pg-w5c5870014536b-0\"  class=\"panel-grid panel-no-style\" ><div id=\"pgc-w5c5870014536b-0-0\"  class=\"panel-grid-cell\" ><div id=\"panel-w5c5870014536b-0-0-0\" class=\"so-panel widget widget_sow-editor panel-first-child panel-last-child\" data-index=\"0\" ><div\n\t\t\t\n\t\t\tclass=\"so-widget-sow-editor so-widget-sow-editor-base\"\n\t\t\t\n\t\t>\n<div class=\"siteorigin-widget-tinymce textwidget\">\n\t<p>&nbsp;<\/p>\n<p><strong>Natur \u201elesen\u201c und sich zurechtfinden lernen<\/strong><\/p>\n<p>Die Kartografie erm\u00f6glicht die \u00fcberblicksm\u00e4\u00dfige und analytische Darstellung eines Gebiets und tr\u00e4gt in der Folge dazu bei, die Geodiversit\u00e4t und andere Landschaftskomponenten zu bewahren und sie unter der Bev\u00f6lkerung als Kleinod bekannter zu machen.<\/p>\n<p>Anhand von statischen und interaktiven Karten liefert der Geopark Karnische Alpen einen detailgetreuen \u00dcberblick \u00fcber das Gebiet und beinhaltet eine geografische Datenbank, die alle geologischen Formationen des Grenzgebiets erfasst.<\/p>\n<p>Hier im Anschluss finden Sie die statischen Karten im PDF-Format zum freien Download. Diese Karten veranschaulichen die raumbezogenen Informationen des Geoparks und k\u00f6nnen auch im Gro\u00dfformat (A1) gedruckt werden.<\/p>\n<p>F\u00fcr weitere Informationen \u00fcber das Gebiet des Geoparks klicken Sie bitte auf WebGIS. WebGIS kann r\u00e4umliche Informationen in verschiedenen Ma\u00dfst\u00e4ben abrufen, abfragen, verschiedene Informationsschichten \u00fcbereinander legen und eigene Tabellen f\u00fcr den Druck erstellen.<\/p>\n<p>Die Daten k\u00f6nnen auch mit Hilfe den g\u00e4ngigsten GIS-Softwares (Qgis, uDig, ArcMap, GeoMedia, u.v.m.) \u00fcber die WMS- und WFS-Dienste heruntergeladen und abgerufen werden.<\/p>\n<p>Der Zugriff auf die hier verf\u00fcgbaren Daten und deren Wiederverwendung wird durch die Italian Open data License V.2.0 geregelt.<\/p>\n<\/div>\n<\/div><\/div><\/div><\/div><\/div><\/div><div id=\"panel-4950-0-1-1\" class=\"so-panel widget widget_siteorigin-panels-builder\" data-index=\"2\" ><div id=\"pl-w5c587001455db\"  class=\"panel-layout\" ><div id=\"pg-w5c587001455db-0\"  class=\"panel-grid panel-no-style\" ><div id=\"pgc-w5c587001455db-0-0\"  class=\"panel-grid-cell\" ><div id=\"panel-w5c587001455db-0-0-0\" class=\"so-panel widget widget_sow-editor panel-first-child\" data-index=\"0\" ><div\n\t\t\t\n\t\t\tclass=\"so-widget-sow-editor so-widget-sow-editor-base\"\n\t\t\t\n\t\t>\n<div class=\"siteorigin-widget-tinymce textwidget\">\n\tngg_shortcode_0_placeholder\n<\/div>\n<\/div><\/div><div id=\"panel-w5c587001455db-0-0-1\" class=\"so-panel widget widget_sow-editor panel-last-child\" data-index=\"1\" ><div\n\t\t\t\n\t\t\tclass=\"so-widget-sow-editor so-widget-sow-editor-base\"\n\t\t\t\n\t\t>\n<div class=\"siteorigin-widget-tinymce textwidget\">\n\tngg_shortcode_1_placeholder\n<\/div>\n<\/div><\/div><\/div><\/div><\/div><\/div><div id=\"panel-4950-0-1-2\" class=\"so-panel widget widget_siteorigin-panels-builder panel-last-child\" data-index=\"3\" ><div id=\"pl-w5d6cb9f37238b\"  class=\"panel-layout\" ><div id=\"pg-w5d6cb9f37238b-0\"  class=\"panel-grid panel-no-style\" ><div id=\"pgc-w5d6cb9f37238b-0-0\"  class=\"panel-grid-cell\" ><div id=\"panel-w5d6cb9f37238b-0-0-0\" class=\"so-panel widget widget_sow-editor panel-first-child\" data-index=\"0\" ><div\n\t\t\t\n\t\t\tclass=\"so-widget-sow-editor so-widget-sow-editor-base\"\n\t\t\t\n\t\t>\n<div class=\"siteorigin-widget-tinymce textwidget\">\n\t<h3><a href=\"http:\/\/webgis.simfvg.it\/it\/map\/geopark-carnic-alps\/qdjango\/18\/\" target=\"blank\">Visita il Webgis del Geoparco<\/a><\/h3>\n<\/div>\n<\/div><\/div><div id=\"panel-w5d6cb9f37238b-0-0-1\" class=\"so-panel widget widget_sow-editor panel-last-child\" data-index=\"1\" ><div\n\t\t\t\n\t\t\tclass=\"so-widget-sow-editor so-widget-sow-editor-base\"\n\t\t\t\n\t\t>\n<div class=\"siteorigin-widget-tinymce textwidget\">\n\t<h3><a href=\"http:\/\/webgis.simfvg.it\/wms\/consultazione-geoparco-transfrontaliero?SERVICE=WMS&amp;VERSION=1.3.0&amp;REQUEST=GetCapabilities\" target=\"blank\">Die Geopark Karte ist als WMS\/WFS Service verf\u00fcgbar (GetCapabilities version 1.3.0)<\/a><\/h3>\n<\/div>\n<\/div><\/div><\/div><\/div><\/div><\/div><\/div><\/div><div id=\"pg-4950-1\"  class=\"panel-grid panel-has-style\" ><div class=\"pagNavRow panel-row-style panel-row-style-for-4950-1\" ><div id=\"pgc-4950-1-0\"  class=\"panel-grid-cell\" ><div id=\"panel-4950-1-0-0\" class=\"so-panel widget widget_sow-editor panel-first-child panel-last-child\" data-index=\"4\" ><div\n\t\t\t\n\t\t\tclass=\"so-widget-sow-editor so-widget-sow-editor-base\"\n\t\t\t\n\t\t>\n<div class=\"siteorigin-widget-tinymce textwidget\">\n\t<p><a class=\"pagNavPrev\" href=\"\/de\/der-geopark\/das-projekt-geotrac\/\">Das Projekt GeoTrAC<\/a><\/p>\n<\/div>\n<\/div><\/div><\/div><\/div><\/div><\/div>","protected":false},"excerpt":{"rendered":"<p>Das Projekt GeoTrAC<\/p>\n","protected":false},"author":2,"featured_media":0,"parent":4932,"menu_order":45,"comment_status":"closed","ping_status":"closed","template":"","meta":{"_acf_changed":false,"inline_featured_image":false,"ngg_post_thumbnail":0,"footnotes":""},"class_list":{"0":"post-4950","1":"page","2":"type-page","3":"status-publish","5":"clearfix","6":"article"},"acf":[],"yoast_head":"<!-- This site is optimized with the Yoast SEO plugin v27.3 - https:\/\/yoast.com\/product\/yoast-seo-wordpress\/ -->\n<title>Kartographie und Webgis - Geoparco Alpi Carniche<\/title>\n<meta name=\"robots\" content=\"index, follow, max-snippet:-1, max-image-preview:large, max-video-preview:-1\" \/>\n<link rel=\"canonical\" href=\"https:\/\/www.geoparcoalpicarniche.org\/de\/der-geopark\/cartographie-und-webgis\/\" \/>\n<meta property=\"og:locale\" content=\"de_DE\" \/>\n<meta property=\"og:type\" content=\"article\" \/>\n<meta property=\"og:title\" content=\"Kartographie und Webgis - Geoparco Alpi Carniche\" \/>\n<meta property=\"og:description\" content=\"Das Projekt GeoTrAC\" \/>\n<meta property=\"og:url\" content=\"https:\/\/www.geoparcoalpicarniche.org\/de\/der-geopark\/cartographie-und-webgis\/\" \/>\n<meta property=\"og:site_name\" content=\"Geoparco Alpi Carniche\" \/>\n<meta property=\"article:modified_time\" content=\"2019-09-02T06:42:59+00:00\" \/>\n<meta name=\"twitter:card\" content=\"summary_large_image\" \/>\n<meta name=\"twitter:label1\" content=\"Gesch\u00e4tzte Lesezeit\" \/>\n\t<meta name=\"twitter:data1\" content=\"1 minute\" \/>\n<script type=\"application\/ld+json\" class=\"yoast-schema-graph\">{\"@context\":\"https:\\\/\\\/schema.org\",\"@graph\":[{\"@type\":\"WebPage\",\"@id\":\"https:\\\/\\\/www.geoparcoalpicarniche.org\\\/de\\\/der-geopark\\\/cartographie-und-webgis\\\/\",\"url\":\"https:\\\/\\\/www.geoparcoalpicarniche.org\\\/de\\\/der-geopark\\\/cartographie-und-webgis\\\/\",\"name\":\"Kartographie und Webgis - Geoparco Alpi Carniche\",\"isPartOf\":{\"@id\":\"https:\\\/\\\/www.geoparcoalpicarniche.org\\\/de\\\/#website\"},\"datePublished\":\"2018-03-01T11:02:14+00:00\",\"dateModified\":\"2019-09-02T06:42:59+00:00\",\"breadcrumb\":{\"@id\":\"https:\\\/\\\/www.geoparcoalpicarniche.org\\\/de\\\/der-geopark\\\/cartographie-und-webgis\\\/#breadcrumb\"},\"inLanguage\":\"de-DE\",\"potentialAction\":[{\"@type\":\"ReadAction\",\"target\":[\"https:\\\/\\\/www.geoparcoalpicarniche.org\\\/de\\\/der-geopark\\\/cartographie-und-webgis\\\/\"]}]},{\"@type\":\"BreadcrumbList\",\"@id\":\"https:\\\/\\\/www.geoparcoalpicarniche.org\\\/de\\\/der-geopark\\\/cartographie-und-webgis\\\/#breadcrumb\",\"itemListElement\":[{\"@type\":\"ListItem\",\"position\":1,\"name\":\"Home\",\"item\":\"https:\\\/\\\/www.geoparcoalpicarniche.org\\\/de\\\/\"},{\"@type\":\"ListItem\",\"position\":2,\"name\":\"Der Geopark\",\"item\":\"https:\\\/\\\/www.geoparcoalpicarniche.org\\\/de\\\/der-geopark\\\/\"},{\"@type\":\"ListItem\",\"position\":3,\"name\":\"Kartographie und Webgis\"}]},{\"@type\":\"WebSite\",\"@id\":\"https:\\\/\\\/www.geoparcoalpicarniche.org\\\/de\\\/#website\",\"url\":\"https:\\\/\\\/www.geoparcoalpicarniche.org\\\/de\\\/\",\"name\":\"Geoparco Alpi Carniche\",\"description\":\"Custode del patrimonio geologico transfrontaliero\",\"potentialAction\":[{\"@type\":\"SearchAction\",\"target\":{\"@type\":\"EntryPoint\",\"urlTemplate\":\"https:\\\/\\\/www.geoparcoalpicarniche.org\\\/de\\\/?s={search_term_string}\"},\"query-input\":{\"@type\":\"PropertyValueSpecification\",\"valueRequired\":true,\"valueName\":\"search_term_string\"}}],\"inLanguage\":\"de-DE\"}]}<\/script>\n<!-- \/ Yoast SEO plugin. -->","yoast_head_json":{"title":"Kartographie und Webgis - Geoparco Alpi Carniche","robots":{"index":"index","follow":"follow","max-snippet":"max-snippet:-1","max-image-preview":"max-image-preview:large","max-video-preview":"max-video-preview:-1"},"canonical":"https:\/\/www.geoparcoalpicarniche.org\/de\/der-geopark\/cartographie-und-webgis\/","og_locale":"de_DE","og_type":"article","og_title":"Kartographie und Webgis - Geoparco Alpi Carniche","og_description":"Das Projekt GeoTrAC","og_url":"https:\/\/www.geoparcoalpicarniche.org\/de\/der-geopark\/cartographie-und-webgis\/","og_site_name":"Geoparco Alpi Carniche","article_modified_time":"2019-09-02T06:42:59+00:00","twitter_card":"summary_large_image","twitter_misc":{"Gesch\u00e4tzte Lesezeit":"1 minute"},"schema":{"@context":"https:\/\/schema.org","@graph":[{"@type":"WebPage","@id":"https:\/\/www.geoparcoalpicarniche.org\/de\/der-geopark\/cartographie-und-webgis\/","url":"https:\/\/www.geoparcoalpicarniche.org\/de\/der-geopark\/cartographie-und-webgis\/","name":"Kartographie und Webgis - Geoparco Alpi Carniche","isPartOf":{"@id":"https:\/\/www.geoparcoalpicarniche.org\/de\/#website"},"datePublished":"2018-03-01T11:02:14+00:00","dateModified":"2019-09-02T06:42:59+00:00","breadcrumb":{"@id":"https:\/\/www.geoparcoalpicarniche.org\/de\/der-geopark\/cartographie-und-webgis\/#breadcrumb"},"inLanguage":"de-DE","potentialAction":[{"@type":"ReadAction","target":["https:\/\/www.geoparcoalpicarniche.org\/de\/der-geopark\/cartographie-und-webgis\/"]}]},{"@type":"BreadcrumbList","@id":"https:\/\/www.geoparcoalpicarniche.org\/de\/der-geopark\/cartographie-und-webgis\/#breadcrumb","itemListElement":[{"@type":"ListItem","position":1,"name":"Home","item":"https:\/\/www.geoparcoalpicarniche.org\/de\/"},{"@type":"ListItem","position":2,"name":"Der Geopark","item":"https:\/\/www.geoparcoalpicarniche.org\/de\/der-geopark\/"},{"@type":"ListItem","position":3,"name":"Kartographie und Webgis"}]},{"@type":"WebSite","@id":"https:\/\/www.geoparcoalpicarniche.org\/de\/#website","url":"https:\/\/www.geoparcoalpicarniche.org\/de\/","name":"Geoparco Alpi Carniche","description":"Custode del patrimonio geologico transfrontaliero","potentialAction":[{"@type":"SearchAction","target":{"@type":"EntryPoint","urlTemplate":"https:\/\/www.geoparcoalpicarniche.org\/de\/?s={search_term_string}"},"query-input":{"@type":"PropertyValueSpecification","valueRequired":true,"valueName":"search_term_string"}}],"inLanguage":"de-DE"}]}},"_links":{"self":[{"href":"https:\/\/www.geoparcoalpicarniche.org\/de\/wp-json\/wp\/v2\/pages\/4950","targetHints":{"allow":["GET"]}}],"collection":[{"href":"https:\/\/www.geoparcoalpicarniche.org\/de\/wp-json\/wp\/v2\/pages"}],"about":[{"href":"https:\/\/www.geoparcoalpicarniche.org\/de\/wp-json\/wp\/v2\/types\/page"}],"author":[{"embeddable":true,"href":"https:\/\/www.geoparcoalpicarniche.org\/de\/wp-json\/wp\/v2\/users\/2"}],"replies":[{"embeddable":true,"href":"https:\/\/www.geoparcoalpicarniche.org\/de\/wp-json\/wp\/v2\/comments?post=4950"}],"version-history":[{"count":5,"href":"https:\/\/www.geoparcoalpicarniche.org\/de\/wp-json\/wp\/v2\/pages\/4950\/revisions"}],"predecessor-version":[{"id":10919,"href":"https:\/\/www.geoparcoalpicarniche.org\/de\/wp-json\/wp\/v2\/pages\/4950\/revisions\/10919"}],"up":[{"embeddable":true,"href":"https:\/\/www.geoparcoalpicarniche.org\/de\/wp-json\/wp\/v2\/pages\/4932"}],"wp:attachment":[{"href":"https:\/\/www.geoparcoalpicarniche.org\/de\/wp-json\/wp\/v2\/media?parent=4950"}],"curies":[{"name":"wp","href":"https:\/\/api.w.org\/{rel}","templated":true}]}}