{"id":4937,"date":"2018-03-01T11:55:51","date_gmt":"2018-03-01T10:55:51","guid":{"rendered":"https:\/\/www.geoparcoalpicarniche.org\/?page_id=4937"},"modified":"2018-05-07T09:51:42","modified_gmt":"2018-05-07T07:51:42","slug":"was-ist-ein-geopark","status":"publish","type":"page","link":"https:\/\/www.geoparcoalpicarniche.org\/de\/der-geopark\/was-ist-ein-geopark\/","title":{"rendered":"Was ist ein Geopark?"},"content":{"rendered":"<div id=\"pl-4937\"  class=\"panel-layout\" ><div id=\"pg-4937-0\"  class=\"panel-grid panel-no-style\" ><div id=\"pgc-4937-0-0\"  class=\"panel-grid-cell\" ><div id=\"panel-4937-0-0-0\" class=\"so-panel widget widget_nav_menu panel-first-child panel-last-child\" data-index=\"0\" ><div class=\"menu-geoparco-tedesco-container\"><ul id=\"menu-geoparco-tedesco\" class=\"menu\"><li id=\"menu-item-5107\" class=\"menu-item menu-item-type-post_type menu-item-object-page menu-item-has-children menu-item-5107\"><a href=\"https:\/\/www.geoparcoalpicarniche.org\/de\/der-geopark\/\">Der Geopark<\/a>\n<ul class=\"sub-menu\">\n\t<li id=\"menu-item-5108\" class=\"menu-item menu-item-type-post_type menu-item-object-page menu-item-5108\"><a href=\"https:\/\/www.geoparcoalpicarniche.org\/de\/der-geopark\/was-ist-ein-geopark\/\">Was ist ein Geopark?<\/a><\/li>\n\t<li id=\"menu-item-5109\" class=\"menu-item menu-item-type-post_type menu-item-object-page menu-item-5109\"><a href=\"https:\/\/www.geoparcoalpicarniche.org\/de\/der-geopark\/warum-ein-geopark-hier\/\">Warum ein Geopark hier?<\/a><\/li>\n\t<li id=\"menu-item-5110\" class=\"menu-item menu-item-type-post_type menu-item-object-page menu-item-5110\"><a href=\"https:\/\/www.geoparcoalpicarniche.org\/de\/der-geopark\/das-projekt-geotrac\/\">Das Projekt GeoTrAC<\/a><\/li>\n\t<li id=\"menu-item-5111\" class=\"menu-item menu-item-type-post_type menu-item-object-page menu-item-5111\"><a href=\"https:\/\/www.geoparcoalpicarniche.org\/de\/der-geopark\/cartographie-und-webgis\/\">Kartographie und Webgis<\/a><\/li>\n\t<li id=\"menu-item-5112\" class=\"menu-item menu-item-type-post_type menu-item-object-page menu-item-5112\"><a href=\"https:\/\/www.geoparcoalpicarniche.org\/de\/der-geopark\/bildgalerie\/\">Bildgalerie<\/a><\/li>\n<\/ul>\n<\/li>\n<\/ul><\/div><\/div><\/div><div id=\"pgc-4937-0-1\"  class=\"panel-grid-cell\" ><div class=\"paddingContentWithSidebar panel-cell-style panel-cell-style-for-4937-0-1\" ><div id=\"panel-4937-0-1-0\" class=\"so-panel widget widget_sow-editor panel-first-child\" data-index=\"1\" ><div class=\"mb-sm panel-widget-style panel-widget-style-for-4937-0-1-0\" ><div\n\t\t\t\n\t\t\tclass=\"so-widget-sow-editor so-widget-sow-editor-base\"\n\t\t\t\n\t\t>\n<div class=\"siteorigin-widget-tinymce textwidget\">\n\t<h2>Was ist ein Geopark?<\/h2>\n<p>Geoparks stellen eine besondere Kategorie von Gebieten dar, die international immer beliebter werden, wenn es darum geht, die Geodiversit\u00e4t und das geologische Erbe zu sch\u00fctzen und zu verbessern.<\/p>\n<\/div>\n<\/div><\/div><\/div><div id=\"panel-4937-0-1-1\" class=\"so-panel widget widget_media_image\" data-index=\"2\" ><img loading=\"lazy\" decoding=\"async\" width=\"1920\" height=\"762\" src=\"https:\/\/www.geoparcoalpicarniche.org\/wp-content\/uploads\/2018\/04\/SK-828web.jpg\" class=\"image wp-image-8066  attachment-full size-full\" alt=\"\" style=\"max-width: 100%; height: auto;\" srcset=\"https:\/\/www.geoparcoalpicarniche.org\/wp-content\/uploads\/2018\/04\/SK-828web.jpg 1920w, https:\/\/www.geoparcoalpicarniche.org\/wp-content\/uploads\/2018\/04\/SK-828web-300x119.jpg 300w, https:\/\/www.geoparcoalpicarniche.org\/wp-content\/uploads\/2018\/04\/SK-828web-768x305.jpg 768w, https:\/\/www.geoparcoalpicarniche.org\/wp-content\/uploads\/2018\/04\/SK-828web-1024x406.jpg 1024w\" sizes=\"auto, (max-width: 1920px) 100vw, 1920px\" \/><\/div><div id=\"panel-4937-0-1-2\" class=\"so-panel widget widget_sow-editor\" data-index=\"3\" ><div class=\"panel-widget-style panel-widget-style-for-4937-0-1-2\" ><div\n\t\t\t\n\t\t\tclass=\"so-widget-sow-editor so-widget-sow-editor-base\"\n\t\t\t\n\t\t>\n<div class=\"siteorigin-widget-tinymce textwidget\">\n\t<h3>Das UNESCO-\u00dcbereinkommen<\/h3>\n<p>Bereits das UNESCO-\u00dcbereinkommen von 1972 \u00fcber den Schutz des Weltkultur- und Naturerbes, Art. 2, welcher der Definition des \u201eNaturerbes\" gewidmet ist, erw\u00e4hnt \u201eNaturdenkm\u00e4ler, die aus physischen Formationen oder Gruppen solcher Formationen, geologischen und physiografischen Formationen bestehen\u201c.<\/p>\n<p>In den folgenden Jahrzehnten sehen mehrere internationale Schutzprogramme, Dokumente und Richtlinien (die 1994 von der Weltnaturschutzunion, dem UNESCO Man and Biosphere - MAB Programm und vielen anderen) Ma\u00dfnahmen zum Schutz von Gebieten vor, die auch geologisch relevante St\u00e4tten darstellen.<\/p>\n<\/div>\n<\/div><\/div><\/div><div id=\"panel-4937-0-1-3\" class=\"so-panel widget widget_sow-editor\" data-index=\"4\" ><div\n\t\t\t\n\t\t\tclass=\"so-widget-sow-editor so-widget-sow-editor-base\"\n\t\t\t\n\t\t>\n<div class=\"siteorigin-widget-tinymce textwidget\">\n\t<h3>Das GEOPARKS-Programm<\/h3>\n<p>Nach dem Beginn des GEOPARKS-Programms der UNESCO 1998 wurden die ersten Geoparks in Europa im Jahr 2000 errichtet. Vier Schutzgebiete aus vier verschiedenen L\u00e4ndern bilden das <strong>Europ\u00e4ische Geoparknetzwerk<\/strong> (EGN, European Geoparks Network): <strong>der Versteinerte Wald auf der Insel Lesbos<\/strong> in Griechenland, <strong>das Geologische Reservat Haute-Provence<\/strong> in Frankreich, <strong>der Geopark Vulkaneifel <\/strong>in Deutschland und <strong>der<\/strong> <strong>Kulturpark Maestrazgo<\/strong> in Spanien.<\/p>\n<p>Aus der Zusammenarbeit dieser vier Geoparks sind zahlreiche Initiativen hervorgegangen: von der F\u00f6rderung des Geotourismus bis zur Umwelterziehung im geologischen Bereich, von der Ausbildung bis zur wissenschaftlichen Forschung.<\/p>\n<p>Das Europ\u00e4ische Netzwerk umfasst derzeit 69 Geoparks in 23 L\u00e4ndern.<\/p>\n<p>Schlie\u00dflich wurde 2004 das <strong>Globale Netzwerk der Geoparks<\/strong> (Global Geoparks Network (GGN)) unter der Schirmherrschaft der UNESCO ins Leben gerufen.<\/p>\n<\/div>\n<\/div><\/div><div id=\"panel-4937-0-1-4\" class=\"so-panel widget widget_siteorigin-panels-builder\" data-index=\"5\" ><div id=\"pl-w5ad5afc630840\"  class=\"panel-layout\" ><div id=\"pg-w5ad5afc630840-0\"  class=\"panel-grid panel-no-style\" ><div id=\"pgc-w5ad5afc630840-0-0\"  class=\"panel-grid-cell\" ><div id=\"panel-w5ad5afc630840-0-0-0\" class=\"so-panel widget widget_sow-editor panel-first-child panel-last-child\" data-index=\"0\" ><div class=\"panel-widget-style panel-widget-style-for-w5ad5afc630840-0-0-0\" ><div\n\t\t\t\n\t\t\tclass=\"so-widget-sow-editor so-widget-sow-editor-base\"\n\t\t\t\n\t\t>\n<div class=\"siteorigin-widget-tinymce textwidget\">\n\t<h4 class=\"mb\">Rechtvorschriften in Italien<\/h4>\n<p class=\"testo12\">Die italienischen Rechtsvorschriften definieren nicht, was ein Geopark ist: Auf nationaler Ebene wird daher auf die Angaben des Europ\u00e4ischen Netzes der Geoparks verwiesen.<br \/>\n2016 hat die Autonome Region Friaul-Julisch Venetien das Regionalgesetz Nr. 16 erlassen, das \u201eBestimmungen zum Schutz und zur Verbesserung der Geodiversit\u00e4t, des geologischen und spel\u00e4ologischen Erbes und der Karstgebiete\u201c enth\u00e4lt, die u. a. folgende Ziele verfolgen:<\/p>\n<p class=\"testo12\">- erkennt das \u00f6ffentliche Interesse an dem Schutz und der Aufwertung des geologischen und spel\u00e4ologischen Erbes der Region an<\/p>\n<p class=\"testo12\">Erstellung und Aktualisierung des regionalen Katasters der regionalen Geostandorte und Geoparks<\/p>\n<p class=\"testo12\">f\u00f6rdert die Verbreitung und \u00f6ffentliche Nutzung im Einklang mit der Erhaltung des Guts und der didaktischen und touristischen Nutzung von geologischen  und spel\u00e4ologischen Sehensw\u00fcrdigkeiten (H\u00f6hlen)<\/p>\n<\/div>\n<\/div><\/div><\/div><\/div><div id=\"pgc-w5ad5afc630840-0-1\"  class=\"panel-grid-cell\" ><div id=\"panel-w5ad5afc630840-0-1-0\" class=\"so-panel widget widget_sow-editor panel-first-child panel-last-child\" data-index=\"1\" ><div class=\"panel-widget-style panel-widget-style-for-w5ad5afc630840-0-1-0\" ><div\n\t\t\t\n\t\t\tclass=\"so-widget-sow-editor so-widget-sow-editor-base\"\n\t\t\t\n\t\t>\n<div class=\"siteorigin-widget-tinymce textwidget\">\n\t<h4 class=\"mb\">Rechtsvorschriften in \u00d6sterreich<\/h4>\n<p class=\"testo12\">In \u00d6sterreich wurden die Empfehlungen der EU noch nicht in ein Gesetz zur Definition der  Geoparks umgesetzt; dennoch sind bereits drei Geoparks, die wenigstens zum Teil auf \u00d6sterreichischem Staatsgebiet liegen, Teil des europ\u00e4ischen Netzes der Geoparks.<\/p>\n<p class=\"testo12\">Dazu z\u00e4hlt auch der <strong>Geopark Karnische<\/strong> Alpen, genauer die \u00f6sterreichische Seite des Grenz\u00fcberschreitenden Parks der karnischen Alpen und bereits von der Unesco anerkannter Geopark.<\/p>\n<p class=\"testo12\">Da eine spezielle Gesetzesvorschrift zum Thema des geologischen Erbes fehlt, bezieht man sich auch in \u00d6sterreich, vor allem Schutzgebiete betreffend, (Natur 2000, Landschaftsschutz, Naturdenkm\u00e4ler etc.) auf die europ\u00e4ische Vorschrift.<\/p>\n<\/div>\n<\/div><\/div><\/div><\/div><\/div><\/div><\/div><div id=\"panel-4937-0-1-5\" class=\"so-panel widget widget_siteorigin-panels-builder\" data-index=\"6\" ><div class=\"panel-widget-style panel-widget-style-for-4937-0-1-5\" ><div id=\"pl-w5af0058e9036e\"  class=\"panel-layout\" ><div id=\"pg-w5af0058e9036e-0\"  class=\"panel-grid panel-has-style\" ><div class=\"panel-row-style panel-row-style-for-w5af0058e9036e-0\" ><div id=\"pgc-w5af0058e9036e-0-0\"  class=\"panel-grid-cell\" ><div id=\"panel-w5af0058e9036e-0-0-0\" class=\"so-panel widget widget_sow-editor panel-first-child\" data-index=\"0\" ><div\n\t\t\t\n\t\t\tclass=\"so-widget-sow-editor so-widget-sow-editor-base\"\n\t\t\t\n\t\t>\n<div class=\"siteorigin-widget-tinymce textwidget\">\n\t<h4>MATERIALIEN DOWNLOAD<\/h4>\n<\/div>\n<\/div><\/div><div id=\"panel-w5af0058e9036e-0-0-1\" class=\"so-panel widget widget_siteorigin-panels-builder panel-last-child\" data-index=\"1\" ><div id=\"pl-w5af0058e903bc\"  class=\"panel-layout\" ><div id=\"pg-w5af0058e903bc-0\"  class=\"panel-grid panel-no-style\" ><div id=\"pgc-w5af0058e903bc-0-0\"  class=\"panel-grid-cell\" ><div id=\"panel-w5af0058e903bc-0-0-0\" class=\"so-panel widget widget_sow-editor panel-first-child panel-last-child\" data-index=\"0\" ><div\n\t\t\t\n\t\t\tclass=\"so-widget-sow-editor so-widget-sow-editor-base\"\n\t\t\t\n\t\t>\n<div class=\"siteorigin-widget-tinymce textwidget\">\n\t<p><strong>UNESCO VEREINBARUNG<\/strong><br \/>\n<a href=\"https:\/\/www.geoparcoalpicarniche.org\/wp-content\/uploads\/2018\/05\/all1_UNESCO-Convention_en.pdf\" target=\"blank\">Siehe<\/a><\/p>\n<p><strong>SATZUNG UNESCO<\/strong><br \/>\n<a href=https:\/\/www.geoparcoalpicarniche.org\/wp-content\/uploads\/2018\/05\/all2_IGGP_UGG_Statutes_Guidelines_EN.pdf\" target=\"blank\">Siehe<\/a><\/p>\n<p><strong>RECHTFORSCHRIFTUNG REGION FVG<\/strong><br \/>\n<a href=\"https:\/\/www.geoparcoalpicarniche.org\/wp-content\/uploads\/2018\/05\/all3_Legge-Regionale-14-ottobre-2016-n.-15.pdf\" target=\"blank\">L.R. n. 15 del 14\/10\/2016<\/a><\/p>\n<\/div>\n<\/div><\/div><\/div><div id=\"pgc-w5af0058e903bc-0-1\"  class=\"panel-grid-cell\" ><div id=\"panel-w5af0058e903bc-0-1-0\" class=\"so-panel widget widget_sow-editor panel-first-child panel-last-child\" data-index=\"1\" ><div\n\t\t\t\n\t\t\tclass=\"so-widget-sow-editor so-widget-sow-editor-base\"\n\t\t\t\n\t\t>\n<div class=\"siteorigin-widget-tinymce textwidget\">\n\t<p><strong>EUROPEAN GEOPARKS<\/strong><br \/> <a href=\"http:\/\/www.europeangeoparks.org\/\" target=\"blank\">www.europeangeoparks.org<\/a><\/p>\n<p><strong>ISPRA AMBIENTE<\/strong><br \/> <a href=\"http:\/\/www.europeangeoparks.org\/\" target=\"blank\">www.isprambiente.gov.it<\/a><\/p>\n<\/div>\n<\/div><\/div><\/div><\/div><\/div><\/div><\/div><div id=\"pgc-w5af0058e9036e-0-1\"  class=\"panel-grid-cell\" ><div id=\"panel-w5af0058e9036e-0-1-0\" class=\"so-panel widget widget_sow-editor panel-first-child\" data-index=\"2\" ><div\n\t\t\t\n\t\t\tclass=\"so-widget-sow-editor so-widget-sow-editor-base\"\n\t\t\t\n\t\t>\n<div class=\"siteorigin-widget-tinymce textwidget\">\n\t<h4>KARTEN<\/h4>\n<\/div>\n<\/div><\/div><div id=\"panel-w5af0058e9036e-0-1-1\" class=\"so-panel widget widget_sow-editor\" data-index=\"3\" ><div\n\t\t\t\n\t\t\tclass=\"so-widget-sow-editor so-widget-sow-editor-base\"\n\t\t\t\n\t\t>\n<div class=\"siteorigin-widget-tinymce textwidget\">\n\t<p><strong>WEBGIS UND KARTEN ZUM HERUNTERLADEN<\/strong><br \/><a href=\"https:\/\/www.geoparcoalpicarniche.org\/de\/der-geopark\/cartographie-und-webgis\/\">Hier die Karte des grenz\u00fcberschreitenden Geoparks der Karnischen Alpen<\/a><\/p>\n<\/div>\n<\/div><\/div><div id=\"panel-w5af0058e9036e-0-1-2\" class=\"so-panel widget widget_sow-editor panel-last-child\" data-index=\"4\" ><div\n\t\t\t\n\t\t\tclass=\"so-widget-sow-editor so-widget-sow-editor-base\"\n\t\t\t\n\t\t>\n<div class=\"siteorigin-widget-tinymce textwidget\">\n\t<\/div>\n<\/div><\/div><\/div><\/div><\/div><\/div><\/div><\/div><div id=\"panel-4937-0-1-6\" class=\"so-panel widget widget_sow-editor panel-last-child\" data-index=\"7\" ><div\n\t\t\t\n\t\t\tclass=\"so-widget-sow-editor so-widget-sow-editor-base\"\n\t\t\t\n\t\t>\n<div class=\"siteorigin-widget-tinymce textwidget\">\n\t<p><a class=\"pagNavNext\" href=\"\/de\/der-geopark\/warum-ein-geopark-hier\/\">Warum ein Geopark hier?<\/a><a class=\"pagNavPrev\" href=\"\/de\/der-geopark\/\">Der Geopark<\/a><\/p>\n<\/div>\n<\/div><\/div><\/div><\/div><\/div><\/div>","protected":false},"excerpt":{"rendered":"<p>Was ist ein Geopark? Geoparks stellen eine besondere Kategorie von Gebieten dar, die international immer beliebter werden, wenn es darum geht, die Geodiversit\u00e4t und das geologische Erbe zu sch\u00fctzen und zu verbessern. Das UNESCO-\u00dcbereinkommen Bereits das UNESCO-\u00dcbereinkommen von 1972 \u00fcber den Schutz des Weltkultur- und Naturerbes, Art. 2, welcher der &hellip;<\/p>\n","protected":false},"author":2,"featured_media":0,"parent":4932,"menu_order":18,"comment_status":"closed","ping_status":"closed","template":"","meta":{"_acf_changed":false,"inline_featured_image":false,"ngg_post_thumbnail":0,"footnotes":""},"class_list":{"0":"post-4937","1":"page","2":"type-page","3":"status-publish","5":"clearfix","6":"article"},"acf":[],"yoast_head":"<!-- This site is optimized with the Yoast SEO plugin v27.4 - https:\/\/yoast.com\/product\/yoast-seo-wordpress\/ -->\n<title>Was ist ein Geopark? - Geoparco Alpi Carniche<\/title>\n<meta name=\"robots\" content=\"index, follow, max-snippet:-1, max-image-preview:large, max-video-preview:-1\" \/>\n<link rel=\"canonical\" href=\"https:\/\/www.geoparcoalpicarniche.org\/de\/der-geopark\/was-ist-ein-geopark\/\" \/>\n<meta property=\"og:locale\" content=\"de_DE\" \/>\n<meta property=\"og:type\" content=\"article\" \/>\n<meta property=\"og:title\" content=\"Was ist ein Geopark? - Geoparco Alpi Carniche\" \/>\n<meta property=\"og:description\" content=\"Was ist ein Geopark? Geoparks stellen eine besondere Kategorie von Gebieten dar, die international immer beliebter werden, wenn es darum geht, die Geodiversit\u00e4t und das geologische Erbe zu sch\u00fctzen und zu verbessern. Das UNESCO-\u00dcbereinkommen Bereits das UNESCO-\u00dcbereinkommen von 1972 \u00fcber den Schutz des Weltkultur- und Naturerbes, Art. 2, welcher der &hellip;\" \/>\n<meta property=\"og:url\" content=\"https:\/\/www.geoparcoalpicarniche.org\/de\/der-geopark\/was-ist-ein-geopark\/\" \/>\n<meta property=\"og:site_name\" content=\"Geoparco Alpi Carniche\" \/>\n<meta property=\"article:modified_time\" content=\"2018-05-07T07:51:42+00:00\" \/>\n<meta name=\"twitter:card\" content=\"summary_large_image\" \/>\n<meta name=\"twitter:label1\" content=\"Gesch\u00e4tzte Lesezeit\" \/>\n\t<meta name=\"twitter:data1\" content=\"2 minutes\" \/>\n<script type=\"application\/ld+json\" class=\"yoast-schema-graph\">{\"@context\":\"https:\\\/\\\/schema.org\",\"@graph\":[{\"@type\":\"WebPage\",\"@id\":\"https:\\\/\\\/www.geoparcoalpicarniche.org\\\/de\\\/der-geopark\\\/was-ist-ein-geopark\\\/\",\"url\":\"https:\\\/\\\/www.geoparcoalpicarniche.org\\\/de\\\/der-geopark\\\/was-ist-ein-geopark\\\/\",\"name\":\"Was ist ein Geopark? - Geoparco Alpi Carniche\",\"isPartOf\":{\"@id\":\"https:\\\/\\\/www.geoparcoalpicarniche.org\\\/de\\\/#website\"},\"datePublished\":\"2018-03-01T10:55:51+00:00\",\"dateModified\":\"2018-05-07T07:51:42+00:00\",\"breadcrumb\":{\"@id\":\"https:\\\/\\\/www.geoparcoalpicarniche.org\\\/de\\\/der-geopark\\\/was-ist-ein-geopark\\\/#breadcrumb\"},\"inLanguage\":\"de-DE\",\"potentialAction\":[{\"@type\":\"ReadAction\",\"target\":[\"https:\\\/\\\/www.geoparcoalpicarniche.org\\\/de\\\/der-geopark\\\/was-ist-ein-geopark\\\/\"]}]},{\"@type\":\"BreadcrumbList\",\"@id\":\"https:\\\/\\\/www.geoparcoalpicarniche.org\\\/de\\\/der-geopark\\\/was-ist-ein-geopark\\\/#breadcrumb\",\"itemListElement\":[{\"@type\":\"ListItem\",\"position\":1,\"name\":\"Home\",\"item\":\"https:\\\/\\\/www.geoparcoalpicarniche.org\\\/de\\\/\"},{\"@type\":\"ListItem\",\"position\":2,\"name\":\"Der Geopark\",\"item\":\"https:\\\/\\\/www.geoparcoalpicarniche.org\\\/de\\\/der-geopark\\\/\"},{\"@type\":\"ListItem\",\"position\":3,\"name\":\"Was ist ein Geopark?\"}]},{\"@type\":\"WebSite\",\"@id\":\"https:\\\/\\\/www.geoparcoalpicarniche.org\\\/de\\\/#website\",\"url\":\"https:\\\/\\\/www.geoparcoalpicarniche.org\\\/de\\\/\",\"name\":\"Geoparco Alpi Carniche\",\"description\":\"Custode del patrimonio geologico transfrontaliero\",\"potentialAction\":[{\"@type\":\"SearchAction\",\"target\":{\"@type\":\"EntryPoint\",\"urlTemplate\":\"https:\\\/\\\/www.geoparcoalpicarniche.org\\\/de\\\/?s={search_term_string}\"},\"query-input\":{\"@type\":\"PropertyValueSpecification\",\"valueRequired\":true,\"valueName\":\"search_term_string\"}}],\"inLanguage\":\"de-DE\"}]}<\/script>\n<!-- \/ Yoast SEO plugin. -->","yoast_head_json":{"title":"Was ist ein Geopark? - Geoparco Alpi Carniche","robots":{"index":"index","follow":"follow","max-snippet":"max-snippet:-1","max-image-preview":"max-image-preview:large","max-video-preview":"max-video-preview:-1"},"canonical":"https:\/\/www.geoparcoalpicarniche.org\/de\/der-geopark\/was-ist-ein-geopark\/","og_locale":"de_DE","og_type":"article","og_title":"Was ist ein Geopark? - Geoparco Alpi Carniche","og_description":"Was ist ein Geopark? Geoparks stellen eine besondere Kategorie von Gebieten dar, die international immer beliebter werden, wenn es darum geht, die Geodiversit\u00e4t und das geologische Erbe zu sch\u00fctzen und zu verbessern. Das UNESCO-\u00dcbereinkommen Bereits das UNESCO-\u00dcbereinkommen von 1972 \u00fcber den Schutz des Weltkultur- und Naturerbes, Art. 2, welcher der &hellip;","og_url":"https:\/\/www.geoparcoalpicarniche.org\/de\/der-geopark\/was-ist-ein-geopark\/","og_site_name":"Geoparco Alpi Carniche","article_modified_time":"2018-05-07T07:51:42+00:00","twitter_card":"summary_large_image","twitter_misc":{"Gesch\u00e4tzte Lesezeit":"2 minutes"},"schema":{"@context":"https:\/\/schema.org","@graph":[{"@type":"WebPage","@id":"https:\/\/www.geoparcoalpicarniche.org\/de\/der-geopark\/was-ist-ein-geopark\/","url":"https:\/\/www.geoparcoalpicarniche.org\/de\/der-geopark\/was-ist-ein-geopark\/","name":"Was ist ein Geopark? - Geoparco Alpi Carniche","isPartOf":{"@id":"https:\/\/www.geoparcoalpicarniche.org\/de\/#website"},"datePublished":"2018-03-01T10:55:51+00:00","dateModified":"2018-05-07T07:51:42+00:00","breadcrumb":{"@id":"https:\/\/www.geoparcoalpicarniche.org\/de\/der-geopark\/was-ist-ein-geopark\/#breadcrumb"},"inLanguage":"de-DE","potentialAction":[{"@type":"ReadAction","target":["https:\/\/www.geoparcoalpicarniche.org\/de\/der-geopark\/was-ist-ein-geopark\/"]}]},{"@type":"BreadcrumbList","@id":"https:\/\/www.geoparcoalpicarniche.org\/de\/der-geopark\/was-ist-ein-geopark\/#breadcrumb","itemListElement":[{"@type":"ListItem","position":1,"name":"Home","item":"https:\/\/www.geoparcoalpicarniche.org\/de\/"},{"@type":"ListItem","position":2,"name":"Der Geopark","item":"https:\/\/www.geoparcoalpicarniche.org\/de\/der-geopark\/"},{"@type":"ListItem","position":3,"name":"Was ist ein Geopark?"}]},{"@type":"WebSite","@id":"https:\/\/www.geoparcoalpicarniche.org\/de\/#website","url":"https:\/\/www.geoparcoalpicarniche.org\/de\/","name":"Geoparco Alpi Carniche","description":"Custode del patrimonio geologico transfrontaliero","potentialAction":[{"@type":"SearchAction","target":{"@type":"EntryPoint","urlTemplate":"https:\/\/www.geoparcoalpicarniche.org\/de\/?s={search_term_string}"},"query-input":{"@type":"PropertyValueSpecification","valueRequired":true,"valueName":"search_term_string"}}],"inLanguage":"de-DE"}]}},"_links":{"self":[{"href":"https:\/\/www.geoparcoalpicarniche.org\/de\/wp-json\/wp\/v2\/pages\/4937","targetHints":{"allow":["GET"]}}],"collection":[{"href":"https:\/\/www.geoparcoalpicarniche.org\/de\/wp-json\/wp\/v2\/pages"}],"about":[{"href":"https:\/\/www.geoparcoalpicarniche.org\/de\/wp-json\/wp\/v2\/types\/page"}],"author":[{"embeddable":true,"href":"https:\/\/www.geoparcoalpicarniche.org\/de\/wp-json\/wp\/v2\/users\/2"}],"replies":[{"embeddable":true,"href":"https:\/\/www.geoparcoalpicarniche.org\/de\/wp-json\/wp\/v2\/comments?post=4937"}],"version-history":[{"count":5,"href":"https:\/\/www.geoparcoalpicarniche.org\/de\/wp-json\/wp\/v2\/pages\/4937\/revisions"}],"predecessor-version":[{"id":8837,"href":"https:\/\/www.geoparcoalpicarniche.org\/de\/wp-json\/wp\/v2\/pages\/4937\/revisions\/8837"}],"up":[{"embeddable":true,"href":"https:\/\/www.geoparcoalpicarniche.org\/de\/wp-json\/wp\/v2\/pages\/4932"}],"wp:attachment":[{"href":"https:\/\/www.geoparcoalpicarniche.org\/de\/wp-json\/wp\/v2\/media?parent=4937"}],"curies":[{"name":"wp","href":"https:\/\/api.w.org\/{rel}","templated":true}]}}