{"id":4932,"date":"2018-03-01T11:54:39","date_gmt":"2018-03-01T10:54:39","guid":{"rendered":"https:\/\/www.geoparcoalpicarniche.org\/?page_id=4932"},"modified":"2018-04-23T17:39:24","modified_gmt":"2018-04-23T15:39:24","slug":"der-geopark","status":"publish","type":"page","link":"https:\/\/www.geoparcoalpicarniche.org\/de\/der-geopark\/","title":{"rendered":"Der Geopark"},"content":{"rendered":"<div id=\"pl-4932\"  class=\"panel-layout\" ><div id=\"pg-4932-0\"  class=\"panel-grid panel-no-style\" ><div id=\"pgc-4932-0-0\"  class=\"panel-grid-cell\" ><div id=\"panel-4932-0-0-0\" class=\"so-panel widget widget_nav_menu panel-first-child panel-last-child\" data-index=\"0\" ><div class=\"menu-geoparco-tedesco-container\"><ul id=\"menu-geoparco-tedesco\" class=\"menu\"><li id=\"menu-item-5107\" class=\"menu-item menu-item-type-post_type menu-item-object-page menu-item-has-children menu-item-5107\"><a href=\"https:\/\/www.geoparcoalpicarniche.org\/de\/der-geopark\/\">Der Geopark<\/a>\n<ul class=\"sub-menu\">\n\t<li id=\"menu-item-5108\" class=\"menu-item menu-item-type-post_type menu-item-object-page menu-item-5108\"><a href=\"https:\/\/www.geoparcoalpicarniche.org\/de\/der-geopark\/was-ist-ein-geopark\/\">Was ist ein Geopark?<\/a><\/li>\n\t<li id=\"menu-item-5109\" class=\"menu-item menu-item-type-post_type menu-item-object-page menu-item-5109\"><a href=\"https:\/\/www.geoparcoalpicarniche.org\/de\/der-geopark\/warum-ein-geopark-hier\/\">Warum ein Geopark hier?<\/a><\/li>\n\t<li id=\"menu-item-5110\" class=\"menu-item menu-item-type-post_type menu-item-object-page menu-item-5110\"><a href=\"https:\/\/www.geoparcoalpicarniche.org\/de\/der-geopark\/das-projekt-geotrac\/\">Das Projekt GeoTrAC<\/a><\/li>\n\t<li id=\"menu-item-5111\" class=\"menu-item menu-item-type-post_type menu-item-object-page menu-item-5111\"><a href=\"https:\/\/www.geoparcoalpicarniche.org\/de\/der-geopark\/cartographie-und-webgis\/\">Kartographie und Webgis<\/a><\/li>\n\t<li id=\"menu-item-5112\" class=\"menu-item menu-item-type-post_type menu-item-object-page menu-item-5112\"><a href=\"https:\/\/www.geoparcoalpicarniche.org\/de\/der-geopark\/bildgalerie\/\">Bildgalerie<\/a><\/li>\n<\/ul>\n<\/li>\n<\/ul><\/div><\/div><\/div><div id=\"pgc-4932-0-1\"  class=\"panel-grid-cell\" ><div class=\"paddingContentWithSidebar panel-cell-style panel-cell-style-for-4932-0-1\" ><div id=\"panel-4932-0-1-0\" class=\"so-panel widget widget_sow-editor panel-first-child\" data-index=\"1\" ><div\n\t\t\t\n\t\t\tclass=\"so-widget-sow-editor so-widget-sow-editor-base\"\n\t\t\t\n\t\t>\n<div class=\"siteorigin-widget-tinymce textwidget\">\n\t<h2>Der Geopark der Karnischen Alpen<\/h2>\n<\/div>\n<\/div><\/div><div id=\"panel-4932-0-1-1\" class=\"so-panel widget widget_sow-editor\" data-index=\"2\" ><div\n\t\t\t\n\t\t\tclass=\"so-widget-sow-editor so-widget-sow-editor-base\"\n\t\t\t\n\t\t>\n<div class=\"siteorigin-widget-tinymce textwidget\">\n\t<div id=\"pgc-w5a782e908d003-0-0\" class=\"panel-grid-cell\" data-weight=\"0.5\">\n<div id=\"panel-w5a782e908d003-0-0-0\" class=\"so-panel widget widget_sow-editor panel-first-child panel-last-child\" data-index=\"0\" data-style=\"{&quot;id&quot;:&quot;&quot;,&quot;class&quot;:&quot;compensa-margin-grid-cell&quot;,&quot;widget_css&quot;:&quot;&quot;,&quot;mobile_css&quot;:&quot;&quot;,&quot;padding&quot;:&quot;&quot;,&quot;mobile_padding&quot;:&quot;&quot;,&quot;background&quot;:&quot;&quot;,&quot;background_image_attachment&quot;:&quot;0&quot;,&quot;background_display&quot;:&quot;tile&quot;,&quot;border_color&quot;:&quot;&quot;,&quot;font_color&quot;:&quot;&quot;,&quot;link_color&quot;:&quot;&quot;}\">\n<div class=\"compensa-margin-grid-cell panel-widget-style panel-widget-style-for-w5a782e908d003-0-0-0\">\n<div class=\"so-widget-sow-editor so-widget-sow-editor-base\">\n<div class=\"siteorigin-widget-tinymce textwidget\">\n<div id='gallery-1' class='gallery galleryid-4932 gallery-columns-1 gallery-size-large'><figure class='gallery-item'>\n\t\t\t<div class='gallery-icon landscape'>\n\t\t\t\t<a href='https:\/\/www.geoparcoalpicarniche.org\/wp-content\/uploads\/2018\/01\/Karnische-Alpen_\u00a9Ruedi_Homberger-low-1280.jpg'><img loading=\"lazy\" decoding=\"async\" width=\"1024\" height=\"640\" src=\"https:\/\/www.geoparcoalpicarniche.org\/wp-content\/uploads\/2018\/01\/Karnische-Alpen_\u00a9Ruedi_Homberger-low-1280-1024x640.jpg\" class=\"attachment-large size-large\" alt=\"\" aria-describedby=\"gallery-1-4189\" srcset=\"https:\/\/www.geoparcoalpicarniche.org\/wp-content\/uploads\/2018\/01\/Karnische-Alpen_\u00a9Ruedi_Homberger-low-1280-1024x640.jpg 1024w, https:\/\/www.geoparcoalpicarniche.org\/wp-content\/uploads\/2018\/01\/Karnische-Alpen_\u00a9Ruedi_Homberger-low-1280-300x188.jpg 300w, https:\/\/www.geoparcoalpicarniche.org\/wp-content\/uploads\/2018\/01\/Karnische-Alpen_\u00a9Ruedi_Homberger-low-1280-768x480.jpg 768w, https:\/\/www.geoparcoalpicarniche.org\/wp-content\/uploads\/2018\/01\/Karnische-Alpen_\u00a9Ruedi_Homberger-low-1280.jpg 1280w\" sizes=\"auto, (max-width: 1024px) 100vw, 1024px\" \/><\/a>\n\t\t\t<\/div>\n\t\t\t\t<figcaption class='wp-caption-text gallery-caption' id='gallery-1-4189'>\n\t\t\t\tAlpi carniche(de)- Lago Volaia\n\t\t\t\t<\/figcaption><\/figure>\n\t\t<\/div>\n\n<\/div>\n<\/div>\n<\/div>\n<\/div>\n<\/div>\n<div id=\"pgc-w5a782e908d003-0-1\" class=\"panel-grid-cell\" data-weight=\"0.5\">\n<div id=\"panel-w5a782e908d003-0-1-0\" class=\"so-panel widget widget_sow-editor panel-first-child panel-last-child\" data-index=\"1\" data-style=\"{&quot;id&quot;:&quot;&quot;,&quot;class&quot;:&quot;&quot;,&quot;widget_css&quot;:&quot;&quot;,&quot;mobile_css&quot;:&quot;&quot;,&quot;padding&quot;:&quot;&quot;,&quot;mobile_padding&quot;:&quot;&quot;,&quot;background&quot;:&quot;&quot;,&quot;background_image_attachment&quot;:&quot;0&quot;,&quot;background_display&quot;:&quot;tile&quot;,&quot;border_color&quot;:&quot;&quot;,&quot;font_color&quot;:&quot;&quot;,&quot;link_color&quot;:&quot;&quot;}\">\n<div class=\"so-widget-sow-editor so-widget-sow-editor-base\">\n<div class=\"siteorigin-widget-tinymce textwidget\">\n<h3>Grenze oder geologisches Schatzk\u00e4stchen?<\/h3>\n<p>Die Karnische Kette auf italienischer und \u00f6sterreichischer Seite ist ein Gebiet von enormem geologischem Wert. Man muss nur sagen, dass in Italien die einzigen Felsen, die die pal\u00e4ozoische Sukzession fast vollst\u00e4ndig repr\u00e4sentieren, entlang der nord\u00f6stlichen Grenze stehen, oder dass einige der fossilreichen St\u00e4tten des Gebiets - das Coglians-Massiv, Piani di Lanza, Pramollo\/Nassfeld - zu den wichtigsten der Welt geh\u00f6ren.<\/p><\/div>\n<\/div>\n<\/div>\n<\/div>\n<\/div>\n<\/div><\/div><div id=\"panel-4932-0-1-2\" class=\"so-panel widget widget_sow-editor\" data-index=\"3\" ><div\n\t\t\t\n\t\t\tclass=\"so-widget-sow-editor so-widget-sow-editor-base\"\n\t\t\t\n\t\t>\n<div class=\"siteorigin-widget-tinymce textwidget\">\n\t<div id='gallery-2' class='gallery galleryid-4932 gallery-columns-1 gallery-size-full'><figure class='gallery-item'>\n\t\t\t<div class='gallery-icon landscape'>\n\t\t\t\t<a href='https:\/\/www.geoparcoalpicarniche.org\/wp-content\/uploads\/2017\/12\/1.0-Ph-Grande_Coglians.jpg'><img loading=\"lazy\" decoding=\"async\" width=\"1920\" height=\"1284\" src=\"https:\/\/www.geoparcoalpicarniche.org\/wp-content\/uploads\/2017\/12\/1.0-Ph-Grande_Coglians.jpg\" class=\"attachment-full size-full\" alt=\"\" aria-describedby=\"gallery-2-2437\" srcset=\"https:\/\/www.geoparcoalpicarniche.org\/wp-content\/uploads\/2017\/12\/1.0-Ph-Grande_Coglians.jpg 1920w, https:\/\/www.geoparcoalpicarniche.org\/wp-content\/uploads\/2017\/12\/1.0-Ph-Grande_Coglians-300x201.jpg 300w, https:\/\/www.geoparcoalpicarniche.org\/wp-content\/uploads\/2017\/12\/1.0-Ph-Grande_Coglians-768x514.jpg 768w, https:\/\/www.geoparcoalpicarniche.org\/wp-content\/uploads\/2017\/12\/1.0-Ph-Grande_Coglians-1024x685.jpg 1024w, https:\/\/www.geoparcoalpicarniche.org\/wp-content\/uploads\/2017\/12\/1.0-Ph-Grande_Coglians-272x182.jpg 272w\" sizes=\"auto, (max-width: 1920px) 100vw, 1920px\" \/><\/a>\n\t\t\t<\/div>\n\t\t\t\t<figcaption class='wp-caption-text gallery-caption' id='gallery-2-2437'>\n\t\t\t\tMonte Coglians\n\t\t\t\t<\/figcaption><\/figure>\n\t\t<\/div>\n\n<\/div>\n<\/div><\/div><div id=\"panel-4932-0-1-3\" class=\"so-panel widget widget_sow-editor\" data-index=\"4\" ><div\n\t\t\t\n\t\t\tclass=\"so-widget-sow-editor so-widget-sow-editor-base\"\n\t\t\t\n\t\t>\n<div class=\"siteorigin-widget-tinymce textwidget\">\n\t<h3>Eine einheitliche geologische Geschichte<\/h3>\n<p>W\u00e4hrend die Karnische Kette zweifellos der Kern des Geoparks ist, gibt es in den umliegenden T\u00e4lern zahlreiche Gebiete und St\u00e4tten, welche die Gelegenheit bieten, geomorphologische, pal\u00e4ontologische und spel\u00e4ologische Besonderheiten zu entdecken und zu bewundern.<br \/>\nDer Grenz\u00fcberschreitende Geopark der Karnischen Alpen, der in enger Zusammenarbeit italienische und \u00f6sterreichische Institutionen vereint, wurde geschaffen, um dieses Erbe zu f\u00f6rdern und den Wissens- und Menschenaustausch zwischen den beiden Seiten der Kette zu f\u00f6rdern. Die Einheitlichkeit der geologischen Geschichte der Karnischen Alpen, die von der geopolitischen Grenze gespalten sind, r\u00fcckt damit in den Vordergrund.<br \/>\nGeologie befasst sich nicht mit den vom Menschen gesetzten Grenzen!<\/p>\n<\/div>\n<\/div><\/div><div id=\"panel-4932-0-1-4\" class=\"so-panel widget widget_sow-editor panel-last-child\" data-index=\"5\" ><div\n\t\t\t\n\t\t\tclass=\"so-widget-sow-editor so-widget-sow-editor-base\"\n\t\t\t\n\t\t>\n<div class=\"siteorigin-widget-tinymce textwidget\">\n\t<p><a class=\"pagNavNext\" href=\"\/de\/der-geopark\/was-ist-ein-geopark\/\">Was ist ein Geopark?<\/a><\/p>\n<\/div>\n<\/div><\/div><\/div><\/div><\/div><div id=\"pg-4932-1\"  class=\"panel-grid panel-has-style\" ><div class=\"pt-xl pb-xl compensaMargin-content-area siteorigin-panels-stretch panel-row-style panel-row-style-for-4932-1\" data-stretch-type=\"full\" ><div id=\"pgc-4932-1-0\"  class=\"panel-grid-cell\" ><div id=\"panel-4932-1-0-0\" class=\"so-panel widget widget_sow-editor panel-first-child\" data-index=\"6\" ><div\n\t\t\t\n\t\t\tclass=\"so-widget-sow-editor so-widget-sow-editor-base\"\n\t\t\t\n\t\t>\n<div class=\"siteorigin-widget-tinymce textwidget\">\n\t<h2> Hauptstandorte<\/h2>\n<\/div>\n<\/div><\/div><div id=\"panel-4932-1-0-1\" class=\"so-panel widget widget_siteorigin-panels-builder panel-last-child\" data-index=\"7\" ><div class=\"panel-widget-style panel-widget-style-for-4932-1-0-1\" ><div id=\"pl-w5a9ffdb0ea020\"  class=\"panel-layout\" ><div id=\"pg-w5a9ffdb0ea020-0\"  class=\"panel-grid panel-no-style\" ><div id=\"pgc-w5a9ffdb0ea020-0-0\"  class=\"panel-grid-cell\" ><div class=\"sfondoGrigio panel-cell-style panel-cell-style-for-w5a9ffdb0ea020-0-0\" ><div id=\"panel-w5a9ffdb0ea020-0-0-0\" class=\"so-panel widget widget_sow-editor panel-first-child\" data-index=\"0\" ><div\n\t\t\t\n\t\t\tclass=\"so-widget-sow-editor so-widget-sow-editor-base\"\n\t\t\t\n\t\t>\n<div class=\"siteorigin-widget-tinymce textwidget\">\n\t<p><span class=\"zona\">Sitz in Italien<\/span><\/p>\n<h3><span style=\"font-weight: normal;\">Geopark-Amt<\/span><br \/>\nUTI Karnien<\/h3>\n<\/div>\n<\/div><\/div><div id=\"panel-w5a9ffdb0ea020-0-0-1\" class=\"so-panel widget widget_pw_icon_box widget-icon-box\" data-index=\"1\" >\n\t\t\t<div class=\"icon-box\">\n\t\n\t\t<i class=\"fa  fa fa-envelope\"><\/i>\n\t\t<p class=\"icon-box__title\">info@geoparcoalpicarniche.org<\/a><\/p>\n\t\t<p class=\"icon-box__subtitle\"><\/p>\n\n\t\t\t<\/div>\n\t\n<\/div><div id=\"panel-w5a9ffdb0ea020-0-0-2\" class=\"so-panel widget widget_pw_icon_box widget-icon-box\" data-index=\"2\" >\n\t\t\t<div class=\"icon-box\">\n\t\n\t\t<i class=\"fa  fa-phone\"><\/i>\n\t\t<p class=\"icon-box__title\">+39 0433 487726<\/p>\n\t\t<p class=\"icon-box__subtitle\"><\/p>\n\n\t\t\t<\/div>\n\t\n<\/div><div id=\"panel-w5a9ffdb0ea020-0-0-3\" class=\"so-panel widget widget_pw_icon_box widget-icon-box panel-last-child\" data-index=\"3\" >\n\t\t\t<div class=\"icon-box\">\n\t\n\t\t<i class=\"fa  fa fa-map-marker\"><\/i>\n\t\t<p class=\"icon-box__title\">Via Carnia Libera 1944, n. 29  I-33028 Tolmezzo (UD) <\/p>\n\t\t<p class=\"icon-box__subtitle\"><\/p>\n\n\t\t\t<\/div>\n\t\n<\/div><\/div><\/div><div id=\"pgc-w5a9ffdb0ea020-0-1\"  class=\"panel-grid-cell\" ><div class=\"sfondoGrigio panel-cell-style panel-cell-style-for-w5a9ffdb0ea020-0-1\" ><div id=\"panel-w5a9ffdb0ea020-0-1-0\" class=\"so-panel widget widget_sow-editor panel-first-child\" data-index=\"4\" ><div\n\t\t\t\n\t\t\tclass=\"so-widget-sow-editor so-widget-sow-editor-base\"\n\t\t\t\n\t\t>\n<div class=\"siteorigin-widget-tinymce textwidget\">\n\t<p><span class=\"zona\">Sitz in \u00d6sterreich<\/span><\/p>\n<h3><span style=\"font-weight: normal;\">Besucherzentrum<\/span><br \/>\nGeopark Karnische Alpen<\/h3>\n<\/div>\n<\/div><\/div><div id=\"panel-w5a9ffdb0ea020-0-1-1\" class=\"so-panel widget widget_pw_icon_box widget-icon-box\" data-index=\"5\" >\n\t\t\t<div class=\"icon-box\">\n\t\n\t\t<i class=\"fa  fa fa-envelope\"><\/i>\n\t\t<p class=\"icon-box__title\">office@geopark-karnische-alpen.at<\/a><\/p>\n\t\t<p class=\"icon-box__subtitle\"><\/p>\n\n\t\t\t<\/div>\n\t\n<\/div><div id=\"panel-w5a9ffdb0ea020-0-1-2\" class=\"so-panel widget widget_pw_icon_box widget-icon-box\" data-index=\"6\" >\n\t\t\t<div class=\"icon-box\">\n\t\n\t\t<i class=\"fa  fa-phone\"><\/i>\n\t\t<p class=\"icon-box__title\">+43 (0) 4718 \/ 301- 17+43 (0) 4718 \/ 301- 22 +43 (0) 4718 \/ 301- 33 <\/p>\n\t\t<p class=\"icon-box__subtitle\"><\/p>\n\n\t\t\t<\/div>\n\t\n<\/div><div id=\"panel-w5a9ffdb0ea020-0-1-3\" class=\"so-panel widget widget_pw_icon_box widget-icon-box panel-last-child\" data-index=\"7\" >\n\t\t\t<div class=\"icon-box\">\n\t\n\t\t<i class=\"fa  fa fa-map-marker\"><\/i>\n\t\t<p class=\"icon-box__title\">A-9635 Dellach\/Gail 65<\/p>\n\t\t<p class=\"icon-box__subtitle\"><\/p>\n\n\t\t\t<\/div>\n\t\n<\/div><\/div><\/div><\/div><\/div><\/div><\/div><\/div><\/div><\/div><div id=\"pg-4932-2\"  class=\"panel-grid panel-has-style\" ><div class=\"pagNavRow siteorigin-panels-stretch panel-row-style panel-row-style-for-4932-2\" data-stretch-type=\"full\" ><div id=\"pgc-4932-2-0\"  class=\"panel-grid-cell\" ><div id=\"panel-4932-2-0-0\" class=\"so-panel widget widget_sow-editor panel-first-child panel-last-child\" data-index=\"8\" ><div\n\t\t\t\n\t\t\tclass=\"so-widget-sow-editor so-widget-sow-editor-base\"\n\t\t\t\n\t\t>\n<div class=\"siteorigin-widget-tinymce textwidget\">\n\t<p><a class=\"pagNavNext\" href=\"\/de\/der-geopark\/was-ist-ein-geopark\/\">Was ist ein Geopark<\/a><\/p>\n<\/div>\n<\/div><\/div><\/div><\/div><\/div><\/div>","protected":false},"excerpt":{"rendered":"<p>Der Geopark der Karnischen Alpen Grenze oder geologisches Schatzk\u00e4stchen? Die Karnische Kette auf italienischer und \u00f6sterreichischer Seite ist ein Gebiet von enormem geologischem Wert. Man muss nur sagen, dass in Italien die einzigen Felsen, die die pal\u00e4ozoische Sukzession fast vollst\u00e4ndig repr\u00e4sentieren, entlang der nord\u00f6stlichen Grenze stehen, oder dass einige der &hellip;<\/p>\n","protected":false},"author":2,"featured_media":0,"parent":0,"menu_order":14,"comment_status":"closed","ping_status":"closed","template":"","meta":{"_acf_changed":false,"inline_featured_image":false,"ngg_post_thumbnail":0,"footnotes":""},"class_list":{"0":"post-4932","1":"page","2":"type-page","3":"status-publish","5":"clearfix","6":"article"},"acf":[],"yoast_head":"<!-- This site is optimized with the Yoast SEO plugin v27.5 - https:\/\/yoast.com\/product\/yoast-seo-wordpress\/ -->\n<title>Der Geopark - Geoparco Alpi Carniche<\/title>\n<meta name=\"robots\" content=\"index, follow, max-snippet:-1, max-image-preview:large, max-video-preview:-1\" \/>\n<link rel=\"canonical\" href=\"https:\/\/www.geoparcoalpicarniche.org\/de\/der-geopark\/\" \/>\n<meta property=\"og:locale\" content=\"de_DE\" \/>\n<meta property=\"og:type\" content=\"article\" \/>\n<meta property=\"og:title\" content=\"Der Geopark - Geoparco Alpi Carniche\" \/>\n<meta property=\"og:description\" content=\"Der Geopark der Karnischen Alpen Grenze oder geologisches Schatzk\u00e4stchen? Die Karnische Kette auf italienischer und \u00f6sterreichischer Seite ist ein Gebiet von enormem geologischem Wert. Man muss nur sagen, dass in Italien die einzigen Felsen, die die pal\u00e4ozoische Sukzession fast vollst\u00e4ndig repr\u00e4sentieren, entlang der nord\u00f6stlichen Grenze stehen, oder dass einige der &hellip;\" \/>\n<meta property=\"og:url\" content=\"https:\/\/www.geoparcoalpicarniche.org\/de\/der-geopark\/\" \/>\n<meta property=\"og:site_name\" content=\"Geoparco Alpi Carniche\" \/>\n<meta property=\"article:modified_time\" content=\"2018-04-23T15:39:24+00:00\" \/>\n<meta property=\"og:image\" content=\"https:\/\/www.geoparcoalpicarniche.org\/wp-content\/uploads\/2018\/01\/Karnische-Alpen_\u00a9Ruedi_Homberger-low-1280-1024x640.jpg\" \/>\n<meta name=\"twitter:card\" content=\"summary_large_image\" \/>\n<meta name=\"twitter:label1\" content=\"Gesch\u00e4tzte Lesezeit\" \/>\n\t<meta name=\"twitter:data1\" content=\"1 minute\" \/>\n<script type=\"application\/ld+json\" class=\"yoast-schema-graph\">{\"@context\":\"https:\\\/\\\/schema.org\",\"@graph\":[{\"@type\":\"WebPage\",\"@id\":\"https:\\\/\\\/www.geoparcoalpicarniche.org\\\/de\\\/der-geopark\\\/\",\"url\":\"https:\\\/\\\/www.geoparcoalpicarniche.org\\\/de\\\/der-geopark\\\/\",\"name\":\"Der Geopark - Geoparco Alpi Carniche\",\"isPartOf\":{\"@id\":\"https:\\\/\\\/www.geoparcoalpicarniche.org\\\/de\\\/#website\"},\"datePublished\":\"2018-03-01T10:54:39+00:00\",\"dateModified\":\"2018-04-23T15:39:24+00:00\",\"breadcrumb\":{\"@id\":\"https:\\\/\\\/www.geoparcoalpicarniche.org\\\/de\\\/der-geopark\\\/#breadcrumb\"},\"inLanguage\":\"de-DE\",\"potentialAction\":[{\"@type\":\"ReadAction\",\"target\":[\"https:\\\/\\\/www.geoparcoalpicarniche.org\\\/de\\\/der-geopark\\\/\"]}]},{\"@type\":\"BreadcrumbList\",\"@id\":\"https:\\\/\\\/www.geoparcoalpicarniche.org\\\/de\\\/der-geopark\\\/#breadcrumb\",\"itemListElement\":[{\"@type\":\"ListItem\",\"position\":1,\"name\":\"Home\",\"item\":\"https:\\\/\\\/www.geoparcoalpicarniche.org\\\/de\\\/\"},{\"@type\":\"ListItem\",\"position\":2,\"name\":\"Der Geopark\"}]},{\"@type\":\"WebSite\",\"@id\":\"https:\\\/\\\/www.geoparcoalpicarniche.org\\\/de\\\/#website\",\"url\":\"https:\\\/\\\/www.geoparcoalpicarniche.org\\\/de\\\/\",\"name\":\"Geoparco Alpi Carniche\",\"description\":\"Custode del patrimonio geologico transfrontaliero\",\"potentialAction\":[{\"@type\":\"SearchAction\",\"target\":{\"@type\":\"EntryPoint\",\"urlTemplate\":\"https:\\\/\\\/www.geoparcoalpicarniche.org\\\/de\\\/?s={search_term_string}\"},\"query-input\":{\"@type\":\"PropertyValueSpecification\",\"valueRequired\":true,\"valueName\":\"search_term_string\"}}],\"inLanguage\":\"de-DE\"}]}<\/script>\n<!-- \/ Yoast SEO plugin. -->","yoast_head_json":{"title":"Der Geopark - Geoparco Alpi Carniche","robots":{"index":"index","follow":"follow","max-snippet":"max-snippet:-1","max-image-preview":"max-image-preview:large","max-video-preview":"max-video-preview:-1"},"canonical":"https:\/\/www.geoparcoalpicarniche.org\/de\/der-geopark\/","og_locale":"de_DE","og_type":"article","og_title":"Der Geopark - Geoparco Alpi Carniche","og_description":"Der Geopark der Karnischen Alpen Grenze oder geologisches Schatzk\u00e4stchen? Die Karnische Kette auf italienischer und \u00f6sterreichischer Seite ist ein Gebiet von enormem geologischem Wert. Man muss nur sagen, dass in Italien die einzigen Felsen, die die pal\u00e4ozoische Sukzession fast vollst\u00e4ndig repr\u00e4sentieren, entlang der nord\u00f6stlichen Grenze stehen, oder dass einige der &hellip;","og_url":"https:\/\/www.geoparcoalpicarniche.org\/de\/der-geopark\/","og_site_name":"Geoparco Alpi Carniche","article_modified_time":"2018-04-23T15:39:24+00:00","og_image":[{"url":"https:\/\/www.geoparcoalpicarniche.org\/wp-content\/uploads\/2018\/01\/Karnische-Alpen_\u00a9Ruedi_Homberger-low-1280-1024x640.jpg","type":"","width":"","height":""}],"twitter_card":"summary_large_image","twitter_misc":{"Gesch\u00e4tzte Lesezeit":"1 minute"},"schema":{"@context":"https:\/\/schema.org","@graph":[{"@type":"WebPage","@id":"https:\/\/www.geoparcoalpicarniche.org\/de\/der-geopark\/","url":"https:\/\/www.geoparcoalpicarniche.org\/de\/der-geopark\/","name":"Der Geopark - Geoparco Alpi Carniche","isPartOf":{"@id":"https:\/\/www.geoparcoalpicarniche.org\/de\/#website"},"datePublished":"2018-03-01T10:54:39+00:00","dateModified":"2018-04-23T15:39:24+00:00","breadcrumb":{"@id":"https:\/\/www.geoparcoalpicarniche.org\/de\/der-geopark\/#breadcrumb"},"inLanguage":"de-DE","potentialAction":[{"@type":"ReadAction","target":["https:\/\/www.geoparcoalpicarniche.org\/de\/der-geopark\/"]}]},{"@type":"BreadcrumbList","@id":"https:\/\/www.geoparcoalpicarniche.org\/de\/der-geopark\/#breadcrumb","itemListElement":[{"@type":"ListItem","position":1,"name":"Home","item":"https:\/\/www.geoparcoalpicarniche.org\/de\/"},{"@type":"ListItem","position":2,"name":"Der Geopark"}]},{"@type":"WebSite","@id":"https:\/\/www.geoparcoalpicarniche.org\/de\/#website","url":"https:\/\/www.geoparcoalpicarniche.org\/de\/","name":"Geoparco Alpi Carniche","description":"Custode del patrimonio geologico transfrontaliero","potentialAction":[{"@type":"SearchAction","target":{"@type":"EntryPoint","urlTemplate":"https:\/\/www.geoparcoalpicarniche.org\/de\/?s={search_term_string}"},"query-input":{"@type":"PropertyValueSpecification","valueRequired":true,"valueName":"search_term_string"}}],"inLanguage":"de-DE"}]}},"_links":{"self":[{"href":"https:\/\/www.geoparcoalpicarniche.org\/de\/wp-json\/wp\/v2\/pages\/4932","targetHints":{"allow":["GET"]}}],"collection":[{"href":"https:\/\/www.geoparcoalpicarniche.org\/de\/wp-json\/wp\/v2\/pages"}],"about":[{"href":"https:\/\/www.geoparcoalpicarniche.org\/de\/wp-json\/wp\/v2\/types\/page"}],"author":[{"embeddable":true,"href":"https:\/\/www.geoparcoalpicarniche.org\/de\/wp-json\/wp\/v2\/users\/2"}],"replies":[{"embeddable":true,"href":"https:\/\/www.geoparcoalpicarniche.org\/de\/wp-json\/wp\/v2\/comments?post=4932"}],"version-history":[{"count":5,"href":"https:\/\/www.geoparcoalpicarniche.org\/de\/wp-json\/wp\/v2\/pages\/4932\/revisions"}],"predecessor-version":[{"id":8334,"href":"https:\/\/www.geoparcoalpicarniche.org\/de\/wp-json\/wp\/v2\/pages\/4932\/revisions\/8334"}],"wp:attachment":[{"href":"https:\/\/www.geoparcoalpicarniche.org\/de\/wp-json\/wp\/v2\/media?parent=4932"}],"curies":[{"name":"wp","href":"https:\/\/api.w.org\/{rel}","templated":true}]}}