{"id":4925,"date":"2018-03-01T11:52:01","date_gmt":"2018-03-01T10:52:01","guid":{"rendered":"https:\/\/www.geoparcoalpicarniche.org\/?page_id=4925"},"modified":"2018-04-26T16:26:06","modified_gmt":"2018-04-26T14:26:06","slug":"geotrails","status":"publish","type":"page","link":"https:\/\/www.geoparcoalpicarniche.org\/de\/erlebnis-erdgeschichte\/geotrails\/","title":{"rendered":"Geotrails"},"content":{"rendered":"<div id=\"pl-4925\"  class=\"panel-layout\" ><div id=\"pg-4925-0\"  class=\"panel-grid panel-no-style\" ><div id=\"pgc-4925-0-0\"  class=\"panel-grid-cell\" ><div id=\"panel-4925-0-0-0\" class=\"so-panel widget widget_sow-editor panel-first-child panel-last-child\" data-index=\"0\" ><div\n\t\t\t\n\t\t\tclass=\"so-widget-sow-editor so-widget-sow-editor-base\"\n\t\t\t\n\t\t>\n<div class=\"siteorigin-widget-tinymce textwidget\">\n\t<h2>Geotrails<\/h2>\n<p>Der Grenz\u00fcberschreitende Geopark offeriert ein breites Angebot an geologischen Themenwanderungen, auf denen man die unterschiedlichen geologischen Besonderheiten des Territoriums bestaunen und kennenlernen kann.<\/p>\n<\/div>\n<\/div><\/div><\/div><div id=\"pgc-4925-0-1\"  class=\"panel-grid-cell\" ><div id=\"panel-4925-0-1-0\" class=\"so-panel widget widget_sow-editor panel-first-child panel-last-child\" data-index=\"1\" ><div\n\t\t\t\n\t\t\tclass=\"so-widget-sow-editor so-widget-sow-editor-base\"\n\t\t\t\n\t\t>\n<div class=\"siteorigin-widget-tinymce textwidget\">\n\t<div id='gallery-1' class='gallery galleryid-4925 gallery-columns-1 gallery-size-large'><figure class='gallery-item'>\n\t\t\t<div class='gallery-icon landscape'>\n\t\t\t\t<a href='https:\/\/www.geoparcoalpicarniche.org\/wp-content\/uploads\/2018\/01\/Copertina-Geotrails-1280.jpg'><img loading=\"lazy\" decoding=\"async\" width=\"1024\" height=\"512\" src=\"https:\/\/www.geoparcoalpicarniche.org\/wp-content\/uploads\/2018\/01\/Copertina-Geotrails-1280-1024x512.jpg\" class=\"attachment-large size-large\" alt=\"\" srcset=\"https:\/\/www.geoparcoalpicarniche.org\/wp-content\/uploads\/2018\/01\/Copertina-Geotrails-1280-1024x512.jpg 1024w, https:\/\/www.geoparcoalpicarniche.org\/wp-content\/uploads\/2018\/01\/Copertina-Geotrails-1280-300x150.jpg 300w, https:\/\/www.geoparcoalpicarniche.org\/wp-content\/uploads\/2018\/01\/Copertina-Geotrails-1280-768x384.jpg 768w, https:\/\/www.geoparcoalpicarniche.org\/wp-content\/uploads\/2018\/01\/Copertina-Geotrails-1280-350x175.jpg 350w, https:\/\/www.geoparcoalpicarniche.org\/wp-content\/uploads\/2018\/01\/Copertina-Geotrails-1280.jpg 1280w\" sizes=\"auto, (max-width: 1024px) 100vw, 1024px\" \/><\/a>\n\t\t\t<\/div><\/figure>\n\t\t<\/div>\n\n<\/div>\n<\/div><\/div><\/div><\/div><div id=\"pg-4925-1\"  class=\"panel-grid panel-no-style\" ><div id=\"pgc-4925-1-0\"  class=\"panel-grid-cell\" ><div id=\"panel-4925-1-0-0\" class=\"so-panel widget widget_sow-editor panel-first-child panel-last-child\" data-index=\"2\" ><div\n\t\t\t\n\t\t\tclass=\"so-widget-sow-editor so-widget-sow-editor-base\"\n\t\t\t\n\t\t>\n<div class=\"siteorigin-widget-tinymce textwidget\">\n\t<p>Mit Hilfe der Suchfilter kann man Vorschl\u00e4ge f\u00fcr die, den pers\u00f6nlichen Interessen oder M\u00f6glichkeiten entsprechend, geeignetste Exkursion finden: von ausgedehnten Wanderungen, \u00fcber anspruchsvolle (aber nie alpinistische) Pfade, bis zu kurzen einfachen Spazierg\u00e4ngen im Tal (den Kategorien des Italienischen Alpenvereins CAI entsprechend) .<\/p>\n<p>F\u00fcr jeden Vorschlag werden der genaue Streckenverlauf und Details zu den einzelnen Haltepunkte angegeben. Haltepunkte sind Stellen, an denen man geologische Besonderheiten des Gebietes entdecken kann. Weiters werden Empfehlungen f\u00fcr die erforderliche Ausr\u00fcstung, die beste Jahreszeit f\u00fcr den Ausflug und die H\u00f6henmeter angegeben.<\/p>\n<p>Geotrails sind Streckenverl\u00e4ufe, die vorwiegend \u00fcber Wege in niederen, mittleren oder hohen Lagen f\u00fchren. Sie weisen unterschiedliche Schwierigkeitsgrade auf, erfordern jedoch, wie jede Wanderung, eine gewisse Aufmerksamkeit. <strong>W\u00e4hlen Sie ihren Geotrail unter Ber\u00fccksichtigung der pers\u00f6nlichen F\u00e4higkeiten und achten Sie darauf immer geeignete Kleidung und Ausr\u00fcstung mitzuf\u00fchren!<\/strong><\/p>\n<\/div>\n<\/div><\/div><\/div><\/div><\/div>","protected":false},"excerpt":{"rendered":"<p>Geotrails Der Grenz\u00fcberschreitende Geopark offeriert ein breites Angebot an geologischen Themenwanderungen, auf denen man die unterschiedlichen geologischen Besonderheiten des Territoriums bestaunen und kennenlernen kann. Mit Hilfe der Suchfilter kann man Vorschl\u00e4ge f\u00fcr die, den pers\u00f6nlichen Interessen oder M\u00f6glichkeiten entsprechend, geeignetste Exkursion finden: von ausgedehnten Wanderungen, \u00fcber anspruchsvolle (aber nie alpinistische) &hellip;<\/p>\n","protected":false},"author":2,"featured_media":0,"parent":5000,"menu_order":121,"comment_status":"closed","ping_status":"closed","template":"geotrails.php","meta":{"_acf_changed":false,"inline_featured_image":false,"ngg_post_thumbnail":0,"footnotes":""},"class_list":{"0":"post-4925","1":"page","2":"type-page","3":"status-publish","5":"clearfix","6":"article"},"acf":[],"yoast_head":"<!-- This site is optimized with the Yoast SEO plugin v27.5 - https:\/\/yoast.com\/product\/yoast-seo-wordpress\/ -->\n<title>Geotrails - Geoparco Alpi Carniche<\/title>\n<meta name=\"robots\" content=\"index, follow, max-snippet:-1, max-image-preview:large, max-video-preview:-1\" \/>\n<link rel=\"canonical\" href=\"https:\/\/www.geoparcoalpicarniche.org\/de\/erlebnis-erdgeschichte\/geotrails\/\" \/>\n<meta property=\"og:locale\" content=\"de_DE\" \/>\n<meta property=\"og:type\" content=\"article\" \/>\n<meta property=\"og:title\" content=\"Geotrails - Geoparco Alpi Carniche\" \/>\n<meta property=\"og:description\" content=\"Geotrails Der Grenz\u00fcberschreitende Geopark offeriert ein breites Angebot an geologischen Themenwanderungen, auf denen man die unterschiedlichen geologischen Besonderheiten des Territoriums bestaunen und kennenlernen kann. Mit Hilfe der Suchfilter kann man Vorschl\u00e4ge f\u00fcr die, den pers\u00f6nlichen Interessen oder M\u00f6glichkeiten entsprechend, geeignetste Exkursion finden: von ausgedehnten Wanderungen, \u00fcber anspruchsvolle (aber nie alpinistische) &hellip;\" \/>\n<meta property=\"og:url\" content=\"https:\/\/www.geoparcoalpicarniche.org\/de\/erlebnis-erdgeschichte\/geotrails\/\" \/>\n<meta property=\"og:site_name\" content=\"Geoparco Alpi Carniche\" \/>\n<meta property=\"article:modified_time\" content=\"2018-04-26T14:26:06+00:00\" \/>\n<meta property=\"og:image\" content=\"https:\/\/www.geoparcoalpicarniche.org\/wp-content\/uploads\/2018\/01\/Copertina-Geotrails-1280-1024x512.jpg\" \/>\n<meta name=\"twitter:card\" content=\"summary_large_image\" \/>\n<meta name=\"twitter:label1\" content=\"Gesch\u00e4tzte Lesezeit\" \/>\n\t<meta name=\"twitter:data1\" content=\"1 minute\" \/>\n<script type=\"application\/ld+json\" class=\"yoast-schema-graph\">{\"@context\":\"https:\\\/\\\/schema.org\",\"@graph\":[{\"@type\":\"WebPage\",\"@id\":\"https:\\\/\\\/www.geoparcoalpicarniche.org\\\/de\\\/erlebnis-erdgeschichte\\\/geotrails\\\/\",\"url\":\"https:\\\/\\\/www.geoparcoalpicarniche.org\\\/de\\\/erlebnis-erdgeschichte\\\/geotrails\\\/\",\"name\":\"Geotrails - Geoparco Alpi Carniche\",\"isPartOf\":{\"@id\":\"https:\\\/\\\/www.geoparcoalpicarniche.org\\\/de\\\/#website\"},\"datePublished\":\"2018-03-01T10:52:01+00:00\",\"dateModified\":\"2018-04-26T14:26:06+00:00\",\"breadcrumb\":{\"@id\":\"https:\\\/\\\/www.geoparcoalpicarniche.org\\\/de\\\/erlebnis-erdgeschichte\\\/geotrails\\\/#breadcrumb\"},\"inLanguage\":\"de-DE\",\"potentialAction\":[{\"@type\":\"ReadAction\",\"target\":[\"https:\\\/\\\/www.geoparcoalpicarniche.org\\\/de\\\/erlebnis-erdgeschichte\\\/geotrails\\\/\"]}]},{\"@type\":\"BreadcrumbList\",\"@id\":\"https:\\\/\\\/www.geoparcoalpicarniche.org\\\/de\\\/erlebnis-erdgeschichte\\\/geotrails\\\/#breadcrumb\",\"itemListElement\":[{\"@type\":\"ListItem\",\"position\":1,\"name\":\"Home\",\"item\":\"https:\\\/\\\/www.geoparcoalpicarniche.org\\\/de\\\/\"},{\"@type\":\"ListItem\",\"position\":2,\"name\":\"Erlebnis Erdgeschichte\",\"item\":\"https:\\\/\\\/www.geoparcoalpicarniche.org\\\/de\\\/erlebnis-erdgeschichte\\\/\"},{\"@type\":\"ListItem\",\"position\":3,\"name\":\"Geotrails\"}]},{\"@type\":\"WebSite\",\"@id\":\"https:\\\/\\\/www.geoparcoalpicarniche.org\\\/de\\\/#website\",\"url\":\"https:\\\/\\\/www.geoparcoalpicarniche.org\\\/de\\\/\",\"name\":\"Geoparco Alpi Carniche\",\"description\":\"Custode del patrimonio geologico transfrontaliero\",\"potentialAction\":[{\"@type\":\"SearchAction\",\"target\":{\"@type\":\"EntryPoint\",\"urlTemplate\":\"https:\\\/\\\/www.geoparcoalpicarniche.org\\\/de\\\/?s={search_term_string}\"},\"query-input\":{\"@type\":\"PropertyValueSpecification\",\"valueRequired\":true,\"valueName\":\"search_term_string\"}}],\"inLanguage\":\"de-DE\"}]}<\/script>\n<!-- \/ Yoast SEO plugin. -->","yoast_head_json":{"title":"Geotrails - Geoparco Alpi Carniche","robots":{"index":"index","follow":"follow","max-snippet":"max-snippet:-1","max-image-preview":"max-image-preview:large","max-video-preview":"max-video-preview:-1"},"canonical":"https:\/\/www.geoparcoalpicarniche.org\/de\/erlebnis-erdgeschichte\/geotrails\/","og_locale":"de_DE","og_type":"article","og_title":"Geotrails - Geoparco Alpi Carniche","og_description":"Geotrails Der Grenz\u00fcberschreitende Geopark offeriert ein breites Angebot an geologischen Themenwanderungen, auf denen man die unterschiedlichen geologischen Besonderheiten des Territoriums bestaunen und kennenlernen kann. Mit Hilfe der Suchfilter kann man Vorschl\u00e4ge f\u00fcr die, den pers\u00f6nlichen Interessen oder M\u00f6glichkeiten entsprechend, geeignetste Exkursion finden: von ausgedehnten Wanderungen, \u00fcber anspruchsvolle (aber nie alpinistische) &hellip;","og_url":"https:\/\/www.geoparcoalpicarniche.org\/de\/erlebnis-erdgeschichte\/geotrails\/","og_site_name":"Geoparco Alpi Carniche","article_modified_time":"2018-04-26T14:26:06+00:00","og_image":[{"url":"https:\/\/www.geoparcoalpicarniche.org\/wp-content\/uploads\/2018\/01\/Copertina-Geotrails-1280-1024x512.jpg","type":"","width":"","height":""}],"twitter_card":"summary_large_image","twitter_misc":{"Gesch\u00e4tzte Lesezeit":"1 minute"},"schema":{"@context":"https:\/\/schema.org","@graph":[{"@type":"WebPage","@id":"https:\/\/www.geoparcoalpicarniche.org\/de\/erlebnis-erdgeschichte\/geotrails\/","url":"https:\/\/www.geoparcoalpicarniche.org\/de\/erlebnis-erdgeschichte\/geotrails\/","name":"Geotrails - Geoparco Alpi Carniche","isPartOf":{"@id":"https:\/\/www.geoparcoalpicarniche.org\/de\/#website"},"datePublished":"2018-03-01T10:52:01+00:00","dateModified":"2018-04-26T14:26:06+00:00","breadcrumb":{"@id":"https:\/\/www.geoparcoalpicarniche.org\/de\/erlebnis-erdgeschichte\/geotrails\/#breadcrumb"},"inLanguage":"de-DE","potentialAction":[{"@type":"ReadAction","target":["https:\/\/www.geoparcoalpicarniche.org\/de\/erlebnis-erdgeschichte\/geotrails\/"]}]},{"@type":"BreadcrumbList","@id":"https:\/\/www.geoparcoalpicarniche.org\/de\/erlebnis-erdgeschichte\/geotrails\/#breadcrumb","itemListElement":[{"@type":"ListItem","position":1,"name":"Home","item":"https:\/\/www.geoparcoalpicarniche.org\/de\/"},{"@type":"ListItem","position":2,"name":"Erlebnis Erdgeschichte","item":"https:\/\/www.geoparcoalpicarniche.org\/de\/erlebnis-erdgeschichte\/"},{"@type":"ListItem","position":3,"name":"Geotrails"}]},{"@type":"WebSite","@id":"https:\/\/www.geoparcoalpicarniche.org\/de\/#website","url":"https:\/\/www.geoparcoalpicarniche.org\/de\/","name":"Geoparco Alpi Carniche","description":"Custode del patrimonio geologico transfrontaliero","potentialAction":[{"@type":"SearchAction","target":{"@type":"EntryPoint","urlTemplate":"https:\/\/www.geoparcoalpicarniche.org\/de\/?s={search_term_string}"},"query-input":{"@type":"PropertyValueSpecification","valueRequired":true,"valueName":"search_term_string"}}],"inLanguage":"de-DE"}]}},"_links":{"self":[{"href":"https:\/\/www.geoparcoalpicarniche.org\/de\/wp-json\/wp\/v2\/pages\/4925","targetHints":{"allow":["GET"]}}],"collection":[{"href":"https:\/\/www.geoparcoalpicarniche.org\/de\/wp-json\/wp\/v2\/pages"}],"about":[{"href":"https:\/\/www.geoparcoalpicarniche.org\/de\/wp-json\/wp\/v2\/types\/page"}],"author":[{"embeddable":true,"href":"https:\/\/www.geoparcoalpicarniche.org\/de\/wp-json\/wp\/v2\/users\/2"}],"replies":[{"embeddable":true,"href":"https:\/\/www.geoparcoalpicarniche.org\/de\/wp-json\/wp\/v2\/comments?post=4925"}],"version-history":[{"count":5,"href":"https:\/\/www.geoparcoalpicarniche.org\/de\/wp-json\/wp\/v2\/pages\/4925\/revisions"}],"predecessor-version":[{"id":8454,"href":"https:\/\/www.geoparcoalpicarniche.org\/de\/wp-json\/wp\/v2\/pages\/4925\/revisions\/8454"}],"up":[{"embeddable":true,"href":"https:\/\/www.geoparcoalpicarniche.org\/de\/wp-json\/wp\/v2\/pages\/5000"}],"wp:attachment":[{"href":"https:\/\/www.geoparcoalpicarniche.org\/de\/wp-json\/wp\/v2\/media?parent=4925"}],"curies":[{"name":"wp","href":"https:\/\/api.w.org\/{rel}","templated":true}]}}