{"id":4916,"date":"2018-03-01T11:49:53","date_gmt":"2018-03-01T10:49:53","guid":{"rendered":"https:\/\/www.geoparcoalpicarniche.org\/?page_id=4916"},"modified":"2018-04-26T14:55:29","modified_gmt":"2018-04-26T12:55:29","slug":"museen-und-besucherzentren","status":"publish","type":"page","link":"https:\/\/www.geoparcoalpicarniche.org\/de\/erlebnis-erdgeschichte\/museen-und-besucherzentren\/","title":{"rendered":"Museen und Besucherzentren"},"content":{"rendered":"<div id=\"pl-4916\"  class=\"panel-layout\" ><div id=\"pg-4916-0\"  class=\"panel-grid panel-no-style\" ><div id=\"pgc-4916-0-0\"  class=\"panel-grid-cell\" ><div id=\"panel-4916-0-0-0\" class=\"so-panel widget widget_sow-editor panel-first-child panel-last-child\" data-index=\"0\" ><div\n\t\t\t\n\t\t\tclass=\"so-widget-sow-editor so-widget-sow-editor-base\"\n\t\t\t\n\t\t>\n<div class=\"siteorigin-widget-tinymce textwidget\">\n\t<h2>Museen und Besucherzentren<\/h2>\n<p><strong>Im Gebiet des grenz\u00fcbergreifenden Geoparks der Karnischen Alpen findet man auch:<\/strong><\/p>\n<p><strong> Museen und st\u00e4ndige Ausstellungen, <\/strong>um das herausragende geologische und pal\u00e4ontologische Erbe des Gebietes kennenzulernen.<\/p>\n<p><strong>Besucherzentren, <\/strong>die sich dem Experimentieren und der Wahrnehmung widmen, wo man das Wissen \u00fcber einige der Ph\u00e4nomene, die kennzeichnend f\u00fcr das Territorium sind vertiefen kann, die dann bei gef\u00fchrten oder individuellen Ausfl\u00fcgen in der Natur beobachtet werden k\u00f6nnen.<\/p>\n<p><strong>Infopoints<\/strong> um sich innerhalb des Geoparks zu orientieren und \u00fcber die n\u00e4chstgelegenen Ereignisse zu informieren.<\/p>\n<\/div>\n<\/div><\/div><\/div><\/div><\/div>","protected":false},"excerpt":{"rendered":"<p>Museen und Besucherzentren Im Gebiet des grenz\u00fcbergreifenden Geoparks der Karnischen Alpen findet man auch: Museen und st\u00e4ndige Ausstellungen, um das herausragende geologische und pal\u00e4ontologische Erbe des Gebietes kennenzulernen. Besucherzentren, die sich dem Experimentieren und der Wahrnehmung widmen, wo man das Wissen \u00fcber einige der Ph\u00e4nomene, die kennzeichnend f\u00fcr das Territorium &hellip;<\/p>\n","protected":false},"author":2,"featured_media":0,"parent":5000,"menu_order":114,"comment_status":"closed","ping_status":"closed","template":"centri-visite.php","meta":{"_acf_changed":false,"inline_featured_image":false,"ngg_post_thumbnail":0,"footnotes":""},"class_list":{"0":"post-4916","1":"page","2":"type-page","3":"status-publish","5":"clearfix","6":"article"},"acf":[],"yoast_head":"<!-- This site is optimized with the Yoast SEO plugin v27.5 - https:\/\/yoast.com\/product\/yoast-seo-wordpress\/ -->\n<title>Museen und Besucherzentren - Geoparco Alpi Carniche<\/title>\n<meta name=\"robots\" content=\"index, follow, max-snippet:-1, max-image-preview:large, max-video-preview:-1\" \/>\n<link rel=\"canonical\" href=\"https:\/\/www.geoparcoalpicarniche.org\/de\/erlebnis-erdgeschichte\/museen-und-besucherzentren\/\" \/>\n<meta property=\"og:locale\" content=\"de_DE\" \/>\n<meta property=\"og:type\" content=\"article\" \/>\n<meta property=\"og:title\" content=\"Museen und Besucherzentren - Geoparco Alpi Carniche\" \/>\n<meta property=\"og:description\" content=\"Museen und Besucherzentren Im Gebiet des grenz\u00fcbergreifenden Geoparks der Karnischen Alpen findet man auch: Museen und st\u00e4ndige Ausstellungen, um das herausragende geologische und pal\u00e4ontologische Erbe des Gebietes kennenzulernen. Besucherzentren, die sich dem Experimentieren und der Wahrnehmung widmen, wo man das Wissen \u00fcber einige der Ph\u00e4nomene, die kennzeichnend f\u00fcr das Territorium &hellip;\" \/>\n<meta property=\"og:url\" content=\"https:\/\/www.geoparcoalpicarniche.org\/de\/erlebnis-erdgeschichte\/museen-und-besucherzentren\/\" \/>\n<meta property=\"og:site_name\" content=\"Geoparco Alpi Carniche\" \/>\n<meta property=\"article:modified_time\" content=\"2018-04-26T12:55:29+00:00\" \/>\n<meta name=\"twitter:card\" content=\"summary_large_image\" \/>\n<script type=\"application\/ld+json\" class=\"yoast-schema-graph\">{\"@context\":\"https:\\\/\\\/schema.org\",\"@graph\":[{\"@type\":\"WebPage\",\"@id\":\"https:\\\/\\\/www.geoparcoalpicarniche.org\\\/de\\\/erlebnis-erdgeschichte\\\/museen-und-besucherzentren\\\/\",\"url\":\"https:\\\/\\\/www.geoparcoalpicarniche.org\\\/de\\\/erlebnis-erdgeschichte\\\/museen-und-besucherzentren\\\/\",\"name\":\"Museen und Besucherzentren - Geoparco Alpi Carniche\",\"isPartOf\":{\"@id\":\"https:\\\/\\\/www.geoparcoalpicarniche.org\\\/de\\\/#website\"},\"datePublished\":\"2018-03-01T10:49:53+00:00\",\"dateModified\":\"2018-04-26T12:55:29+00:00\",\"breadcrumb\":{\"@id\":\"https:\\\/\\\/www.geoparcoalpicarniche.org\\\/de\\\/erlebnis-erdgeschichte\\\/museen-und-besucherzentren\\\/#breadcrumb\"},\"inLanguage\":\"de-DE\",\"potentialAction\":[{\"@type\":\"ReadAction\",\"target\":[\"https:\\\/\\\/www.geoparcoalpicarniche.org\\\/de\\\/erlebnis-erdgeschichte\\\/museen-und-besucherzentren\\\/\"]}]},{\"@type\":\"BreadcrumbList\",\"@id\":\"https:\\\/\\\/www.geoparcoalpicarniche.org\\\/de\\\/erlebnis-erdgeschichte\\\/museen-und-besucherzentren\\\/#breadcrumb\",\"itemListElement\":[{\"@type\":\"ListItem\",\"position\":1,\"name\":\"Home\",\"item\":\"https:\\\/\\\/www.geoparcoalpicarniche.org\\\/de\\\/\"},{\"@type\":\"ListItem\",\"position\":2,\"name\":\"Erlebnis Erdgeschichte\",\"item\":\"https:\\\/\\\/www.geoparcoalpicarniche.org\\\/de\\\/erlebnis-erdgeschichte\\\/\"},{\"@type\":\"ListItem\",\"position\":3,\"name\":\"Museen und Besucherzentren\"}]},{\"@type\":\"WebSite\",\"@id\":\"https:\\\/\\\/www.geoparcoalpicarniche.org\\\/de\\\/#website\",\"url\":\"https:\\\/\\\/www.geoparcoalpicarniche.org\\\/de\\\/\",\"name\":\"Geoparco Alpi Carniche\",\"description\":\"Custode del patrimonio geologico transfrontaliero\",\"potentialAction\":[{\"@type\":\"SearchAction\",\"target\":{\"@type\":\"EntryPoint\",\"urlTemplate\":\"https:\\\/\\\/www.geoparcoalpicarniche.org\\\/de\\\/?s={search_term_string}\"},\"query-input\":{\"@type\":\"PropertyValueSpecification\",\"valueRequired\":true,\"valueName\":\"search_term_string\"}}],\"inLanguage\":\"de-DE\"}]}<\/script>\n<!-- \/ Yoast SEO plugin. -->","yoast_head_json":{"title":"Museen und Besucherzentren - Geoparco Alpi Carniche","robots":{"index":"index","follow":"follow","max-snippet":"max-snippet:-1","max-image-preview":"max-image-preview:large","max-video-preview":"max-video-preview:-1"},"canonical":"https:\/\/www.geoparcoalpicarniche.org\/de\/erlebnis-erdgeschichte\/museen-und-besucherzentren\/","og_locale":"de_DE","og_type":"article","og_title":"Museen und Besucherzentren - Geoparco Alpi Carniche","og_description":"Museen und Besucherzentren Im Gebiet des grenz\u00fcbergreifenden Geoparks der Karnischen Alpen findet man auch: Museen und st\u00e4ndige Ausstellungen, um das herausragende geologische und pal\u00e4ontologische Erbe des Gebietes kennenzulernen. Besucherzentren, die sich dem Experimentieren und der Wahrnehmung widmen, wo man das Wissen \u00fcber einige der Ph\u00e4nomene, die kennzeichnend f\u00fcr das Territorium &hellip;","og_url":"https:\/\/www.geoparcoalpicarniche.org\/de\/erlebnis-erdgeschichte\/museen-und-besucherzentren\/","og_site_name":"Geoparco Alpi Carniche","article_modified_time":"2018-04-26T12:55:29+00:00","twitter_card":"summary_large_image","schema":{"@context":"https:\/\/schema.org","@graph":[{"@type":"WebPage","@id":"https:\/\/www.geoparcoalpicarniche.org\/de\/erlebnis-erdgeschichte\/museen-und-besucherzentren\/","url":"https:\/\/www.geoparcoalpicarniche.org\/de\/erlebnis-erdgeschichte\/museen-und-besucherzentren\/","name":"Museen und Besucherzentren - Geoparco Alpi Carniche","isPartOf":{"@id":"https:\/\/www.geoparcoalpicarniche.org\/de\/#website"},"datePublished":"2018-03-01T10:49:53+00:00","dateModified":"2018-04-26T12:55:29+00:00","breadcrumb":{"@id":"https:\/\/www.geoparcoalpicarniche.org\/de\/erlebnis-erdgeschichte\/museen-und-besucherzentren\/#breadcrumb"},"inLanguage":"de-DE","potentialAction":[{"@type":"ReadAction","target":["https:\/\/www.geoparcoalpicarniche.org\/de\/erlebnis-erdgeschichte\/museen-und-besucherzentren\/"]}]},{"@type":"BreadcrumbList","@id":"https:\/\/www.geoparcoalpicarniche.org\/de\/erlebnis-erdgeschichte\/museen-und-besucherzentren\/#breadcrumb","itemListElement":[{"@type":"ListItem","position":1,"name":"Home","item":"https:\/\/www.geoparcoalpicarniche.org\/de\/"},{"@type":"ListItem","position":2,"name":"Erlebnis Erdgeschichte","item":"https:\/\/www.geoparcoalpicarniche.org\/de\/erlebnis-erdgeschichte\/"},{"@type":"ListItem","position":3,"name":"Museen und Besucherzentren"}]},{"@type":"WebSite","@id":"https:\/\/www.geoparcoalpicarniche.org\/de\/#website","url":"https:\/\/www.geoparcoalpicarniche.org\/de\/","name":"Geoparco Alpi Carniche","description":"Custode del patrimonio geologico transfrontaliero","potentialAction":[{"@type":"SearchAction","target":{"@type":"EntryPoint","urlTemplate":"https:\/\/www.geoparcoalpicarniche.org\/de\/?s={search_term_string}"},"query-input":{"@type":"PropertyValueSpecification","valueRequired":true,"valueName":"search_term_string"}}],"inLanguage":"de-DE"}]}},"_links":{"self":[{"href":"https:\/\/www.geoparcoalpicarniche.org\/de\/wp-json\/wp\/v2\/pages\/4916","targetHints":{"allow":["GET"]}}],"collection":[{"href":"https:\/\/www.geoparcoalpicarniche.org\/de\/wp-json\/wp\/v2\/pages"}],"about":[{"href":"https:\/\/www.geoparcoalpicarniche.org\/de\/wp-json\/wp\/v2\/types\/page"}],"author":[{"embeddable":true,"href":"https:\/\/www.geoparcoalpicarniche.org\/de\/wp-json\/wp\/v2\/users\/2"}],"replies":[{"embeddable":true,"href":"https:\/\/www.geoparcoalpicarniche.org\/de\/wp-json\/wp\/v2\/comments?post=4916"}],"version-history":[{"count":5,"href":"https:\/\/www.geoparcoalpicarniche.org\/de\/wp-json\/wp\/v2\/pages\/4916\/revisions"}],"predecessor-version":[{"id":8424,"href":"https:\/\/www.geoparcoalpicarniche.org\/de\/wp-json\/wp\/v2\/pages\/4916\/revisions\/8424"}],"up":[{"embeddable":true,"href":"https:\/\/www.geoparcoalpicarniche.org\/de\/wp-json\/wp\/v2\/pages\/5000"}],"wp:attachment":[{"href":"https:\/\/www.geoparcoalpicarniche.org\/de\/wp-json\/wp\/v2\/media?parent=4916"}],"curies":[{"name":"wp","href":"https:\/\/api.w.org\/{rel}","templated":true}]}}